{"id":2111,"date":"2017-01-20T18:00:41","date_gmt":"2017-01-20T18:00:41","guid":{"rendered":"http:\/\/photostory.dk\/?page_id=2111"},"modified":"2017-01-20T18:00:57","modified_gmt":"2017-01-20T18:00:57","slug":"skolen-er-et-vigtigt-sted","status":"publish","type":"page","link":"https:\/\/www.photostory.dk\/?page_id=2111","title":{"rendered":"&#8220;Skolen er et vigtigt sted&#8221;"},"content":{"rendered":"<p style=\"text-align: center;\"><a href=\"http:\/\/photostory.dk\/wp-content\/uploads\/2017\/01\/skolen-er-et-vigtgt-sted.jpg\"><img decoding=\"async\" loading=\"lazy\" class=\"size-full wp-image-2112 aligncenter\" src=\"http:\/\/photostory.dk\/wp-content\/uploads\/2017\/01\/skolen-er-et-vigtgt-sted.jpg\" alt=\"\" width=\"400\" height=\"564\" srcset=\"https:\/\/www.photostory.dk\/wp-content\/uploads\/2017\/01\/skolen-er-et-vigtgt-sted.jpg 400w, https:\/\/www.photostory.dk\/wp-content\/uploads\/2017\/01\/skolen-er-et-vigtgt-sted-156x220.jpg 156w\" sizes=\"(max-width: 400px) 100vw, 400px\" \/><\/a><\/p>\n<p style=\"text-align: center;\">Costa Karlslunde Digte 1981<\/p>\n<p style=\"text-align: center;\"><strong>&#8220;Skolen er et vigtigt sted&#8221;<\/strong><\/p>\n<p style=\"text-align: center;\">Skolen er et vigtigt sted<br \/>\nbare vi ku komme af sted<br \/>\np\u00e5 en lille lejrskole<br \/>\nmen det m\u00e5 vi ikke<br \/>\nf\u00f8r i syvende klasse<\/p>\n<p style=\"text-align: center;\">skolen den er stor<br \/>\nder er mange b\u00f8rn<br \/>\nsom der g\u00e5r i skole<br \/>\ni vor lille by<\/p>\n<p style=\"text-align: center;\">l\u00e6rere, l\u00e6rere alle vegne<br \/>\nkan man ikke v\u00e6re i fred<br \/>\nbare en gang imellem?<\/p>\n<p>\u201cCosta Karlslunde Digte 1981\u201d var en del af et undervisningsprojekt i 1981 p\u00e5\u00a0Karlslunde Skole\u00a0om\u00a0lokalmilj\u00f8er i bl.a. Aved\u00f8re, Lyngby\u00a0og Karlslunde. De her gengivne digte m.m. er fra Karlslunde og omegn\u00a0og udf\u00f8rt af eleverne fra 5, 6 og 7. klasse.<\/p>\n<p style=\"text-align: center;\"><a href=\"http:\/\/photostory.dk\/?page_id=835\">Oversigt Costa Karlslunde Digte 1981. Skoledigte<\/a><\/p>\n","protected":false},"excerpt":{"rendered":"<p>Costa Karlslunde Digte 1981 &#8220;Skolen er et vigtigt sted&#8221; Skolen er et vigtigt sted bare vi ku komme af sted p\u00e5 en lille lejrskole men det m\u00e5 vi ikke f\u00f8r i syvende klasse skolen den er stor der er mange b\u00f8rn som der g\u00e5r i skole i vor lille by l\u00e6rere, l\u00e6rere alle vegne kan &hellip; <a href=\"https:\/\/www.photostory.dk\/?page_id=2111\" class=\"more-link\">L\u00e6s mere <span class=\"screen-reader-text\">&#8220;Skolen er et vigtigt sted&#8221;<\/span><\/a><\/p>\n","protected":false},"author":1,"featured_media":0,"parent":0,"menu_order":0,"comment_status":"closed","ping_status":"closed","template":"","meta":[],"_links":{"self":[{"href":"https:\/\/www.photostory.dk\/index.php?rest_route=\/wp\/v2\/pages\/2111"}],"collection":[{"href":"https:\/\/www.photostory.dk\/index.php?rest_route=\/wp\/v2\/pages"}],"about":[{"href":"https:\/\/www.photostory.dk\/index.php?rest_route=\/wp\/v2\/types\/page"}],"author":[{"embeddable":true,"href":"https:\/\/www.photostory.dk\/index.php?rest_route=\/wp\/v2\/users\/1"}],"replies":[{"embeddable":true,"href":"https:\/\/www.photostory.dk\/index.php?rest_route=%2Fwp%2Fv2%2Fcomments&post=2111"}],"version-history":[{"count":5,"href":"https:\/\/www.photostory.dk\/index.php?rest_route=\/wp\/v2\/pages\/2111\/revisions"}],"predecessor-version":[{"id":2118,"href":"https:\/\/www.photostory.dk\/index.php?rest_route=\/wp\/v2\/pages\/2111\/revisions\/2118"}],"wp:attachment":[{"href":"https:\/\/www.photostory.dk\/index.php?rest_route=%2Fwp%2Fv2%2Fmedia&parent=2111"}],"curies":[{"name":"wp","href":"https:\/\/api.w.org\/{rel}","templated":true}]}}