{"id":2103,"date":"2017-01-20T17:39:54","date_gmt":"2017-01-20T17:39:54","guid":{"rendered":"http:\/\/photostory.dk\/?page_id=2103"},"modified":"2017-01-20T17:41:12","modified_gmt":"2017-01-20T17:41:12","slug":"en-dag-i-maj-er-det-sidste-dag-for-10-klasse","status":"publish","type":"page","link":"https:\/\/www.photostory.dk\/?page_id=2103","title":{"rendered":"En dag i maj &#8211; er det sidste dag for 10. klasse"},"content":{"rendered":"<p><a href=\"http:\/\/photostory.dk\/wp-content\/uploads\/2017\/01\/den-sidste-dag-10-klasse.jpg\"><img decoding=\"async\" loading=\"lazy\" class=\"alignnone size-full wp-image-2104 aligncenter\" src=\"http:\/\/photostory.dk\/wp-content\/uploads\/2017\/01\/den-sidste-dag-10-klasse.jpg\" alt=\"\" width=\"400\" height=\"701\" srcset=\"https:\/\/www.photostory.dk\/wp-content\/uploads\/2017\/01\/den-sidste-dag-10-klasse.jpg 400w, https:\/\/www.photostory.dk\/wp-content\/uploads\/2017\/01\/den-sidste-dag-10-klasse-126x220.jpg 126w\" sizes=\"(max-width: 400px) 100vw, 400px\" \/><\/a><\/p>\n<p style=\"text-align: center;\">En elev f\u00e5r vand i hovedet!\u00a0Costa Karlslunde Digte 1981<\/p>\n<p style=\"text-align: center;\"><strong>Den sidste dag for 10. Klasse<\/strong><\/p>\n<p style=\"text-align: center;\">En dag i maj<br \/>\nEr det sidste dag for 10. klasse<br \/>\nde maler l\u00e6rerne i hovedet med l\u00e6bestift.<br \/>\nN\u00e5r det ringer ud<br \/>\ns\u00e5 st\u00e5r vi ude foran nr. 17.s. vinduer<br \/>\nhvis vi st\u00e5r nedenunder vinduet<br \/>\nf\u00e5r vi vand i hovedet<br \/>\nmen vi kaster med vandbomber.<br \/>\nHvis de tager os til fange<br \/>\ns\u00e5 f\u00e5r vi en pose karameller.<\/p>\n<p>\u201cCosta Karlslunde Digte 1981\u201d var en del af et undervisningsprojekt i 1981 p\u00e5\u00a0Karlslunde Skole\u00a0om\u00a0lokalmilj\u00f8er i bl.a. Aved\u00f8re, Lyngby\u00a0og Karlslunde. De her gengivne digte m.m. er fra Karlslunde og omegn\u00a0og udf\u00f8rt af eleverne fra 5, 6 og 7. klasse.<\/p>\n<p style=\"text-align: center;\"><a href=\"http:\/\/photostory.dk\/?page_id=835\">Oversigt Costa Karlslunde Digte 1981. Skoledigte<\/a><\/p>\n","protected":false},"excerpt":{"rendered":"<p>En elev f\u00e5r vand i hovedet!\u00a0Costa Karlslunde Digte 1981 Den sidste dag for 10. Klasse En dag i maj Er det sidste dag for 10. klasse de maler l\u00e6rerne i hovedet med l\u00e6bestift. N\u00e5r det ringer ud s\u00e5 st\u00e5r vi ude foran nr. 17.s. vinduer hvis vi st\u00e5r nedenunder vinduet f\u00e5r vi vand i hovedet &hellip; <a href=\"https:\/\/www.photostory.dk\/?page_id=2103\" class=\"more-link\">L\u00e6s mere <span class=\"screen-reader-text\">En dag i maj &#8211; er det sidste dag for 10. klasse<\/span><\/a><\/p>\n","protected":false},"author":1,"featured_media":0,"parent":0,"menu_order":0,"comment_status":"closed","ping_status":"closed","template":"","meta":[],"_links":{"self":[{"href":"https:\/\/www.photostory.dk\/index.php?rest_route=\/wp\/v2\/pages\/2103"}],"collection":[{"href":"https:\/\/www.photostory.dk\/index.php?rest_route=\/wp\/v2\/pages"}],"about":[{"href":"https:\/\/www.photostory.dk\/index.php?rest_route=\/wp\/v2\/types\/page"}],"author":[{"embeddable":true,"href":"https:\/\/www.photostory.dk\/index.php?rest_route=\/wp\/v2\/users\/1"}],"replies":[{"embeddable":true,"href":"https:\/\/www.photostory.dk\/index.php?rest_route=%2Fwp%2Fv2%2Fcomments&post=2103"}],"version-history":[{"count":5,"href":"https:\/\/www.photostory.dk\/index.php?rest_route=\/wp\/v2\/pages\/2103\/revisions"}],"predecessor-version":[{"id":2110,"href":"https:\/\/www.photostory.dk\/index.php?rest_route=\/wp\/v2\/pages\/2103\/revisions\/2110"}],"wp:attachment":[{"href":"https:\/\/www.photostory.dk\/index.php?rest_route=%2Fwp%2Fv2%2Fmedia&parent=2103"}],"curies":[{"name":"wp","href":"https:\/\/api.w.org\/{rel}","templated":true}]}}