{"id":2096,"date":"2017-01-20T17:32:13","date_gmt":"2017-01-20T17:32:13","guid":{"rendered":"http:\/\/photostory.dk\/?page_id=2096"},"modified":"2017-02-24T11:19:40","modified_gmt":"2017-02-24T11:19:40","slug":"en-tur-til-lejre","status":"publish","type":"page","link":"https:\/\/www.photostory.dk\/?page_id=2096","title":{"rendered":"Karlslunde digt &#8220;En tur til Lejre&#8221;"},"content":{"rendered":"<p><a href=\"http:\/\/photostory.dk\/wp-content\/uploads\/2017\/01\/en-tur-lejre.jpg\"><img decoding=\"async\" loading=\"lazy\" class=\"size-full wp-image-2097 aligncenter\" src=\"http:\/\/photostory.dk\/wp-content\/uploads\/2017\/01\/en-tur-lejre.jpg\" alt=\"\" width=\"400\" height=\"570\" srcset=\"https:\/\/www.photostory.dk\/wp-content\/uploads\/2017\/01\/en-tur-lejre.jpg 400w, https:\/\/www.photostory.dk\/wp-content\/uploads\/2017\/01\/en-tur-lejre-154x220.jpg 154w\" sizes=\"(max-width: 400px) 100vw, 400px\" \/><\/a><\/p>\n<p style=\"text-align: center;\"><strong>Costa Karlslunde Digte 1981<\/strong><\/p>\n<p style=\"text-align: center;\"><strong>&#8220;En tur til Lejre&#8221;<\/strong><\/p>\n<p style=\"text-align: center;\">En krydsord best\u00e5ende af f\u00f8lgende ord:<\/p>\n<p style=\"text-align: center;\">br\u00e6nde, lerkrukker, t\u00f8rv, vildsvin,<br \/>\nbr\u00e6ndn\u00e6lder, gr\u00f8d, ildsted, offerplads,<br \/>\nkiks, jeg, v\u00e6vning, offers\u00f8,<br \/>\nsm\u00f8r, landbrug, vand, marker,<br \/>\nmirian, \u00e6blegr\u00f8d, jernalderhuse, k\u00e6rner,<br \/>\nsid<\/p>\n<p>\u201cCosta Karlslunde Digte 1981\u201d var en del af et undervisningsprojekt i 1981 p\u00e5\u00a0Karlslunde Skole\u00a0om\u00a0lokalmilj\u00f8er i bl.a. Aved\u00f8re, Lyngby\u00a0og Karlslunde. De her gengivne digte m.m. er fra Karlslunde og omegn\u00a0og udf\u00f8rt af eleverne fra 5, 6 og 7. klasse.<\/p>\n<p style=\"text-align: center;\"><a href=\"http:\/\/photostory.dk\/?page_id=835\">Oversigt Costa Karlslunde Digte 1981. Skoledigte<\/a><\/p>\n","protected":false},"excerpt":{"rendered":"<p>Costa Karlslunde Digte 1981 &#8220;En tur til Lejre&#8221; En krydsord best\u00e5ende af f\u00f8lgende ord: br\u00e6nde, lerkrukker, t\u00f8rv, vildsvin, br\u00e6ndn\u00e6lder, gr\u00f8d, ildsted, offerplads, kiks, jeg, v\u00e6vning, offers\u00f8, sm\u00f8r, landbrug, vand, marker, mirian, \u00e6blegr\u00f8d, jernalderhuse, k\u00e6rner, sid \u201cCosta Karlslunde Digte 1981\u201d var en del af et undervisningsprojekt i 1981 p\u00e5\u00a0Karlslunde Skole\u00a0om\u00a0lokalmilj\u00f8er i bl.a. Aved\u00f8re, Lyngby\u00a0og Karlslunde. De &hellip; <a href=\"https:\/\/www.photostory.dk\/?page_id=2096\" class=\"more-link\">L\u00e6s mere <span class=\"screen-reader-text\">Karlslunde digt &#8220;En tur til Lejre&#8221;<\/span><\/a><\/p>\n","protected":false},"author":1,"featured_media":0,"parent":0,"menu_order":0,"comment_status":"closed","ping_status":"closed","template":"","meta":[],"_links":{"self":[{"href":"https:\/\/www.photostory.dk\/index.php?rest_route=\/wp\/v2\/pages\/2096"}],"collection":[{"href":"https:\/\/www.photostory.dk\/index.php?rest_route=\/wp\/v2\/pages"}],"about":[{"href":"https:\/\/www.photostory.dk\/index.php?rest_route=\/wp\/v2\/types\/page"}],"author":[{"embeddable":true,"href":"https:\/\/www.photostory.dk\/index.php?rest_route=\/wp\/v2\/users\/1"}],"replies":[{"embeddable":true,"href":"https:\/\/www.photostory.dk\/index.php?rest_route=%2Fwp%2Fv2%2Fcomments&post=2096"}],"version-history":[{"count":5,"href":"https:\/\/www.photostory.dk\/index.php?rest_route=\/wp\/v2\/pages\/2096\/revisions"}],"predecessor-version":[{"id":3602,"href":"https:\/\/www.photostory.dk\/index.php?rest_route=\/wp\/v2\/pages\/2096\/revisions\/3602"}],"wp:attachment":[{"href":"https:\/\/www.photostory.dk\/index.php?rest_route=%2Fwp%2Fv2%2Fmedia&parent=2096"}],"curies":[{"name":"wp","href":"https:\/\/api.w.org\/{rel}","templated":true}]}}