{"id":2082,"date":"2017-01-20T16:59:41","date_gmt":"2017-01-20T16:59:41","guid":{"rendered":"http:\/\/photostory.dk\/?page_id=2082"},"modified":"2017-01-20T17:00:48","modified_gmt":"2017-01-20T17:00:48","slug":"mosen-er-groen-byen-er-livlig","status":"publish","type":"page","link":"https:\/\/www.photostory.dk\/?page_id=2082","title":{"rendered":"&#8220;Mosen er gr\u00f8n &#8211; byen er livlig&#8221;"},"content":{"rendered":"<p><a href=\"http:\/\/photostory.dk\/wp-content\/uploads\/2017\/01\/mosen-er-groen.jpg\"><img decoding=\"async\" loading=\"lazy\" class=\"size-full wp-image-2083 aligncenter\" src=\"http:\/\/photostory.dk\/wp-content\/uploads\/2017\/01\/mosen-er-groen.jpg\" alt=\"\" width=\"400\" height=\"309\" srcset=\"https:\/\/www.photostory.dk\/wp-content\/uploads\/2017\/01\/mosen-er-groen.jpg 400w, https:\/\/www.photostory.dk\/wp-content\/uploads\/2017\/01\/mosen-er-groen-285x220.jpg 285w\" sizes=\"(max-width: 400px) 100vw, 400px\" \/><\/a><\/p>\n<p style=\"text-align: center;\"><strong>&#8220;Mosen er gr\u00f8n byen er livlig&#8221;<\/strong><\/p>\n<p style=\"text-align: center;\"><strong>Karlslunde<\/strong><\/p>\n<p style=\"text-align: center;\">Mosen er gr\u00f8n<br \/>\nbyen er livlig<br \/>\nkirken er hvid<br \/>\nbageren g\u00e5r triv&#8217;ligt<br \/>\ng\u00e5rden bliver bes\u00f8gt<br \/>\nheste rider<br \/>\nbranddammen glimter<br \/>\nmed alle sine b\u00f8lger<br \/>\nhusene er beboet<br \/>\nog alle er glade<br \/>\nmed det bedste af det hele er nu<br \/>\nKarlslundeskole.<\/p>\n<p>\u201cCosta Karlslunde Digte 1981\u201d var en del af et undervisningsprojekt i 1981 p\u00e5\u00a0Karlslunde Skole\u00a0om\u00a0lokalmilj\u00f8er i bl.a. Aved\u00f8re, Lyngby\u00a0og Karlslunde. De her gengivne digte m.m. er fra Karlslunde og omegn\u00a0og udf\u00f8rt af eleverne fra 5, 6 og 7. klasse.<\/p>\n<p style=\"text-align: center;\"><a href=\"http:\/\/photostory.dk\/?page_id=835\">Oversigt Costa Karlslunde Digte 1981. Skoledigte<\/a><\/p>\n","protected":false},"excerpt":{"rendered":"<p>&#8220;Mosen er gr\u00f8n byen er livlig&#8221; Karlslunde Mosen er gr\u00f8n byen er livlig kirken er hvid bageren g\u00e5r triv&#8217;ligt g\u00e5rden bliver bes\u00f8gt heste rider branddammen glimter med alle sine b\u00f8lger husene er beboet og alle er glade med det bedste af det hele er nu Karlslundeskole. \u201cCosta Karlslunde Digte 1981\u201d var en del af et &hellip; <a href=\"https:\/\/www.photostory.dk\/?page_id=2082\" class=\"more-link\">L\u00e6s mere <span class=\"screen-reader-text\">&#8220;Mosen er gr\u00f8n &#8211; byen er livlig&#8221;<\/span><\/a><\/p>\n","protected":false},"author":1,"featured_media":0,"parent":0,"menu_order":0,"comment_status":"closed","ping_status":"closed","template":"","meta":[],"_links":{"self":[{"href":"https:\/\/www.photostory.dk\/index.php?rest_route=\/wp\/v2\/pages\/2082"}],"collection":[{"href":"https:\/\/www.photostory.dk\/index.php?rest_route=\/wp\/v2\/pages"}],"about":[{"href":"https:\/\/www.photostory.dk\/index.php?rest_route=\/wp\/v2\/types\/page"}],"author":[{"embeddable":true,"href":"https:\/\/www.photostory.dk\/index.php?rest_route=\/wp\/v2\/users\/1"}],"replies":[{"embeddable":true,"href":"https:\/\/www.photostory.dk\/index.php?rest_route=%2Fwp%2Fv2%2Fcomments&post=2082"}],"version-history":[{"count":2,"href":"https:\/\/www.photostory.dk\/index.php?rest_route=\/wp\/v2\/pages\/2082\/revisions"}],"predecessor-version":[{"id":2086,"href":"https:\/\/www.photostory.dk\/index.php?rest_route=\/wp\/v2\/pages\/2082\/revisions\/2086"}],"wp:attachment":[{"href":"https:\/\/www.photostory.dk\/index.php?rest_route=%2Fwp%2Fv2%2Fmedia&parent=2082"}],"curies":[{"name":"wp","href":"https:\/\/api.w.org\/{rel}","templated":true}]}}