{"id":2065,"date":"2017-01-20T16:46:34","date_gmt":"2017-01-20T16:46:34","guid":{"rendered":"http:\/\/photostory.dk\/?page_id=2065"},"modified":"2017-01-20T16:46:52","modified_gmt":"2017-01-20T16:46:52","slug":"i-karlslunde-by-mangler-vi-mange-ting","status":"publish","type":"page","link":"https:\/\/www.photostory.dk\/?page_id=2065","title":{"rendered":"I Karlslunde by mangler vi mange ting"},"content":{"rendered":"<p style=\"text-align: center;\"><a href=\"http:\/\/photostory.dk\/wp-content\/uploads\/2017\/01\/co-21-karlslunde-by_.jpg\"><img decoding=\"async\" loading=\"lazy\" class=\"size-full wp-image-2066 aligncenter\" src=\"http:\/\/photostory.dk\/wp-content\/uploads\/2017\/01\/co-21-karlslunde-by_.jpg\" alt=\"\" width=\"400\" height=\"260\" srcset=\"https:\/\/www.photostory.dk\/wp-content\/uploads\/2017\/01\/co-21-karlslunde-by_.jpg 400w, https:\/\/www.photostory.dk\/wp-content\/uploads\/2017\/01\/co-21-karlslunde-by_-295x192.jpg 295w\" sizes=\"(max-width: 400px) 100vw, 400px\" \/><\/a><\/p>\n<p style=\"text-align: center;\"><strong>Karlslunde by<\/strong><\/p>\n<p style=\"text-align: center;\">I Karlslunde by mangler vi mange ting<br \/>\nvi har ikke nogen steder at tage hen.<br \/>\nHvis vi skal i bio skal vi til T\u00e5strup<br \/>\nog hvis vi skal p\u00e5 discotek<br \/>\nskal vi ogs\u00e5 langt v\u00e6k.<br \/>\nJeg t\u00f8r v\u00e6dde p\u00e5 at alle unge<br \/>\ngerne vil have et ungdomshus<\/p>\n<p>\u201cCosta Karlslunde Digte 1981\u201d var en del af et undervisningsprojekt i 1981 p\u00e5\u00a0Karlslunde Skole\u00a0om\u00a0lokalmilj\u00f8er i bl.a. Aved\u00f8re, Lyngby\u00a0og Karlslunde. De her gengivne digte m.m. er fra Karlslunde og omegn\u00a0og udf\u00f8rt af eleverne fra 5, 6 og 7. klasse.<\/p>\n<p style=\"text-align: center;\"><a href=\"http:\/\/photostory.dk\/?page_id=835\">Oversigt Costa Karlslunde Digte 1981. Skoledigte<\/a><\/p>\n","protected":false},"excerpt":{"rendered":"<p>Karlslunde by I Karlslunde by mangler vi mange ting vi har ikke nogen steder at tage hen. Hvis vi skal i bio skal vi til T\u00e5strup og hvis vi skal p\u00e5 discotek skal vi ogs\u00e5 langt v\u00e6k. Jeg t\u00f8r v\u00e6dde p\u00e5 at alle unge gerne vil have et ungdomshus \u201cCosta Karlslunde Digte 1981\u201d var en &hellip; <a href=\"https:\/\/www.photostory.dk\/?page_id=2065\" class=\"more-link\">L\u00e6s mere <span class=\"screen-reader-text\">I Karlslunde by mangler vi mange ting<\/span><\/a><\/p>\n","protected":false},"author":1,"featured_media":0,"parent":0,"menu_order":0,"comment_status":"closed","ping_status":"closed","template":"","meta":[],"_links":{"self":[{"href":"https:\/\/www.photostory.dk\/index.php?rest_route=\/wp\/v2\/pages\/2065"}],"collection":[{"href":"https:\/\/www.photostory.dk\/index.php?rest_route=\/wp\/v2\/pages"}],"about":[{"href":"https:\/\/www.photostory.dk\/index.php?rest_route=\/wp\/v2\/types\/page"}],"author":[{"embeddable":true,"href":"https:\/\/www.photostory.dk\/index.php?rest_route=\/wp\/v2\/users\/1"}],"replies":[{"embeddable":true,"href":"https:\/\/www.photostory.dk\/index.php?rest_route=%2Fwp%2Fv2%2Fcomments&post=2065"}],"version-history":[{"count":4,"href":"https:\/\/www.photostory.dk\/index.php?rest_route=\/wp\/v2\/pages\/2065\/revisions"}],"predecessor-version":[{"id":2071,"href":"https:\/\/www.photostory.dk\/index.php?rest_route=\/wp\/v2\/pages\/2065\/revisions\/2071"}],"wp:attachment":[{"href":"https:\/\/www.photostory.dk\/index.php?rest_route=%2Fwp%2Fv2%2Fmedia&parent=2065"}],"curies":[{"name":"wp","href":"https:\/\/api.w.org\/{rel}","templated":true}]}}