{"id":2033,"date":"2017-01-20T09:33:56","date_gmt":"2017-01-20T09:33:56","guid":{"rendered":"http:\/\/photostory.dk\/?page_id=2033"},"modified":"2017-01-20T09:34:19","modified_gmt":"2017-01-20T09:34:19","slug":"sidste-skoledag-og-karameller","status":"publish","type":"page","link":"https:\/\/www.photostory.dk\/?page_id=2033","title":{"rendered":"Sidste skoledag og karameller"},"content":{"rendered":"<p><a href=\"http:\/\/photostory.dk\/wp-content\/uploads\/2017\/01\/karameller.jpg\"><img decoding=\"async\" loading=\"lazy\" class=\"alignnone size-full wp-image-2034 aligncenter\" src=\"http:\/\/photostory.dk\/wp-content\/uploads\/2017\/01\/karameller.jpg\" alt=\"\" width=\"400\" height=\"702\" srcset=\"https:\/\/www.photostory.dk\/wp-content\/uploads\/2017\/01\/karameller.jpg 400w, https:\/\/www.photostory.dk\/wp-content\/uploads\/2017\/01\/karameller-125x220.jpg 125w\" sizes=\"(max-width: 400px) 100vw, 400px\" \/><\/a><\/p>\n<p style=\"text-align: center;\"><strong>Digt: Karameller<\/strong><\/p>\n<p style=\"text-align: center;\">I dag er det den,<br \/>\n21 i 5 1981,<br \/>\ndet er den,<br \/>\nsidste dag at,<br \/>\ntiende klasse er,<br \/>\np\u00e5 Karlslunde Skole,<br \/>\nde kaster karameller,<br \/>\nen h\u00e5ndfuld,<br \/>\ntil hver klasse.<\/p>\n<p style=\"text-align: center;\">Nogle f\u00e5r flere,<br \/>\nend andre,<br \/>\nde kaster karameller,<br \/>\nud af vinduet,<br \/>\ni frikvarteret,<br \/>\nde kaster ogs\u00e5 vand,<br \/>\nud af vinduet,<br \/>\nmange er utilfredse.<\/p>\n<p>\u201cCosta Karlslunde Digte 1981\u201d var en del af et undervisningsprojekt i 1981 p\u00e5\u00a0Karlslunde Skole\u00a0om\u00a0lokalmilj\u00f8er i bl.a. Aved\u00f8re, Lyngby\u00a0og Karlslunde. De her gengivne digte m.m. er fra Karlslunde og omegn\u00a0og udf\u00f8rt af eleverne fra 5, 6 og 7. klasse.<\/p>\n<p style=\"text-align: center;\"><a href=\"http:\/\/photostory.dk\/?page_id=835\">Oversigt Costa Karlslunde Digte 1981. Skoledigte<\/a><\/p>\n","protected":false},"excerpt":{"rendered":"<p>Digt: Karameller I dag er det den, 21 i 5 1981, det er den, sidste dag at, tiende klasse er, p\u00e5 Karlslunde Skole, de kaster karameller, en h\u00e5ndfuld, til hver klasse. Nogle f\u00e5r flere, end andre, de kaster karameller, ud af vinduet, i frikvarteret, de kaster ogs\u00e5 vand, ud af vinduet, mange er utilfredse. \u201cCosta &hellip; <a href=\"https:\/\/www.photostory.dk\/?page_id=2033\" class=\"more-link\">L\u00e6s mere <span class=\"screen-reader-text\">Sidste skoledag og karameller<\/span><\/a><\/p>\n","protected":false},"author":1,"featured_media":0,"parent":0,"menu_order":0,"comment_status":"closed","ping_status":"closed","template":"","meta":[],"_links":{"self":[{"href":"https:\/\/www.photostory.dk\/index.php?rest_route=\/wp\/v2\/pages\/2033"}],"collection":[{"href":"https:\/\/www.photostory.dk\/index.php?rest_route=\/wp\/v2\/pages"}],"about":[{"href":"https:\/\/www.photostory.dk\/index.php?rest_route=\/wp\/v2\/types\/page"}],"author":[{"embeddable":true,"href":"https:\/\/www.photostory.dk\/index.php?rest_route=\/wp\/v2\/users\/1"}],"replies":[{"embeddable":true,"href":"https:\/\/www.photostory.dk\/index.php?rest_route=%2Fwp%2Fv2%2Fcomments&post=2033"}],"version-history":[{"count":2,"href":"https:\/\/www.photostory.dk\/index.php?rest_route=\/wp\/v2\/pages\/2033\/revisions"}],"predecessor-version":[{"id":2037,"href":"https:\/\/www.photostory.dk\/index.php?rest_route=\/wp\/v2\/pages\/2033\/revisions\/2037"}],"wp:attachment":[{"href":"https:\/\/www.photostory.dk\/index.php?rest_route=%2Fwp%2Fv2%2Fmedia&parent=2033"}],"curies":[{"name":"wp","href":"https:\/\/api.w.org\/{rel}","templated":true}]}}