{"id":2026,"date":"2017-01-19T15:14:16","date_gmt":"2017-01-19T15:14:16","guid":{"rendered":"http:\/\/photostory.dk\/?page_id=2026"},"modified":"2017-01-19T15:14:28","modified_gmt":"2017-01-19T15:14:28","slug":"karlslunde-vi-kender-vel-alle-en-landsby","status":"publish","type":"page","link":"https:\/\/www.photostory.dk\/?page_id=2026","title":{"rendered":"&#8220;Karlslunde &#8211; vi kender vel alle en landsby&#8221;"},"content":{"rendered":"<p style=\"text-align: center;\"><a href=\"http:\/\/photostory.dk\/wp-content\/uploads\/2017\/01\/karlslunde-vi-kender.jpg\"><img decoding=\"async\" loading=\"lazy\" class=\"size-full wp-image-2028 aligncenter\" src=\"http:\/\/photostory.dk\/wp-content\/uploads\/2017\/01\/karlslunde-vi-kender.jpg\" alt=\"\" width=\"400\" height=\"386\" srcset=\"https:\/\/www.photostory.dk\/wp-content\/uploads\/2017\/01\/karlslunde-vi-kender.jpg 400w, https:\/\/www.photostory.dk\/wp-content\/uploads\/2017\/01\/karlslunde-vi-kender-228x220.jpg 228w\" sizes=\"(max-width: 400px) 100vw, 400px\" \/><\/a><\/p>\n<p style=\"text-align: center;\">Costa Karlslunde Digte 1981<\/p>\n<p style=\"text-align: center;\">&#8220;Karlslunde &#8211; vi kender vel alle en landsby&#8221;<\/p>\n<p style=\"text-align: center;\"><strong>Karlslunde<\/strong><\/p>\n<p style=\"text-align: center;\">Vi kender vel ALLE en landsby<br \/>\nen landsby lisom Karlslunde<br \/>\nikke en stor osende by<br \/>\nbare en lille fredelig by<br \/>\nmed sm\u00e5 str\u00e5t\u00e6gte huse<br \/>\nskolen er ogs\u00e5 meget rar<br \/>\nog l\u00e6rerne meget s\u00f8de<br \/>\nsolen skinner her dagens lang<br \/>\nog vi bliver sunde og brune<\/p>\n<p>\u201cCosta Karlslunde Digte 1981\u201d var en del af et undervisningsprojekt i 1981 p\u00e5\u00a0Karlslunde Skole\u00a0om\u00a0lokalmilj\u00f8er i bl.a. Aved\u00f8re, Lyngby\u00a0og Karlslunde. De her gengivne digte m.m. er fra Karlslunde og omegn\u00a0og udf\u00f8rt af eleverne fra 5, 6 og 7. klasse.<\/p>\n<p style=\"text-align: center;\"><a href=\"http:\/\/photostory.dk\/?page_id=835\">Oversigt Costa Karlslunde Digte 1981. Skoledigte<\/a><\/p>\n","protected":false},"excerpt":{"rendered":"<p>Costa Karlslunde Digte 1981 &#8220;Karlslunde &#8211; vi kender vel alle en landsby&#8221; Karlslunde Vi kender vel ALLE en landsby en landsby lisom Karlslunde ikke en stor osende by bare en lille fredelig by med sm\u00e5 str\u00e5t\u00e6gte huse skolen er ogs\u00e5 meget rar og l\u00e6rerne meget s\u00f8de solen skinner her dagens lang og vi bliver sunde &hellip; <a href=\"https:\/\/www.photostory.dk\/?page_id=2026\" class=\"more-link\">L\u00e6s mere <span class=\"screen-reader-text\">&#8220;Karlslunde &#8211; vi kender vel alle en landsby&#8221;<\/span><\/a><\/p>\n","protected":false},"author":1,"featured_media":0,"parent":0,"menu_order":0,"comment_status":"closed","ping_status":"closed","template":"","meta":[],"_links":{"self":[{"href":"https:\/\/www.photostory.dk\/index.php?rest_route=\/wp\/v2\/pages\/2026"}],"collection":[{"href":"https:\/\/www.photostory.dk\/index.php?rest_route=\/wp\/v2\/pages"}],"about":[{"href":"https:\/\/www.photostory.dk\/index.php?rest_route=\/wp\/v2\/types\/page"}],"author":[{"embeddable":true,"href":"https:\/\/www.photostory.dk\/index.php?rest_route=\/wp\/v2\/users\/1"}],"replies":[{"embeddable":true,"href":"https:\/\/www.photostory.dk\/index.php?rest_route=%2Fwp%2Fv2%2Fcomments&post=2026"}],"version-history":[{"count":4,"href":"https:\/\/www.photostory.dk\/index.php?rest_route=\/wp\/v2\/pages\/2026\/revisions"}],"predecessor-version":[{"id":2032,"href":"https:\/\/www.photostory.dk\/index.php?rest_route=\/wp\/v2\/pages\/2026\/revisions\/2032"}],"wp:attachment":[{"href":"https:\/\/www.photostory.dk\/index.php?rest_route=%2Fwp%2Fv2%2Fmedia&parent=2026"}],"curies":[{"name":"wp","href":"https:\/\/api.w.org\/{rel}","templated":true}]}}