{"id":2005,"date":"2017-01-19T13:18:16","date_gmt":"2017-01-19T13:18:16","guid":{"rendered":"http:\/\/photostory.dk\/?page_id=2005"},"modified":"2017-01-19T13:19:41","modified_gmt":"2017-01-19T13:19:41","slug":"2005-2","status":"publish","type":"page","link":"https:\/\/www.photostory.dk\/?page_id=2005","title":{"rendered":"I Karlslunde er der et gadek\u00e6r eller en branddam"},"content":{"rendered":"<p><a href=\"http:\/\/photostory.dk\/wp-content\/uploads\/2017\/01\/branddam_gadek\u00e6r_karlslunde.jpg\"><img decoding=\"async\" loading=\"lazy\" class=\"aligncenter wp-image-2006\" src=\"http:\/\/photostory.dk\/wp-content\/uploads\/2017\/01\/branddam_gadek\u00e6r_karlslunde-1024x560.jpg\" width=\"590\" height=\"323\" srcset=\"https:\/\/www.photostory.dk\/wp-content\/uploads\/2017\/01\/branddam_gadek\u00e6r_karlslunde-1024x560.jpg 1024w, https:\/\/www.photostory.dk\/wp-content\/uploads\/2017\/01\/branddam_gadek\u00e6r_karlslunde-295x161.jpg 295w, https:\/\/www.photostory.dk\/wp-content\/uploads\/2017\/01\/branddam_gadek\u00e6r_karlslunde-768x420.jpg 768w, https:\/\/www.photostory.dk\/wp-content\/uploads\/2017\/01\/branddam_gadek\u00e6r_karlslunde.jpg 1639w\" sizes=\"(max-width: 590px) 100vw, 590px\" \/><\/a><\/p>\n<p style=\"text-align: center;\">I Karlslunde er der et gadek\u00e6r<br \/>\neller en branddam<br \/>\nde brugte den bl.a. til branden p\u00e5 Pumalageret, der var mange folk<br \/>\nop,, kigge p\u00e5<br \/>\nog der br\u00e6ndte meget<br \/>\nog for mange penge<br \/>\nmen hvor mange penge<br \/>\nder br\u00e6ndte<br \/>\ndet ved jeg ikke.<\/p>\n<p>\u201cCosta Karlslunde Digte 1981\u201d var en del af et undervisningsprojekt i 1981 p\u00e5\u00a0Karlslunde Skole\u00a0om\u00a0lokalmilj\u00f8er i bl.a. Aved\u00f8re, Lyngby\u00a0og Karlslunde. De her gengivne digte m.m. er fra Karlslunde og omegn\u00a0og udf\u00f8rt af eleverne fra 5, 6 og 7. klasse.<\/p>\n<p style=\"text-align: center;\"><a href=\"http:\/\/photostory.dk\/?page_id=835\">Oversigt over Costa Karlslunde Digte 1981. Skoledigte<\/a><\/p>\n","protected":false},"excerpt":{"rendered":"<p>I Karlslunde er der et gadek\u00e6r eller en branddam de brugte den bl.a. til branden p\u00e5 Pumalageret, der var mange folk op,, kigge p\u00e5 og der br\u00e6ndte meget og for mange penge men hvor mange penge der br\u00e6ndte det ved jeg ikke. \u201cCosta Karlslunde Digte 1981\u201d var en del af et undervisningsprojekt i 1981 p\u00e5\u00a0Karlslunde &hellip; <a href=\"https:\/\/www.photostory.dk\/?page_id=2005\" class=\"more-link\">L\u00e6s mere <span class=\"screen-reader-text\">I Karlslunde er der et gadek\u00e6r eller en branddam<\/span><\/a><\/p>\n","protected":false},"author":1,"featured_media":0,"parent":0,"menu_order":0,"comment_status":"closed","ping_status":"closed","template":"","meta":[],"_links":{"self":[{"href":"https:\/\/www.photostory.dk\/index.php?rest_route=\/wp\/v2\/pages\/2005"}],"collection":[{"href":"https:\/\/www.photostory.dk\/index.php?rest_route=\/wp\/v2\/pages"}],"about":[{"href":"https:\/\/www.photostory.dk\/index.php?rest_route=\/wp\/v2\/types\/page"}],"author":[{"embeddable":true,"href":"https:\/\/www.photostory.dk\/index.php?rest_route=\/wp\/v2\/users\/1"}],"replies":[{"embeddable":true,"href":"https:\/\/www.photostory.dk\/index.php?rest_route=%2Fwp%2Fv2%2Fcomments&post=2005"}],"version-history":[{"count":3,"href":"https:\/\/www.photostory.dk\/index.php?rest_route=\/wp\/v2\/pages\/2005\/revisions"}],"predecessor-version":[{"id":2011,"href":"https:\/\/www.photostory.dk\/index.php?rest_route=\/wp\/v2\/pages\/2005\/revisions\/2011"}],"wp:attachment":[{"href":"https:\/\/www.photostory.dk\/index.php?rest_route=%2Fwp%2Fv2%2Fmedia&parent=2005"}],"curies":[{"name":"wp","href":"https:\/\/api.w.org\/{rel}","templated":true}]}}