{"id":1956,"date":"2017-01-18T23:16:32","date_gmt":"2017-01-18T23:16:32","guid":{"rendered":"http:\/\/photostory.dk\/?page_id=1956"},"modified":"2017-01-18T23:18:07","modified_gmt":"2017-01-18T23:18:07","slug":"karlslunde-er-groen-byen-er-lille-og-koen","status":"publish","type":"page","link":"https:\/\/www.photostory.dk\/?page_id=1956","title":{"rendered":"Karlslunde er gr\u00f8n &#8211; byen er lille og k\u00f8n"},"content":{"rendered":"<p><a href=\"http:\/\/photostory.dk\/wp-content\/uploads\/2017\/01\/17-karlslunde-groen.jpg\"><img decoding=\"async\" loading=\"lazy\" class=\"wp-image-1957 aligncenter\" src=\"http:\/\/photostory.dk\/wp-content\/uploads\/2017\/01\/17-karlslunde-groen.jpg\" width=\"595\" height=\"926\" srcset=\"https:\/\/www.photostory.dk\/wp-content\/uploads\/2017\/01\/17-karlslunde-groen.jpg 2111w, https:\/\/www.photostory.dk\/wp-content\/uploads\/2017\/01\/17-karlslunde-groen-141x220.jpg 141w, https:\/\/www.photostory.dk\/wp-content\/uploads\/2017\/01\/17-karlslunde-groen-768x1195.jpg 768w, https:\/\/www.photostory.dk\/wp-content\/uploads\/2017\/01\/17-karlslunde-groen-658x1024.jpg 658w\" sizes=\"(max-width: 595px) 100vw, 595px\" \/><\/a><\/p>\n<p>&nbsp;<\/p>\n<p style=\"text-align: center;\">Costa Karlslunde Digte 1981<\/p>\n<p style=\"text-align: center;\"><strong>&#8220;Karlslunde er gr\u00f8n&#8221;<\/strong><\/p>\n<p style=\"text-align: center;\">Karlslunde er gr\u00f8n<br \/>\nbyen er lille og k\u00f8n<br \/>\nmosen er stor og flot<br \/>\ndet kan man l\u00e6se i Karlslunde stof Husene er sm\u00e5<br \/>\nk\u00f8nne som str\u00e5<\/p>\n<p style=\"text-align: center;\">trafikken er lille<br \/>\nmen dog er der larm<br \/>\nmen dobbelt s\u00e5 meget i stork\u00f8benhavn<br \/>\ntrafikken braser hele den lange dag<br \/>\np\u00e5 de store veje<br \/>\nmen stille er der p\u00e5 vores veje<br \/>\nmotorveje anl\u00e6gges<br \/>\nbyre bliver udbygget<br \/>\ndet h\u00f8rer til vores dagligdag.<\/p>\n<p style=\"text-align: center;\">Forretninger findes<br \/>\nalle vegne<br \/>\nmen i karlslunde<br \/>\nmen i karlslunde har vi n\u00e6r s\u00e5 mange,<br \/>\nK\u00f8benhavns forretninger<br \/>\ner store og flotte<br \/>\nvores er sm\u00e5 og gammeldags<\/p>\n<p style=\"text-align: center;\"><a href=\"http:\/\/photostory.dk\/?page_id=835\">Oversigt over Costa Karlslunde Digte 1981. Skoledigte<\/a><\/p>\n","protected":false},"excerpt":{"rendered":"<p>&nbsp; Costa Karlslunde Digte 1981 &#8220;Karlslunde er gr\u00f8n&#8221; Karlslunde er gr\u00f8n byen er lille og k\u00f8n mosen er stor og flot det kan man l\u00e6se i Karlslunde stof Husene er sm\u00e5 k\u00f8nne som str\u00e5 trafikken er lille men dog er der larm men dobbelt s\u00e5 meget i stork\u00f8benhavn trafikken braser hele den lange dag p\u00e5 &hellip; <a href=\"https:\/\/www.photostory.dk\/?page_id=1956\" class=\"more-link\">L\u00e6s mere <span class=\"screen-reader-text\">Karlslunde er gr\u00f8n &#8211; byen er lille og k\u00f8n<\/span><\/a><\/p>\n","protected":false},"author":1,"featured_media":0,"parent":0,"menu_order":0,"comment_status":"closed","ping_status":"closed","template":"","meta":[],"_links":{"self":[{"href":"https:\/\/www.photostory.dk\/index.php?rest_route=\/wp\/v2\/pages\/1956"}],"collection":[{"href":"https:\/\/www.photostory.dk\/index.php?rest_route=\/wp\/v2\/pages"}],"about":[{"href":"https:\/\/www.photostory.dk\/index.php?rest_route=\/wp\/v2\/types\/page"}],"author":[{"embeddable":true,"href":"https:\/\/www.photostory.dk\/index.php?rest_route=\/wp\/v2\/users\/1"}],"replies":[{"embeddable":true,"href":"https:\/\/www.photostory.dk\/index.php?rest_route=%2Fwp%2Fv2%2Fcomments&post=1956"}],"version-history":[{"count":3,"href":"https:\/\/www.photostory.dk\/index.php?rest_route=\/wp\/v2\/pages\/1956\/revisions"}],"predecessor-version":[{"id":1960,"href":"https:\/\/www.photostory.dk\/index.php?rest_route=\/wp\/v2\/pages\/1956\/revisions\/1960"}],"wp:attachment":[{"href":"https:\/\/www.photostory.dk\/index.php?rest_route=%2Fwp%2Fv2%2Fmedia&parent=1956"}],"curies":[{"name":"wp","href":"https:\/\/api.w.org\/{rel}","templated":true}]}}