{"id":1934,"date":"2017-01-18T17:15:55","date_gmt":"2017-01-18T17:15:55","guid":{"rendered":"http:\/\/photostory.dk\/?page_id=1934"},"modified":"2017-01-18T17:16:13","modified_gmt":"2017-01-18T17:16:13","slug":"raekkehusene-soehoej-i-karlslunde-1981","status":"publish","type":"page","link":"https:\/\/www.photostory.dk\/?page_id=1934","title":{"rendered":"R\u00e6kkehusene S\u00f8h\u00f8j i Karlslunde 1981"},"content":{"rendered":"<p><a href=\"http:\/\/photostory.dk\/wp-content\/uploads\/2017\/01\/karlslunde_0048_soehoej-2.jpg\"><img decoding=\"async\" loading=\"lazy\" class=\"size-full wp-image-1935 aligncenter\" src=\"http:\/\/photostory.dk\/wp-content\/uploads\/2017\/01\/karlslunde_0048_soehoej-2.jpg\" alt=\"\" width=\"550\" height=\"775\" srcset=\"https:\/\/www.photostory.dk\/wp-content\/uploads\/2017\/01\/karlslunde_0048_soehoej-2.jpg 550w, https:\/\/www.photostory.dk\/wp-content\/uploads\/2017\/01\/karlslunde_0048_soehoej-2-156x220.jpg 156w\" sizes=\"(max-width: 550px) 100vw, 550px\" \/><\/a><\/p>\n<p style=\"text-align: center;\">R\u00e6kkehusene S\u00f8h\u00f8j i Karlslunde 1981<br \/>\nS\u00f8h\u00f8j 2690 Karlslunde<\/p>\n<p>S\u00f8h\u00f8j var en gang en bondes mark for ca. 5 \u00e5r siden. Et \u00e5r f\u00f8r blev der bygget lidt huse og nogen tid efter blev der bygget lidt flere og flere og til sidst var der mange huse. Et par \u00e5r efter var der nogen der fandt p\u00e5 at alle husene kunne hedde S\u00f8h\u00f8j.<\/p>\n<p>\u00bbKarlslunde f\u00f8r og nu \u2013 og lidt om fremtiden\u00ab er titlen p\u00e5 et undervisningsforl\u00f8b, som eleverne i en 4. klasse med stor dygtighed udf\u00f8rte p\u00e5 Karlslunde Skole i Greve Kommune i slutningen af \u00e5ret 1981. Se mere om undervisningsforl\u00f8bet <a href=\"http:\/\/photostory.dk\/?page_id=297\">her!<\/a><\/p>\n<p style=\"text-align: center;\"><a href=\"http:\/\/photostory.dk\/?page_id=289\">Oversigt over \u00bbKarlslunde f\u00f8r og nu \u2013 og lidt om fremtiden\u00ab 1981<\/a><\/p>\n","protected":false},"excerpt":{"rendered":"<p>R\u00e6kkehusene S\u00f8h\u00f8j i Karlslunde 1981 S\u00f8h\u00f8j 2690 Karlslunde S\u00f8h\u00f8j var en gang en bondes mark for ca. 5 \u00e5r siden. Et \u00e5r f\u00f8r blev der bygget lidt huse og nogen tid efter blev der bygget lidt flere og flere og til sidst var der mange huse. Et par \u00e5r efter var der nogen der fandt &hellip; <a href=\"https:\/\/www.photostory.dk\/?page_id=1934\" class=\"more-link\">L\u00e6s mere <span class=\"screen-reader-text\">R\u00e6kkehusene S\u00f8h\u00f8j i Karlslunde 1981<\/span><\/a><\/p>\n","protected":false},"author":1,"featured_media":0,"parent":0,"menu_order":0,"comment_status":"closed","ping_status":"closed","template":"","meta":[],"_links":{"self":[{"href":"https:\/\/www.photostory.dk\/index.php?rest_route=\/wp\/v2\/pages\/1934"}],"collection":[{"href":"https:\/\/www.photostory.dk\/index.php?rest_route=\/wp\/v2\/pages"}],"about":[{"href":"https:\/\/www.photostory.dk\/index.php?rest_route=\/wp\/v2\/types\/page"}],"author":[{"embeddable":true,"href":"https:\/\/www.photostory.dk\/index.php?rest_route=\/wp\/v2\/users\/1"}],"replies":[{"embeddable":true,"href":"https:\/\/www.photostory.dk\/index.php?rest_route=%2Fwp%2Fv2%2Fcomments&post=1934"}],"version-history":[{"count":2,"href":"https:\/\/www.photostory.dk\/index.php?rest_route=\/wp\/v2\/pages\/1934\/revisions"}],"predecessor-version":[{"id":1937,"href":"https:\/\/www.photostory.dk\/index.php?rest_route=\/wp\/v2\/pages\/1934\/revisions\/1937"}],"wp:attachment":[{"href":"https:\/\/www.photostory.dk\/index.php?rest_route=%2Fwp%2Fv2%2Fmedia&parent=1934"}],"curies":[{"name":"wp","href":"https:\/\/api.w.org\/{rel}","templated":true}]}}