{"id":193,"date":"2016-12-20T15:27:44","date_gmt":"2016-12-20T15:27:44","guid":{"rendered":"http:\/\/photostory.dk\/?page_id=193"},"modified":"2017-01-03T15:32:33","modified_gmt":"2017-01-03T15:32:33","slug":"skolen","status":"publish","type":"page","link":"https:\/\/www.photostory.dk\/?page_id=193","title":{"rendered":"\u00bbKarlslunde f\u00f8r og nu &#8211; og lidt om fremtiden\u00ab"},"content":{"rendered":"<p><img decoding=\"async\" loading=\"lazy\" class=\"alignnone size-full wp-image-291\" src=\"http:\/\/photostory.dk\/wp-content\/uploads\/2016\/12\/lb_0001-1.jpg\" alt=\"\" width=\"680\" height=\"1024\" srcset=\"https:\/\/www.photostory.dk\/wp-content\/uploads\/2016\/12\/lb_0001-1.jpg 680w, https:\/\/www.photostory.dk\/wp-content\/uploads\/2016\/12\/lb_0001-1-199x300.jpg 199w\" sizes=\"(max-width: 680px) 100vw, 680px\" \/><\/p>\n<p>Karlslunde f\u00f8r og nu. Skrevet og tegnet af eleverne i 4.b. p\u00e5 Karlslunde Skole 1981. Forsiden af projekt fra dengang der var k\u00f8er p\u00e5 gr\u00e6s p\u00e5 markerne. Nu er der bilk\u00f8er!!<\/p>\n<p style=\"text-align: center;\"><strong><a href=\"http:\/\/photostory.dk\/?page_id=289\">Se elevarbejderne\u00a0her!\u00a0<\/a><\/strong><\/p>\n<p align=\"left\"><span style=\"font-size: large;\">\u00bbKarlslunde f\u00f8r og nu &#8211; og lidt om fremtiden\u00ab er titlen p\u00e5 et undervisningsforl\u00f8b, som en 4. klasse med stor dygtighed udf\u00f8rte p\u00e5 Karlslunde Skole i Greve Kommune i slutningen af \u00e5ret 1981. Der er skrevet en artikel om forl\u00f8bet. Den kan du l\u00e6se <strong><a href=\"http:\/\/photostory.dk\/?page_id=297\">her!<\/a>\u00a0<\/strong><\/span><span style=\"font-size: large;\">Det hele foregik p\u00e5\u00a0<\/span>Karlslunde Skole Karlslunde Landevej 22 B 2690 Karlslunde.<\/p>\n","protected":false},"excerpt":{"rendered":"<p>Karlslunde f\u00f8r og nu. Skrevet og tegnet af eleverne i 4.b. p\u00e5 Karlslunde Skole 1981. Forsiden af projekt fra dengang der var k\u00f8er p\u00e5 gr\u00e6s p\u00e5 markerne. Nu er der bilk\u00f8er!! Se elevarbejderne\u00a0her!\u00a0 \u00bbKarlslunde f\u00f8r og nu &#8211; og lidt om fremtiden\u00ab er titlen p\u00e5 et undervisningsforl\u00f8b, som en 4. klasse med stor dygtighed udf\u00f8rte &hellip; <a href=\"https:\/\/www.photostory.dk\/?page_id=193\" class=\"more-link\">L\u00e6s mere <span class=\"screen-reader-text\">\u00bbKarlslunde f\u00f8r og nu &#8211; og lidt om fremtiden\u00ab<\/span><\/a><\/p>\n","protected":false},"author":1,"featured_media":0,"parent":0,"menu_order":0,"comment_status":"closed","ping_status":"closed","template":"","meta":[],"_links":{"self":[{"href":"https:\/\/www.photostory.dk\/index.php?rest_route=\/wp\/v2\/pages\/193"}],"collection":[{"href":"https:\/\/www.photostory.dk\/index.php?rest_route=\/wp\/v2\/pages"}],"about":[{"href":"https:\/\/www.photostory.dk\/index.php?rest_route=\/wp\/v2\/types\/page"}],"author":[{"embeddable":true,"href":"https:\/\/www.photostory.dk\/index.php?rest_route=\/wp\/v2\/users\/1"}],"replies":[{"embeddable":true,"href":"https:\/\/www.photostory.dk\/index.php?rest_route=%2Fwp%2Fv2%2Fcomments&post=193"}],"version-history":[{"count":10,"href":"https:\/\/www.photostory.dk\/index.php?rest_route=\/wp\/v2\/pages\/193\/revisions"}],"predecessor-version":[{"id":1083,"href":"https:\/\/www.photostory.dk\/index.php?rest_route=\/wp\/v2\/pages\/193\/revisions\/1083"}],"wp:attachment":[{"href":"https:\/\/www.photostory.dk\/index.php?rest_route=%2Fwp%2Fv2%2Fmedia&parent=193"}],"curies":[{"name":"wp","href":"https:\/\/api.w.org\/{rel}","templated":true}]}}