{"id":1929,"date":"2017-01-18T17:12:35","date_gmt":"2017-01-18T17:12:35","guid":{"rendered":"http:\/\/photostory.dk\/?page_id=1929"},"modified":"2017-01-18T17:13:03","modified_gmt":"2017-01-18T17:13:03","slug":"soehoej-i-karlslunde-1981","status":"publish","type":"page","link":"https:\/\/www.photostory.dk\/?page_id=1929","title":{"rendered":"S\u00f8h\u00f8j i 2690 Karlslunde 1981"},"content":{"rendered":"<p><a href=\"http:\/\/photostory.dk\/wp-content\/uploads\/2017\/01\/karlslunde_0047_soehoej-1.jpg\"><img decoding=\"async\" loading=\"lazy\" class=\"size-full wp-image-1930 aligncenter\" src=\"http:\/\/photostory.dk\/wp-content\/uploads\/2017\/01\/karlslunde_0047_soehoej-1.jpg\" alt=\"\" width=\"550\" height=\"774\" srcset=\"https:\/\/www.photostory.dk\/wp-content\/uploads\/2017\/01\/karlslunde_0047_soehoej-1.jpg 550w, https:\/\/www.photostory.dk\/wp-content\/uploads\/2017\/01\/karlslunde_0047_soehoej-1-156x220.jpg 156w\" sizes=\"(max-width: 550px) 100vw, 550px\" \/><\/a><\/p>\n<p style=\"text-align: center;\">S\u00f8h\u00f8j i Karlslunde 1981<br \/>\nS\u00f8h\u00f8j 2690 Karlslunde<\/p>\n<p>I gamle dage var S\u00f8h\u00f8j en bondes mark. Han havde f\u00e5r, k\u00f8er og sikkert heste. S\u00e5 blev der bygget nogle huse og flere og flere blev der bygget. I dag er der 103 huse. M\u00e6ndene planter tr\u00e6er og buske og den slags. I bondehuset bor der stadig mennesker og duer. I fremtiden bliver der flere huse og planter.<\/p>\n<p>\u00bbKarlslunde f\u00f8r og nu \u2013 og lidt om fremtiden\u00ab er titlen p\u00e5 et undervisningsforl\u00f8b, som eleverne i en 4. klasse med stor dygtighed udf\u00f8rte p\u00e5 Karlslunde Skole i Greve Kommune i slutningen af \u00e5ret 1981. Se mere om undervisningsforl\u00f8bet <a href=\"http:\/\/photostory.dk\/?page_id=297\">her!<\/a><\/p>\n<p style=\"text-align: center;\"><a href=\"http:\/\/photostory.dk\/?page_id=289\">Oversigt over \u00bbKarlslunde f\u00f8r og nu \u2013 og lidt om fremtiden\u00ab 1981<\/a><\/p>\n","protected":false},"excerpt":{"rendered":"<p>S\u00f8h\u00f8j i Karlslunde 1981 S\u00f8h\u00f8j 2690 Karlslunde I gamle dage var S\u00f8h\u00f8j en bondes mark. Han havde f\u00e5r, k\u00f8er og sikkert heste. S\u00e5 blev der bygget nogle huse og flere og flere blev der bygget. I dag er der 103 huse. M\u00e6ndene planter tr\u00e6er og buske og den slags. I bondehuset bor der stadig mennesker &hellip; <a href=\"https:\/\/www.photostory.dk\/?page_id=1929\" class=\"more-link\">L\u00e6s mere <span class=\"screen-reader-text\">S\u00f8h\u00f8j i 2690 Karlslunde 1981<\/span><\/a><\/p>\n","protected":false},"author":1,"featured_media":0,"parent":0,"menu_order":0,"comment_status":"closed","ping_status":"closed","template":"","meta":[],"_links":{"self":[{"href":"https:\/\/www.photostory.dk\/index.php?rest_route=\/wp\/v2\/pages\/1929"}],"collection":[{"href":"https:\/\/www.photostory.dk\/index.php?rest_route=\/wp\/v2\/pages"}],"about":[{"href":"https:\/\/www.photostory.dk\/index.php?rest_route=\/wp\/v2\/types\/page"}],"author":[{"embeddable":true,"href":"https:\/\/www.photostory.dk\/index.php?rest_route=\/wp\/v2\/users\/1"}],"replies":[{"embeddable":true,"href":"https:\/\/www.photostory.dk\/index.php?rest_route=%2Fwp%2Fv2%2Fcomments&post=1929"}],"version-history":[{"count":2,"href":"https:\/\/www.photostory.dk\/index.php?rest_route=\/wp\/v2\/pages\/1929\/revisions"}],"predecessor-version":[{"id":1932,"href":"https:\/\/www.photostory.dk\/index.php?rest_route=\/wp\/v2\/pages\/1929\/revisions\/1932"}],"wp:attachment":[{"href":"https:\/\/www.photostory.dk\/index.php?rest_route=%2Fwp%2Fv2%2Fmedia&parent=1929"}],"curies":[{"name":"wp","href":"https:\/\/api.w.org\/{rel}","templated":true}]}}