{"id":1916,"date":"2017-01-18T16:56:25","date_gmt":"2017-01-18T16:56:25","guid":{"rendered":"http:\/\/photostory.dk\/?page_id=1916"},"modified":"2017-01-18T16:56:25","modified_gmt":"2017-01-18T16:56:25","slug":"styropak-i-karlslunde-1981-motorgangen-2690-karlslunde","status":"publish","type":"page","link":"https:\/\/www.photostory.dk\/?page_id=1916","title":{"rendered":"Styropak i Karlslunde 1981 Motorgangen 2690 Karlslunde"},"content":{"rendered":"<p><a href=\"http:\/\/photostory.dk\/wp-content\/uploads\/2017\/01\/karlslunde_0043_styropak.jpg\"><img decoding=\"async\" loading=\"lazy\" class=\"size-full wp-image-1917 aligncenter\" src=\"http:\/\/photostory.dk\/wp-content\/uploads\/2017\/01\/karlslunde_0043_styropak.jpg\" alt=\"\" width=\"550\" height=\"775\" srcset=\"https:\/\/www.photostory.dk\/wp-content\/uploads\/2017\/01\/karlslunde_0043_styropak.jpg 550w, https:\/\/www.photostory.dk\/wp-content\/uploads\/2017\/01\/karlslunde_0043_styropak-156x220.jpg 156w\" sizes=\"(max-width: 550px) 100vw, 550px\" \/><\/a><\/p>\n<p style=\"text-align: center;\">Styropak i Karlslunde 1981<br \/>\nMotorgangen 2690 Karlslunde<\/p>\n<p>Styropak. I gamle dage l\u00e5 der en mark. Der var sikkert en mand som ejede den. Manden solgte den til Styropack. Nedenunder kan du l\u00e6se, hvad det er nu. I dag er det et tomt hus, som for to \u00e5r siden var en fabrik med mange arbejdere. I fremtiden bliver det oprettet eller revet ned.<\/p>\n<p>\u00bbKarlslunde f\u00f8r og nu \u2013 og lidt om fremtiden\u00ab er titlen p\u00e5 et undervisningsforl\u00f8b, som eleverne i en 4. klasse med stor dygtighed udf\u00f8rte p\u00e5 Karlslunde Skole i Greve Kommune i slutningen af \u00e5ret 1981. Se mere om undervisningsforl\u00f8bet <a href=\"http:\/\/photostory.dk\/?page_id=297\">her!<\/a><\/p>\n<p style=\"text-align: center;\"><a href=\"http:\/\/photostory.dk\/?page_id=289\">Oversigt over \u00bbKarlslunde f\u00f8r og nu \u2013 og lidt om fremtiden\u00ab 1981<\/a><\/p>\n","protected":false},"excerpt":{"rendered":"<p>Styropak i Karlslunde 1981 Motorgangen 2690 Karlslunde Styropak. I gamle dage l\u00e5 der en mark. Der var sikkert en mand som ejede den. Manden solgte den til Styropack. Nedenunder kan du l\u00e6se, hvad det er nu. I dag er det et tomt hus, som for to \u00e5r siden var en fabrik med mange arbejdere. I &hellip; <a href=\"https:\/\/www.photostory.dk\/?page_id=1916\" class=\"more-link\">L\u00e6s mere <span class=\"screen-reader-text\">Styropak i Karlslunde 1981 Motorgangen 2690 Karlslunde<\/span><\/a><\/p>\n","protected":false},"author":1,"featured_media":0,"parent":0,"menu_order":0,"comment_status":"closed","ping_status":"closed","template":"","meta":[],"_links":{"self":[{"href":"https:\/\/www.photostory.dk\/index.php?rest_route=\/wp\/v2\/pages\/1916"}],"collection":[{"href":"https:\/\/www.photostory.dk\/index.php?rest_route=\/wp\/v2\/pages"}],"about":[{"href":"https:\/\/www.photostory.dk\/index.php?rest_route=\/wp\/v2\/types\/page"}],"author":[{"embeddable":true,"href":"https:\/\/www.photostory.dk\/index.php?rest_route=\/wp\/v2\/users\/1"}],"replies":[{"embeddable":true,"href":"https:\/\/www.photostory.dk\/index.php?rest_route=%2Fwp%2Fv2%2Fcomments&post=1916"}],"version-history":[{"count":1,"href":"https:\/\/www.photostory.dk\/index.php?rest_route=\/wp\/v2\/pages\/1916\/revisions"}],"predecessor-version":[{"id":1918,"href":"https:\/\/www.photostory.dk\/index.php?rest_route=\/wp\/v2\/pages\/1916\/revisions\/1918"}],"wp:attachment":[{"href":"https:\/\/www.photostory.dk\/index.php?rest_route=%2Fwp%2Fv2%2Fmedia&parent=1916"}],"curies":[{"name":"wp","href":"https:\/\/api.w.org\/{rel}","templated":true}]}}