{"id":1913,"date":"2017-01-18T16:51:28","date_gmt":"2017-01-18T16:51:28","guid":{"rendered":"http:\/\/photostory.dk\/?page_id=1913"},"modified":"2017-01-18T16:51:28","modified_gmt":"2017-01-18T16:51:28","slug":"dansk-folkeferie-og-aktiestykket-ved-karlslunde-strand-1981","status":"publish","type":"page","link":"https:\/\/www.photostory.dk\/?page_id=1913","title":{"rendered":"Dansk Folkeferie og Aktiestykket ved Karlslunde Strand 1981"},"content":{"rendered":"<p><a href=\"http:\/\/photostory.dk\/wp-content\/uploads\/2017\/01\/0042_folkeferie-aktiestykket.jpg\"><img decoding=\"async\" loading=\"lazy\" class=\"size-full wp-image-1914 aligncenter\" src=\"http:\/\/photostory.dk\/wp-content\/uploads\/2017\/01\/0042_folkeferie-aktiestykket.jpg\" alt=\"\" width=\"550\" height=\"775\" srcset=\"https:\/\/www.photostory.dk\/wp-content\/uploads\/2017\/01\/0042_folkeferie-aktiestykket.jpg 550w, https:\/\/www.photostory.dk\/wp-content\/uploads\/2017\/01\/0042_folkeferie-aktiestykket-156x220.jpg 156w\" sizes=\"(max-width: 550px) 100vw, 550px\" \/><\/a><\/p>\n<p style=\"text-align: center;\">Dansk Folkeferie og Aktiestykket ved Karlslunde Strand 1981<br \/>\nDansk Folkeferie Karlslunde Strandvej 87 &#8211; 2690 Karlslunde<\/p>\n<p>\u00bbKarlslunde f\u00f8r og nu \u2013 og lidt om fremtiden\u00ab er titlen p\u00e5 et undervisningsforl\u00f8b, som eleverne i en 4. klasse med stor dygtighed udf\u00f8rte p\u00e5 Karlslunde Skole i Greve Kommune i slutningen af \u00e5ret 1981. Se mere om undervisningsforl\u00f8bet <a href=\"http:\/\/photostory.dk\/?page_id=297\">her!<\/a><\/p>\n<p style=\"text-align: center;\"><a href=\"http:\/\/photostory.dk\/?page_id=289\">Oversigt over \u00bbKarlslunde f\u00f8r og nu \u2013 og lidt om fremtiden\u00ab 1981<\/a><\/p>\n","protected":false},"excerpt":{"rendered":"<p>Dansk Folkeferie og Aktiestykket ved Karlslunde Strand 1981 Dansk Folkeferie Karlslunde Strandvej 87 &#8211; 2690 Karlslunde \u00bbKarlslunde f\u00f8r og nu \u2013 og lidt om fremtiden\u00ab er titlen p\u00e5 et undervisningsforl\u00f8b, som eleverne i en 4. klasse med stor dygtighed udf\u00f8rte p\u00e5 Karlslunde Skole i Greve Kommune i slutningen af \u00e5ret 1981. Se mere om undervisningsforl\u00f8bet &hellip; <a href=\"https:\/\/www.photostory.dk\/?page_id=1913\" class=\"more-link\">L\u00e6s mere <span class=\"screen-reader-text\">Dansk Folkeferie og Aktiestykket ved Karlslunde Strand 1981<\/span><\/a><\/p>\n","protected":false},"author":1,"featured_media":0,"parent":0,"menu_order":0,"comment_status":"closed","ping_status":"closed","template":"","meta":[],"_links":{"self":[{"href":"https:\/\/www.photostory.dk\/index.php?rest_route=\/wp\/v2\/pages\/1913"}],"collection":[{"href":"https:\/\/www.photostory.dk\/index.php?rest_route=\/wp\/v2\/pages"}],"about":[{"href":"https:\/\/www.photostory.dk\/index.php?rest_route=\/wp\/v2\/types\/page"}],"author":[{"embeddable":true,"href":"https:\/\/www.photostory.dk\/index.php?rest_route=\/wp\/v2\/users\/1"}],"replies":[{"embeddable":true,"href":"https:\/\/www.photostory.dk\/index.php?rest_route=%2Fwp%2Fv2%2Fcomments&post=1913"}],"version-history":[{"count":1,"href":"https:\/\/www.photostory.dk\/index.php?rest_route=\/wp\/v2\/pages\/1913\/revisions"}],"predecessor-version":[{"id":1915,"href":"https:\/\/www.photostory.dk\/index.php?rest_route=\/wp\/v2\/pages\/1913\/revisions\/1915"}],"wp:attachment":[{"href":"https:\/\/www.photostory.dk\/index.php?rest_route=%2Fwp%2Fv2%2Fmedia&parent=1913"}],"curies":[{"name":"wp","href":"https:\/\/api.w.org\/{rel}","templated":true}]}}