{"id":1893,"date":"2017-01-18T16:20:07","date_gmt":"2017-01-18T16:20:07","guid":{"rendered":"http:\/\/photostory.dk\/?page_id=1893"},"modified":"2017-01-18T16:20:07","modified_gmt":"2017-01-18T16:20:07","slug":"fugleparken-i-karlslunde-1981","status":"publish","type":"page","link":"https:\/\/www.photostory.dk\/?page_id=1893","title":{"rendered":"Fugleparken i Karlslunde 1981"},"content":{"rendered":"<p><a href=\"http:\/\/photostory.dk\/wp-content\/uploads\/2017\/01\/karlslunde_0038_fugleparken.jpg\"><img decoding=\"async\" loading=\"lazy\" class=\"size-full wp-image-1894 aligncenter\" src=\"http:\/\/photostory.dk\/wp-content\/uploads\/2017\/01\/karlslunde_0038_fugleparken.jpg\" alt=\"\" width=\"550\" height=\"775\" srcset=\"https:\/\/www.photostory.dk\/wp-content\/uploads\/2017\/01\/karlslunde_0038_fugleparken.jpg 550w, https:\/\/www.photostory.dk\/wp-content\/uploads\/2017\/01\/karlslunde_0038_fugleparken-156x220.jpg 156w\" sizes=\"(max-width: 550px) 100vw, 550px\" \/><\/a><\/p>\n<p style=\"text-align: center;\">Fugleparken i Karlslunde 1981<br \/>\nFugleparken 2690 Karlslunde<\/p>\n<p>I gamle dage h\u00f8rte Fugleparken med til g\u00e5rden Firh\u00f8jg\u00e5rd, men nu ligger der det der hedder Fugleparken.<br \/>\nI dag ligger der det man kalder Fugleparken med mange huse og haver.<br \/>\nI fremtiden h\u00e5ber vi alle, at Fugleparken vil blive liggende.<\/p>\n<p>\u00bbKarlslunde f\u00f8r og nu \u2013 og lidt om fremtiden\u00ab er titlen p\u00e5 et undervisningsforl\u00f8b, som eleverne i en 4. klasse med stor dygtighed udf\u00f8rte p\u00e5 Karlslunde Skole i Greve Kommune i slutningen af \u00e5ret 1981. Se mere om undervisningsforl\u00f8bet <a href=\"http:\/\/photostory.dk\/?page_id=297\">her!<\/a><\/p>\n<p style=\"text-align: center;\"><a href=\"http:\/\/photostory.dk\/?page_id=289\">Oversigt over \u00bbKarlslunde f\u00f8r og nu \u2013 og lidt om fremtiden\u00ab 1981<\/a><\/p>\n","protected":false},"excerpt":{"rendered":"<p>Fugleparken i Karlslunde 1981 Fugleparken 2690 Karlslunde I gamle dage h\u00f8rte Fugleparken med til g\u00e5rden Firh\u00f8jg\u00e5rd, men nu ligger der det der hedder Fugleparken. I dag ligger der det man kalder Fugleparken med mange huse og haver. I fremtiden h\u00e5ber vi alle, at Fugleparken vil blive liggende. \u00bbKarlslunde f\u00f8r og nu \u2013 og lidt om &hellip; <a href=\"https:\/\/www.photostory.dk\/?page_id=1893\" class=\"more-link\">L\u00e6s mere <span class=\"screen-reader-text\">Fugleparken i Karlslunde 1981<\/span><\/a><\/p>\n","protected":false},"author":1,"featured_media":0,"parent":0,"menu_order":0,"comment_status":"closed","ping_status":"closed","template":"","meta":[],"_links":{"self":[{"href":"https:\/\/www.photostory.dk\/index.php?rest_route=\/wp\/v2\/pages\/1893"}],"collection":[{"href":"https:\/\/www.photostory.dk\/index.php?rest_route=\/wp\/v2\/pages"}],"about":[{"href":"https:\/\/www.photostory.dk\/index.php?rest_route=\/wp\/v2\/types\/page"}],"author":[{"embeddable":true,"href":"https:\/\/www.photostory.dk\/index.php?rest_route=\/wp\/v2\/users\/1"}],"replies":[{"embeddable":true,"href":"https:\/\/www.photostory.dk\/index.php?rest_route=%2Fwp%2Fv2%2Fcomments&post=1893"}],"version-history":[{"count":1,"href":"https:\/\/www.photostory.dk\/index.php?rest_route=\/wp\/v2\/pages\/1893\/revisions"}],"predecessor-version":[{"id":1895,"href":"https:\/\/www.photostory.dk\/index.php?rest_route=\/wp\/v2\/pages\/1893\/revisions\/1895"}],"wp:attachment":[{"href":"https:\/\/www.photostory.dk\/index.php?rest_route=%2Fwp%2Fv2%2Fmedia&parent=1893"}],"curies":[{"name":"wp","href":"https:\/\/api.w.org\/{rel}","templated":true}]}}