{"id":1888,"date":"2017-01-18T16:14:53","date_gmt":"2017-01-18T16:14:53","guid":{"rendered":"http:\/\/photostory.dk\/?page_id=1888"},"modified":"2017-01-18T16:16:57","modified_gmt":"2017-01-18T16:16:57","slug":"1888-2","status":"publish","type":"page","link":"https:\/\/www.photostory.dk\/?page_id=1888","title":{"rendered":"Fugleparken Fritidshjem. Anne Marie Alle 102"},"content":{"rendered":"<p><a href=\"http:\/\/photostory.dk\/wp-content\/uploads\/2017\/01\/karlslunde_0037_fritidshjem-fuglebakken.jpg\"><img decoding=\"async\" loading=\"lazy\" class=\"size-full wp-image-1889 aligncenter\" src=\"http:\/\/photostory.dk\/wp-content\/uploads\/2017\/01\/karlslunde_0037_fritidshjem-fuglebakken.jpg\" alt=\"\" width=\"550\" height=\"775\" srcset=\"https:\/\/www.photostory.dk\/wp-content\/uploads\/2017\/01\/karlslunde_0037_fritidshjem-fuglebakken.jpg 550w, https:\/\/www.photostory.dk\/wp-content\/uploads\/2017\/01\/karlslunde_0037_fritidshjem-fuglebakken-156x220.jpg 156w\" sizes=\"(max-width: 550px) 100vw, 550px\" \/><\/a><\/p>\n<p style=\"text-align: center;\">Fritidshjemmet i Fugleparken Karlslunde 1981<br \/>\nFugleparken Fritidshjem. Anne Marie Alle 102<\/p>\n<p>I gamle dage l\u00e5 der en mark. Der skulle have ligget en sv\u00f8mmehal.<br \/>\nI dag ligger der et fritidshjem, hvor man kan blive passet.<br \/>\nI fremtiden h\u00e5ber vi at det vil blive liggende, s\u00e5 b\u00f8rnene kan blive passet.<\/p>\n<p>\u00bbKarlslunde f\u00f8r og nu \u2013 og lidt om fremtiden\u00ab er titlen p\u00e5 et undervisningsforl\u00f8b, som eleverne i en 4. klasse med stor dygtighed udf\u00f8rte p\u00e5 Karlslunde Skole i Greve Kommune i slutningen af \u00e5ret 1981. Se mere om undervisningsforl\u00f8bet <a href=\"http:\/\/photostory.dk\/?page_id=297\">her!<\/a><\/p>\n<p style=\"text-align: center;\"><a href=\"http:\/\/photostory.dk\/?page_id=289\">Oversigt over \u00bbKarlslunde f\u00f8r og nu \u2013 og lidt om fremtiden\u00ab 1981<\/a><\/p>\n","protected":false},"excerpt":{"rendered":"<p>Fritidshjemmet i Fugleparken Karlslunde 1981 Fugleparken Fritidshjem. Anne Marie Alle 102 I gamle dage l\u00e5 der en mark. Der skulle have ligget en sv\u00f8mmehal. I dag ligger der et fritidshjem, hvor man kan blive passet. I fremtiden h\u00e5ber vi at det vil blive liggende, s\u00e5 b\u00f8rnene kan blive passet. \u00bbKarlslunde f\u00f8r og nu \u2013 og &hellip; <a href=\"https:\/\/www.photostory.dk\/?page_id=1888\" class=\"more-link\">L\u00e6s mere <span class=\"screen-reader-text\">Fugleparken Fritidshjem. Anne Marie Alle 102<\/span><\/a><\/p>\n","protected":false},"author":1,"featured_media":0,"parent":0,"menu_order":0,"comment_status":"closed","ping_status":"closed","template":"","meta":[],"_links":{"self":[{"href":"https:\/\/www.photostory.dk\/index.php?rest_route=\/wp\/v2\/pages\/1888"}],"collection":[{"href":"https:\/\/www.photostory.dk\/index.php?rest_route=\/wp\/v2\/pages"}],"about":[{"href":"https:\/\/www.photostory.dk\/index.php?rest_route=\/wp\/v2\/types\/page"}],"author":[{"embeddable":true,"href":"https:\/\/www.photostory.dk\/index.php?rest_route=\/wp\/v2\/users\/1"}],"replies":[{"embeddable":true,"href":"https:\/\/www.photostory.dk\/index.php?rest_route=%2Fwp%2Fv2%2Fcomments&post=1888"}],"version-history":[{"count":3,"href":"https:\/\/www.photostory.dk\/index.php?rest_route=\/wp\/v2\/pages\/1888\/revisions"}],"predecessor-version":[{"id":1892,"href":"https:\/\/www.photostory.dk\/index.php?rest_route=\/wp\/v2\/pages\/1888\/revisions\/1892"}],"wp:attachment":[{"href":"https:\/\/www.photostory.dk\/index.php?rest_route=%2Fwp%2Fv2%2Fmedia&parent=1888"}],"curies":[{"name":"wp","href":"https:\/\/api.w.org\/{rel}","templated":true}]}}