{"id":1885,"date":"2017-01-18T16:10:52","date_gmt":"2017-01-18T16:10:52","guid":{"rendered":"http:\/\/photostory.dk\/?page_id=1885"},"modified":"2017-01-18T16:10:52","modified_gmt":"2017-01-18T16:10:52","slug":"aldi-marked-ks-centrallager-roergangen-1-5-2690-karlslunde","status":"publish","type":"page","link":"https:\/\/www.photostory.dk\/?page_id=1885","title":{"rendered":"Aldi Marked K\/S Centrallager &#8211; R\u00f8rgangen 1-5, 2690 Karlslunde"},"content":{"rendered":"<p><a href=\"http:\/\/photostory.dk\/wp-content\/uploads\/2017\/01\/karlslunde_0036_aldi.jpg\"><img decoding=\"async\" loading=\"lazy\" class=\"size-full wp-image-1886 aligncenter\" src=\"http:\/\/photostory.dk\/wp-content\/uploads\/2017\/01\/karlslunde_0036_aldi.jpg\" alt=\"\" width=\"550\" height=\"775\" srcset=\"https:\/\/www.photostory.dk\/wp-content\/uploads\/2017\/01\/karlslunde_0036_aldi.jpg 550w, https:\/\/www.photostory.dk\/wp-content\/uploads\/2017\/01\/karlslunde_0036_aldi-156x220.jpg 156w\" sizes=\"(max-width: 550px) 100vw, 550px\" \/><\/a><\/p>\n<p style=\"text-align: center;\">Aldi i Karlslunde 1981<br \/>\nAldi Marked K\/S Centrallager &#8211; R\u00f8rgangen 1-5, 2690 Karlslunde<\/p>\n<p>I gamle dage var Aldi ikke som det er nu, men i stedet for l\u00e5 der noget andet. Det var en mark med mange dyr p\u00e5 marken..\u00a0I dag er Aldi helt anderledes. For der er ingen mark og ingen dyr, men i stedet er der en lang bygning, hvor der sidder nogle mennesker.\u00a0I fremtiden bliver det vel nok, som det hele tiden har v\u00e6ret.<\/p>\n<p>\u00bbKarlslunde f\u00f8r og nu \u2013 og lidt om fremtiden\u00ab er titlen p\u00e5 et undervisningsforl\u00f8b, som eleverne i en 4. klasse med stor dygtighed udf\u00f8rte p\u00e5 Karlslunde Skole i Greve Kommune i slutningen af \u00e5ret 1981. Se mere om undervisningsforl\u00f8bet <a href=\"http:\/\/photostory.dk\/?page_id=297\">her!<\/a><\/p>\n<p style=\"text-align: center;\"><a href=\"http:\/\/photostory.dk\/?page_id=289\">Oversigt over \u00bbKarlslunde f\u00f8r og nu \u2013 og lidt om fremtiden\u00ab 1981<\/a><\/p>\n","protected":false},"excerpt":{"rendered":"<p>Aldi i Karlslunde 1981 Aldi Marked K\/S Centrallager &#8211; R\u00f8rgangen 1-5, 2690 Karlslunde I gamle dage var Aldi ikke som det er nu, men i stedet for l\u00e5 der noget andet. Det var en mark med mange dyr p\u00e5 marken..\u00a0I dag er Aldi helt anderledes. For der er ingen mark og ingen dyr, men i &hellip; <a href=\"https:\/\/www.photostory.dk\/?page_id=1885\" class=\"more-link\">L\u00e6s mere <span class=\"screen-reader-text\">Aldi Marked K\/S Centrallager &#8211; R\u00f8rgangen 1-5, 2690 Karlslunde<\/span><\/a><\/p>\n","protected":false},"author":1,"featured_media":0,"parent":0,"menu_order":0,"comment_status":"closed","ping_status":"closed","template":"","meta":[],"_links":{"self":[{"href":"https:\/\/www.photostory.dk\/index.php?rest_route=\/wp\/v2\/pages\/1885"}],"collection":[{"href":"https:\/\/www.photostory.dk\/index.php?rest_route=\/wp\/v2\/pages"}],"about":[{"href":"https:\/\/www.photostory.dk\/index.php?rest_route=\/wp\/v2\/types\/page"}],"author":[{"embeddable":true,"href":"https:\/\/www.photostory.dk\/index.php?rest_route=\/wp\/v2\/users\/1"}],"replies":[{"embeddable":true,"href":"https:\/\/www.photostory.dk\/index.php?rest_route=%2Fwp%2Fv2%2Fcomments&post=1885"}],"version-history":[{"count":1,"href":"https:\/\/www.photostory.dk\/index.php?rest_route=\/wp\/v2\/pages\/1885\/revisions"}],"predecessor-version":[{"id":1887,"href":"https:\/\/www.photostory.dk\/index.php?rest_route=\/wp\/v2\/pages\/1885\/revisions\/1887"}],"wp:attachment":[{"href":"https:\/\/www.photostory.dk\/index.php?rest_route=%2Fwp%2Fv2%2Fmedia&parent=1885"}],"curies":[{"name":"wp","href":"https:\/\/api.w.org\/{rel}","templated":true}]}}