{"id":1870,"date":"2017-01-18T14:43:58","date_gmt":"2017-01-18T14:43:58","guid":{"rendered":"http:\/\/photostory.dk\/?page_id=1870"},"modified":"2017-01-18T14:45:32","modified_gmt":"2017-01-18T14:45:32","slug":"karlslunde-hallen-1981","status":"publish","type":"page","link":"https:\/\/www.photostory.dk\/?page_id=1870","title":{"rendered":"Karlslunde Hallen 1981"},"content":{"rendered":"<p><a href=\"http:\/\/photostory.dk\/wp-content\/uploads\/2017\/01\/karlslunde_0034_hallen.jpg\"><img decoding=\"async\" loading=\"lazy\" class=\"size-full wp-image-1871 aligncenter\" src=\"http:\/\/photostory.dk\/wp-content\/uploads\/2017\/01\/karlslunde_0034_hallen.jpg\" alt=\"\" width=\"550\" height=\"775\" srcset=\"https:\/\/www.photostory.dk\/wp-content\/uploads\/2017\/01\/karlslunde_0034_hallen.jpg 550w, https:\/\/www.photostory.dk\/wp-content\/uploads\/2017\/01\/karlslunde_0034_hallen-156x220.jpg 156w\" sizes=\"(max-width: 550px) 100vw, 550px\" \/><\/a><\/p>\n<p style=\"text-align: center;\">Karlslunde Hallen 1981<br \/>\nKarlslunde Hallerne Kongens Enge 42 2690 Karlslunde<\/p>\n<p>Hallen. I gamle dage fandtes der ikke en s\u00e5 flot hal som nu. Jeg tror at det m\u00e5ske var et gammelt tr\u00e6skur til at skifte t\u00f8j i. Brusebad fandtes heller ikke, m\u00e5ske var der en vandslange.\u00a0I dag er der b\u00e5de cafeteria, brusebad, badmintons baner og fine omkl\u00e6dningsrum.\u00a0Karlslunde Hallen og Safari!<\/p>\n<p>\u00bbKarlslunde f\u00f8r og nu \u2013 og lidt om fremtiden\u00ab er titlen p\u00e5 et undervisningsforl\u00f8b, som eleverne i en 4. klasse med stor dygtighed udf\u00f8rte p\u00e5 Karlslunde Skole i Greve Kommune i slutningen af \u00e5ret 1981. Se mere om undervisningsforl\u00f8bet <a href=\"http:\/\/photostory.dk\/?page_id=297\">her!<\/a><\/p>\n<p style=\"text-align: center;\"><a href=\"http:\/\/photostory.dk\/?page_id=289\">Oversigt over \u00bbKarlslunde f\u00f8r og nu \u2013 og lidt om fremtiden\u00ab 1981<\/a><\/p>\n","protected":false},"excerpt":{"rendered":"<p>Karlslunde Hallen 1981 Karlslunde Hallerne Kongens Enge 42 2690 Karlslunde Hallen. I gamle dage fandtes der ikke en s\u00e5 flot hal som nu. Jeg tror at det m\u00e5ske var et gammelt tr\u00e6skur til at skifte t\u00f8j i. Brusebad fandtes heller ikke, m\u00e5ske var der en vandslange.\u00a0I dag er der b\u00e5de cafeteria, brusebad, badmintons baner og &hellip; <a href=\"https:\/\/www.photostory.dk\/?page_id=1870\" class=\"more-link\">L\u00e6s mere <span class=\"screen-reader-text\">Karlslunde Hallen 1981<\/span><\/a><\/p>\n","protected":false},"author":1,"featured_media":0,"parent":0,"menu_order":0,"comment_status":"closed","ping_status":"closed","template":"","meta":[],"_links":{"self":[{"href":"https:\/\/www.photostory.dk\/index.php?rest_route=\/wp\/v2\/pages\/1870"}],"collection":[{"href":"https:\/\/www.photostory.dk\/index.php?rest_route=\/wp\/v2\/pages"}],"about":[{"href":"https:\/\/www.photostory.dk\/index.php?rest_route=\/wp\/v2\/types\/page"}],"author":[{"embeddable":true,"href":"https:\/\/www.photostory.dk\/index.php?rest_route=\/wp\/v2\/users\/1"}],"replies":[{"embeddable":true,"href":"https:\/\/www.photostory.dk\/index.php?rest_route=%2Fwp%2Fv2%2Fcomments&post=1870"}],"version-history":[{"count":2,"href":"https:\/\/www.photostory.dk\/index.php?rest_route=\/wp\/v2\/pages\/1870\/revisions"}],"predecessor-version":[{"id":1873,"href":"https:\/\/www.photostory.dk\/index.php?rest_route=\/wp\/v2\/pages\/1870\/revisions\/1873"}],"wp:attachment":[{"href":"https:\/\/www.photostory.dk\/index.php?rest_route=%2Fwp%2Fv2%2Fmedia&parent=1870"}],"curies":[{"name":"wp","href":"https:\/\/api.w.org\/{rel}","templated":true}]}}