{"id":1847,"date":"2017-01-17T22:53:23","date_gmt":"2017-01-17T22:53:23","guid":{"rendered":"http:\/\/photostory.dk\/?page_id=1847"},"modified":"2017-01-17T22:53:23","modified_gmt":"2017-01-17T22:53:23","slug":"drivhuse-i-karlstrup-1981","status":"publish","type":"page","link":"https:\/\/www.photostory.dk\/?page_id=1847","title":{"rendered":"Drivhuse i Karlstrup 1981"},"content":{"rendered":"<p style=\"text-align: center;\"><a href=\"http:\/\/photostory.dk\/wp-content\/uploads\/2017\/01\/karlslunde_0031_drivhuse.jpg\"><img decoding=\"async\" loading=\"lazy\" class=\"alignnone size-full wp-image-1848\" src=\"http:\/\/photostory.dk\/wp-content\/uploads\/2017\/01\/karlslunde_0031_drivhuse.jpg\" alt=\"\" width=\"550\" height=\"775\" srcset=\"https:\/\/www.photostory.dk\/wp-content\/uploads\/2017\/01\/karlslunde_0031_drivhuse.jpg 550w, https:\/\/www.photostory.dk\/wp-content\/uploads\/2017\/01\/karlslunde_0031_drivhuse-156x220.jpg 156w\" sizes=\"(max-width: 550px) 100vw, 550px\" \/><\/a><\/p>\n<p style=\"text-align: center;\">Drivhuse i Karlstrup 1981<\/p>\n<p style=\"text-align: left;\">Drivhuse i Karlstrup. I gamle dage l\u00e5 der en mark. Senere blev der bygget et drivhus. Efterh\u00e5nden kom der flere og det kom til at se ud som i dag. I dag er der fire drivhuse. De bliver brugt til planter frugt, gr\u00f8ntsager og druer. I fremtiden vil der nok komme flere drivhuse.<\/p>\n<p>\u00bbKarlslunde f\u00f8r og nu \u2013 og lidt om fremtiden\u00ab er titlen p\u00e5 et undervisningsforl\u00f8b, som eleverne i en 4. klasse med stor dygtighed udf\u00f8rte p\u00e5 Karlslunde Skole i Greve Kommune i slutningen af \u00e5ret 1981. Se mere om undervisningsforl\u00f8bet <a href=\"http:\/\/photostory.dk\/?page_id=297\">her!<\/a><\/p>\n<p style=\"text-align: center;\"><a href=\"http:\/\/photostory.dk\/?page_id=289\">Oversigt over \u00bbKarlslunde f\u00f8r og nu \u2013 og lidt om fremtiden\u00ab 1981<\/a><\/p>\n","protected":false},"excerpt":{"rendered":"<p>Drivhuse i Karlstrup 1981 Drivhuse i Karlstrup. I gamle dage l\u00e5 der en mark. Senere blev der bygget et drivhus. Efterh\u00e5nden kom der flere og det kom til at se ud som i dag. I dag er der fire drivhuse. De bliver brugt til planter frugt, gr\u00f8ntsager og druer. I fremtiden vil der nok komme &hellip; <a href=\"https:\/\/www.photostory.dk\/?page_id=1847\" class=\"more-link\">L\u00e6s mere <span class=\"screen-reader-text\">Drivhuse i Karlstrup 1981<\/span><\/a><\/p>\n","protected":false},"author":1,"featured_media":0,"parent":0,"menu_order":0,"comment_status":"closed","ping_status":"closed","template":"","meta":[],"_links":{"self":[{"href":"https:\/\/www.photostory.dk\/index.php?rest_route=\/wp\/v2\/pages\/1847"}],"collection":[{"href":"https:\/\/www.photostory.dk\/index.php?rest_route=\/wp\/v2\/pages"}],"about":[{"href":"https:\/\/www.photostory.dk\/index.php?rest_route=\/wp\/v2\/types\/page"}],"author":[{"embeddable":true,"href":"https:\/\/www.photostory.dk\/index.php?rest_route=\/wp\/v2\/users\/1"}],"replies":[{"embeddable":true,"href":"https:\/\/www.photostory.dk\/index.php?rest_route=%2Fwp%2Fv2%2Fcomments&post=1847"}],"version-history":[{"count":1,"href":"https:\/\/www.photostory.dk\/index.php?rest_route=\/wp\/v2\/pages\/1847\/revisions"}],"predecessor-version":[{"id":1849,"href":"https:\/\/www.photostory.dk\/index.php?rest_route=\/wp\/v2\/pages\/1847\/revisions\/1849"}],"wp:attachment":[{"href":"https:\/\/www.photostory.dk\/index.php?rest_route=%2Fwp%2Fv2%2Fmedia&parent=1847"}],"curies":[{"name":"wp","href":"https:\/\/api.w.org\/{rel}","templated":true}]}}