{"id":1844,"date":"2017-01-17T22:49:27","date_gmt":"2017-01-17T22:49:27","guid":{"rendered":"http:\/\/photostory.dk\/?page_id=1844"},"modified":"2017-01-17T22:49:27","modified_gmt":"2017-01-17T22:49:27","slug":"fdf-fpf-huset-lyren-i-karlslunde-1981","status":"publish","type":"page","link":"https:\/\/www.photostory.dk\/?page_id=1844","title":{"rendered":"FDF-FPF huset &#8220;Lyren&#8221; i Karlslunde 1981"},"content":{"rendered":"<p><a href=\"http:\/\/photostory.dk\/wp-content\/uploads\/2017\/01\/karlslunde_0030_lyren.jpg\"><img decoding=\"async\" loading=\"lazy\" class=\"size-full wp-image-1845 aligncenter\" src=\"http:\/\/photostory.dk\/wp-content\/uploads\/2017\/01\/karlslunde_0030_lyren.jpg\" alt=\"\" width=\"550\" height=\"775\" srcset=\"https:\/\/www.photostory.dk\/wp-content\/uploads\/2017\/01\/karlslunde_0030_lyren.jpg 550w, https:\/\/www.photostory.dk\/wp-content\/uploads\/2017\/01\/karlslunde_0030_lyren-156x220.jpg 156w\" sizes=\"(max-width: 550px) 100vw, 550px\" \/><\/a><\/p>\n<p style=\"text-align: center;\">FDF-FPF huset &#8220;Lyren&#8221; i Karlslunde 1981<br \/>\nKarlslunde Mosevej 69 2690 Karlslunde<\/p>\n<p>I gamle dage gik havet helt op til hvor Lyren nu ligger.<br \/>\nI dag er Lyren FDF &#8211; FPF huset, et godt samlingssted for b\u00f8rn og unge at m\u00f8des.<br \/>\nI fremtiden h\u00e5ber jeg at det stadig vil v\u00e6re et sted for b\u00f8rn og unge at m\u00f8des.<\/p>\n<p>\u00bbKarlslunde f\u00f8r og nu \u2013 og lidt om fremtiden\u00ab er titlen p\u00e5 et undervisningsforl\u00f8b, som eleverne i en 4. klasse med stor dygtighed udf\u00f8rte p\u00e5 Karlslunde Skole i Greve Kommune i slutningen af \u00e5ret 1981. Se mere om undervisningsforl\u00f8bet <a href=\"http:\/\/photostory.dk\/?page_id=297\">her!<\/a><\/p>\n<p style=\"text-align: center;\"><a href=\"http:\/\/photostory.dk\/?page_id=289\">Oversigt over \u00bbKarlslunde f\u00f8r og nu \u2013 og lidt om fremtiden\u00ab 1981<\/a><\/p>\n","protected":false},"excerpt":{"rendered":"<p>FDF-FPF huset &#8220;Lyren&#8221; i Karlslunde 1981 Karlslunde Mosevej 69 2690 Karlslunde I gamle dage gik havet helt op til hvor Lyren nu ligger. I dag er Lyren FDF &#8211; FPF huset, et godt samlingssted for b\u00f8rn og unge at m\u00f8des. I fremtiden h\u00e5ber jeg at det stadig vil v\u00e6re et sted for b\u00f8rn og unge &hellip; <a href=\"https:\/\/www.photostory.dk\/?page_id=1844\" class=\"more-link\">L\u00e6s mere <span class=\"screen-reader-text\">FDF-FPF huset &#8220;Lyren&#8221; i Karlslunde 1981<\/span><\/a><\/p>\n","protected":false},"author":1,"featured_media":0,"parent":0,"menu_order":0,"comment_status":"closed","ping_status":"closed","template":"","meta":[],"_links":{"self":[{"href":"https:\/\/www.photostory.dk\/index.php?rest_route=\/wp\/v2\/pages\/1844"}],"collection":[{"href":"https:\/\/www.photostory.dk\/index.php?rest_route=\/wp\/v2\/pages"}],"about":[{"href":"https:\/\/www.photostory.dk\/index.php?rest_route=\/wp\/v2\/types\/page"}],"author":[{"embeddable":true,"href":"https:\/\/www.photostory.dk\/index.php?rest_route=\/wp\/v2\/users\/1"}],"replies":[{"embeddable":true,"href":"https:\/\/www.photostory.dk\/index.php?rest_route=%2Fwp%2Fv2%2Fcomments&post=1844"}],"version-history":[{"count":1,"href":"https:\/\/www.photostory.dk\/index.php?rest_route=\/wp\/v2\/pages\/1844\/revisions"}],"predecessor-version":[{"id":1846,"href":"https:\/\/www.photostory.dk\/index.php?rest_route=\/wp\/v2\/pages\/1844\/revisions\/1846"}],"wp:attachment":[{"href":"https:\/\/www.photostory.dk\/index.php?rest_route=%2Fwp%2Fv2%2Fmedia&parent=1844"}],"curies":[{"name":"wp","href":"https:\/\/api.w.org\/{rel}","templated":true}]}}