{"id":1837,"date":"2017-01-17T22:44:27","date_gmt":"2017-01-17T22:44:27","guid":{"rendered":"http:\/\/photostory.dk\/?page_id=1837"},"modified":"2017-01-17T22:45:30","modified_gmt":"2017-01-17T22:45:30","slug":"plan-over-karlslunde-karlstrup-mose-1981","status":"publish","type":"page","link":"https:\/\/www.photostory.dk\/?page_id=1837","title":{"rendered":"Karlslunde-Karlstrup Mose 1981"},"content":{"rendered":"<p><a href=\"http:\/\/photostory.dk\/wp-content\/uploads\/2017\/01\/karlslunde_0028_plan-mose.jpg\"><img decoding=\"async\" loading=\"lazy\" class=\"wp-image-1840 size-full aligncenter\" src=\"http:\/\/photostory.dk\/wp-content\/uploads\/2017\/01\/karlslunde_0028_plan-mose-e1484692908965.jpg\" width=\"317\" height=\"279\" srcset=\"https:\/\/www.photostory.dk\/wp-content\/uploads\/2017\/01\/karlslunde_0028_plan-mose-e1484692908965.jpg 317w, https:\/\/www.photostory.dk\/wp-content\/uploads\/2017\/01\/karlslunde_0028_plan-mose-e1484692908965-250x220.jpg 250w\" sizes=\"(max-width: 317px) 100vw, 317px\" \/><\/a><\/p>\n<p style=\"text-align: center;\">Plan over Karlslunde-Karlstrup Mose 1981<\/p>\n<p>Plan over mosen. I\u00a0stenalderen s\u00e5 mosen ud som vist p\u00e5 billede A. Dengang havde mosen forbindelse med havet og stenalderfolk brugte b\u00e5de til havn og til at fiske i. I nyere tid ville man have mere landbrugsjord. Derfor gravede man kanaler, s\u00e5 vandet kunne l\u00f8be ud fra moseomr\u00e5det og mosen kom til at se ud som i dag. I 1979 ville nogle have lavet en rasteplads i en del af mosen. Der blev stemt om det, men det blev ikke vedtaget. I dag er mosen et godt fiskested for lystfiskere og forh\u00e5bentlig bliver den ved med at v\u00e6re et godt fritidsareal. Nedk\u00f8rsel til mosen.<\/p>\n<p><img decoding=\"async\" loading=\"lazy\" class=\"size-full wp-image-1839 aligncenter\" src=\"http:\/\/photostory.dk\/wp-content\/uploads\/2017\/01\/karlslunde_0029_mose-21.jpg\" alt=\"\" width=\"418\" height=\"316\" srcset=\"https:\/\/www.photostory.dk\/wp-content\/uploads\/2017\/01\/karlslunde_0029_mose-21.jpg 418w, https:\/\/www.photostory.dk\/wp-content\/uploads\/2017\/01\/karlslunde_0029_mose-21-291x220.jpg 291w\" sizes=\"(max-width: 418px) 100vw, 418px\" \/><\/p>\n<p>\u00bbKarlslunde f\u00f8r og nu \u2013 og lidt om fremtiden\u00ab er titlen p\u00e5 et undervisningsforl\u00f8b, som eleverne i en 4. klasse med stor dygtighed udf\u00f8rte p\u00e5 Karlslunde Skole i Greve Kommune i slutningen af \u00e5ret 1981. Se mere om undervisningsforl\u00f8bet <a href=\"http:\/\/photostory.dk\/?page_id=297\">her!<\/a><\/p>\n<p style=\"text-align: center;\"><a href=\"http:\/\/photostory.dk\/?page_id=289\">Oversigt over \u00bbKarlslunde f\u00f8r og nu \u2013 og lidt om fremtiden\u00ab 1981<\/a><\/p>\n","protected":false},"excerpt":{"rendered":"<p>Plan over Karlslunde-Karlstrup Mose 1981 Plan over mosen. I\u00a0stenalderen s\u00e5 mosen ud som vist p\u00e5 billede A. Dengang havde mosen forbindelse med havet og stenalderfolk brugte b\u00e5de til havn og til at fiske i. I nyere tid ville man have mere landbrugsjord. Derfor gravede man kanaler, s\u00e5 vandet kunne l\u00f8be ud fra moseomr\u00e5det og mosen &hellip; <a href=\"https:\/\/www.photostory.dk\/?page_id=1837\" class=\"more-link\">L\u00e6s mere <span class=\"screen-reader-text\">Karlslunde-Karlstrup Mose 1981<\/span><\/a><\/p>\n","protected":false},"author":1,"featured_media":0,"parent":0,"menu_order":0,"comment_status":"closed","ping_status":"closed","template":"","meta":[],"_links":{"self":[{"href":"https:\/\/www.photostory.dk\/index.php?rest_route=\/wp\/v2\/pages\/1837"}],"collection":[{"href":"https:\/\/www.photostory.dk\/index.php?rest_route=\/wp\/v2\/pages"}],"about":[{"href":"https:\/\/www.photostory.dk\/index.php?rest_route=\/wp\/v2\/types\/page"}],"author":[{"embeddable":true,"href":"https:\/\/www.photostory.dk\/index.php?rest_route=\/wp\/v2\/users\/1"}],"replies":[{"embeddable":true,"href":"https:\/\/www.photostory.dk\/index.php?rest_route=%2Fwp%2Fv2%2Fcomments&post=1837"}],"version-history":[{"count":3,"href":"https:\/\/www.photostory.dk\/index.php?rest_route=\/wp\/v2\/pages\/1837\/revisions"}],"predecessor-version":[{"id":1842,"href":"https:\/\/www.photostory.dk\/index.php?rest_route=\/wp\/v2\/pages\/1837\/revisions\/1842"}],"wp:attachment":[{"href":"https:\/\/www.photostory.dk\/index.php?rest_route=%2Fwp%2Fv2%2Fmedia&parent=1837"}],"curies":[{"name":"wp","href":"https:\/\/api.w.org\/{rel}","templated":true}]}}