{"id":1831,"date":"2017-01-17T15:51:24","date_gmt":"2017-01-17T15:51:24","guid":{"rendered":"http:\/\/photostory.dk\/?page_id=1831"},"modified":"2017-01-17T15:51:24","modified_gmt":"2017-01-17T15:51:24","slug":"korporalskroen-i-karlslunde-1981-taastrupvej-4","status":"publish","type":"page","link":"https:\/\/www.photostory.dk\/?page_id=1831","title":{"rendered":"Korporalskroen i Karlslunde 1981 T\u00e5strupvej 4"},"content":{"rendered":"<p style=\"text-align: center;\"><a href=\"http:\/\/photostory.dk\/wp-content\/uploads\/2017\/01\/karlslunde_0026_korporalskroen.jpg\"><img decoding=\"async\" loading=\"lazy\" class=\"size-full wp-image-1832 aligncenter\" src=\"http:\/\/photostory.dk\/wp-content\/uploads\/2017\/01\/karlslunde_0026_korporalskroen.jpg\" alt=\"\" width=\"550\" height=\"775\" srcset=\"https:\/\/www.photostory.dk\/wp-content\/uploads\/2017\/01\/karlslunde_0026_korporalskroen.jpg 550w, https:\/\/www.photostory.dk\/wp-content\/uploads\/2017\/01\/karlslunde_0026_korporalskroen-156x220.jpg 156w\" sizes=\"(max-width: 550px) 100vw, 550px\" \/><\/a><\/p>\n<p style=\"text-align: center;\">Korporalskroen i Karlslunde 1981<br \/>\nT\u00e5strupvej 4 &#8211; 2690 Karlslunde<\/p>\n<p>I gamle dage p\u00e5 denne tid hed kroen &#8220;Godaften Kroen&#8221; og var beliggende p\u00e5 Karlslunde Strand. I dag er kroen p\u00e5 en hel anden m\u00e5de. Loftet er p\u00e5 en hel anden m\u00e5de og stolene er ogs\u00e5 helt anderledes. i fremtiden tror vi at kroen m\u00e5ske ville v\u00e6re anderledes.<\/p>\n<p>\u00bbKarlslunde f\u00f8r og nu \u2013 og lidt om fremtiden\u00ab er titlen p\u00e5 et undervisningsforl\u00f8b, som eleverne i en 4. klasse med stor dygtighed udf\u00f8rte p\u00e5 Karlslunde Skole i Greve Kommune i slutningen af \u00e5ret 1981. Se mere om undervisningsforl\u00f8bet <a href=\"http:\/\/photostory.dk\/?page_id=297\">her!<\/a><\/p>\n<p style=\"text-align: center;\"><a href=\"http:\/\/photostory.dk\/?page_id=289\">Oversigt over \u00bbKarlslunde f\u00f8r og nu \u2013 og lidt om fremtiden\u00ab 1981<\/a><\/p>\n","protected":false},"excerpt":{"rendered":"<p>Korporalskroen i Karlslunde 1981 T\u00e5strupvej 4 &#8211; 2690 Karlslunde I gamle dage p\u00e5 denne tid hed kroen &#8220;Godaften Kroen&#8221; og var beliggende p\u00e5 Karlslunde Strand. I dag er kroen p\u00e5 en hel anden m\u00e5de. Loftet er p\u00e5 en hel anden m\u00e5de og stolene er ogs\u00e5 helt anderledes. i fremtiden tror vi at kroen m\u00e5ske ville &hellip; <a href=\"https:\/\/www.photostory.dk\/?page_id=1831\" class=\"more-link\">L\u00e6s mere <span class=\"screen-reader-text\">Korporalskroen i Karlslunde 1981 T\u00e5strupvej 4<\/span><\/a><\/p>\n","protected":false},"author":1,"featured_media":0,"parent":0,"menu_order":0,"comment_status":"closed","ping_status":"closed","template":"","meta":[],"_links":{"self":[{"href":"https:\/\/www.photostory.dk\/index.php?rest_route=\/wp\/v2\/pages\/1831"}],"collection":[{"href":"https:\/\/www.photostory.dk\/index.php?rest_route=\/wp\/v2\/pages"}],"about":[{"href":"https:\/\/www.photostory.dk\/index.php?rest_route=\/wp\/v2\/types\/page"}],"author":[{"embeddable":true,"href":"https:\/\/www.photostory.dk\/index.php?rest_route=\/wp\/v2\/users\/1"}],"replies":[{"embeddable":true,"href":"https:\/\/www.photostory.dk\/index.php?rest_route=%2Fwp%2Fv2%2Fcomments&post=1831"}],"version-history":[{"count":1,"href":"https:\/\/www.photostory.dk\/index.php?rest_route=\/wp\/v2\/pages\/1831\/revisions"}],"predecessor-version":[{"id":1833,"href":"https:\/\/www.photostory.dk\/index.php?rest_route=\/wp\/v2\/pages\/1831\/revisions\/1833"}],"wp:attachment":[{"href":"https:\/\/www.photostory.dk\/index.php?rest_route=%2Fwp%2Fv2%2Fmedia&parent=1831"}],"curies":[{"name":"wp","href":"https:\/\/api.w.org\/{rel}","templated":true}]}}