{"id":1808,"date":"2017-01-17T13:24:47","date_gmt":"2017-01-17T13:24:47","guid":{"rendered":"http:\/\/photostory.dk\/?page_id=1808"},"modified":"2017-01-17T13:24:47","modified_gmt":"2017-01-17T13:24:47","slug":"gammeltoft-ryttergaard-i-karlslunde-1981","status":"publish","type":"page","link":"https:\/\/www.photostory.dk\/?page_id=1808","title":{"rendered":"Gammeltoft Rytterg\u00e5rd i Karlslunde 1981"},"content":{"rendered":"<p><a href=\"http:\/\/photostory.dk\/wp-content\/uploads\/2017\/01\/karlslunde_0024_gammeltoft.jpg\"><img decoding=\"async\" loading=\"lazy\" class=\"size-full wp-image-1809 aligncenter\" src=\"http:\/\/photostory.dk\/wp-content\/uploads\/2017\/01\/karlslunde_0024_gammeltoft.jpg\" alt=\"\" width=\"550\" height=\"775\" srcset=\"https:\/\/www.photostory.dk\/wp-content\/uploads\/2017\/01\/karlslunde_0024_gammeltoft.jpg 550w, https:\/\/www.photostory.dk\/wp-content\/uploads\/2017\/01\/karlslunde_0024_gammeltoft-156x220.jpg 156w\" sizes=\"(max-width: 550px) 100vw, 550px\" \/><\/a><\/p>\n<p style=\"text-align: center;\">Gammeltoft Rytterg\u00e5rd i Karlslunde 1981<br \/>\nGammeltoftevej 7 2690 Karlslunde<\/p>\n<p>Gammeltoft er en rideskole, men det har det ikke altid v\u00e6ret. Det var en nedlagt g\u00e5rd, der blev lavet om til rideskole. Gammeltoft best\u00e5r af gamle bygninger. Senere er der bygget en ridehal og nogle hestestalde til. Hesten S\u00f8s.<\/p>\n<p>\u00bbKarlslunde f\u00f8r og nu \u2013 og lidt om fremtiden\u00ab er titlen p\u00e5 et undervisningsforl\u00f8b, som eleverne i en 4. klasse med stor dygtighed udf\u00f8rte p\u00e5 Karlslunde Skole i Greve Kommune i slutningen af \u00e5ret 1981. Se mere om undervisningsforl\u00f8bet <a href=\"http:\/\/photostory.dk\/?page_id=297\">her!<\/a><\/p>\n<p style=\"text-align: center;\"><a href=\"http:\/\/photostory.dk\/?page_id=289\">Oversigt over \u00bbKarlslunde f\u00f8r og nu \u2013 og lidt om fremtiden\u00ab 1981<\/a><\/p>\n","protected":false},"excerpt":{"rendered":"<p>Gammeltoft Rytterg\u00e5rd i Karlslunde 1981 Gammeltoftevej 7 2690 Karlslunde Gammeltoft er en rideskole, men det har det ikke altid v\u00e6ret. Det var en nedlagt g\u00e5rd, der blev lavet om til rideskole. Gammeltoft best\u00e5r af gamle bygninger. Senere er der bygget en ridehal og nogle hestestalde til. Hesten S\u00f8s. \u00bbKarlslunde f\u00f8r og nu \u2013 og lidt &hellip; <a href=\"https:\/\/www.photostory.dk\/?page_id=1808\" class=\"more-link\">L\u00e6s mere <span class=\"screen-reader-text\">Gammeltoft Rytterg\u00e5rd i Karlslunde 1981<\/span><\/a><\/p>\n","protected":false},"author":1,"featured_media":0,"parent":0,"menu_order":0,"comment_status":"closed","ping_status":"closed","template":"","meta":[],"_links":{"self":[{"href":"https:\/\/www.photostory.dk\/index.php?rest_route=\/wp\/v2\/pages\/1808"}],"collection":[{"href":"https:\/\/www.photostory.dk\/index.php?rest_route=\/wp\/v2\/pages"}],"about":[{"href":"https:\/\/www.photostory.dk\/index.php?rest_route=\/wp\/v2\/types\/page"}],"author":[{"embeddable":true,"href":"https:\/\/www.photostory.dk\/index.php?rest_route=\/wp\/v2\/users\/1"}],"replies":[{"embeddable":true,"href":"https:\/\/www.photostory.dk\/index.php?rest_route=%2Fwp%2Fv2%2Fcomments&post=1808"}],"version-history":[{"count":1,"href":"https:\/\/www.photostory.dk\/index.php?rest_route=\/wp\/v2\/pages\/1808\/revisions"}],"predecessor-version":[{"id":1810,"href":"https:\/\/www.photostory.dk\/index.php?rest_route=\/wp\/v2\/pages\/1808\/revisions\/1810"}],"wp:attachment":[{"href":"https:\/\/www.photostory.dk\/index.php?rest_route=%2Fwp%2Fv2%2Fmedia&parent=1808"}],"curies":[{"name":"wp","href":"https:\/\/api.w.org\/{rel}","templated":true}]}}