{"id":1802,"date":"2017-01-17T13:17:32","date_gmt":"2017-01-17T13:17:32","guid":{"rendered":"http:\/\/photostory.dk\/?page_id=1802"},"modified":"2017-01-17T13:17:32","modified_gmt":"2017-01-17T13:17:32","slug":"karlslunde-skoles-nye-boldsal-1981","status":"publish","type":"page","link":"https:\/\/www.photostory.dk\/?page_id=1802","title":{"rendered":"Karlslunde Skoles nye boldsal 1981"},"content":{"rendered":"<p><a href=\"http:\/\/photostory.dk\/wp-content\/uploads\/2017\/01\/karlslunde_0022_boldhal.jpg\"><img decoding=\"async\" loading=\"lazy\" class=\"size-full wp-image-1803 aligncenter\" src=\"http:\/\/photostory.dk\/wp-content\/uploads\/2017\/01\/karlslunde_0022_boldhal.jpg\" alt=\"\" width=\"550\" height=\"774\" srcset=\"https:\/\/www.photostory.dk\/wp-content\/uploads\/2017\/01\/karlslunde_0022_boldhal.jpg 550w, https:\/\/www.photostory.dk\/wp-content\/uploads\/2017\/01\/karlslunde_0022_boldhal-156x220.jpg 156w\" sizes=\"(max-width: 550px) 100vw, 550px\" \/><\/a><\/p>\n<p style=\"text-align: center;\">Karlslunde Skoles nye boldhal 1981<br \/>\nKarlslunde Skole Karlslunde Landevej 22 B 2690 Karlslunde<\/p>\n<p>Karlslunde Skoles nye boldsal. Set fra Hovedgaden. Samt Karlslunde Skole Hallen og d\u00f8ren ind til sundhedsplejersken.<\/p>\n<p>\u00bbKarlslunde f\u00f8r og nu \u2013 og lidt om fremtiden\u00ab er titlen p\u00e5 et undervisningsforl\u00f8b, som eleverne i en 4. klasse med stor dygtighed udf\u00f8rte p\u00e5 Karlslunde Skole i Greve Kommune i slutningen af \u00e5ret 1981. Se mere om undervisningsforl\u00f8bet <a href=\"http:\/\/photostory.dk\/?page_id=297\">her!<\/a><\/p>\n<p style=\"text-align: center;\"><a href=\"http:\/\/photostory.dk\/?page_id=289\">Oversigt over \u00bbKarlslunde f\u00f8r og nu \u2013 og lidt om fremtiden\u00ab 1981<\/a><\/p>\n","protected":false},"excerpt":{"rendered":"<p>Karlslunde Skoles nye boldhal 1981 Karlslunde Skole Karlslunde Landevej 22 B 2690 Karlslunde Karlslunde Skoles nye boldsal. Set fra Hovedgaden. Samt Karlslunde Skole Hallen og d\u00f8ren ind til sundhedsplejersken. \u00bbKarlslunde f\u00f8r og nu \u2013 og lidt om fremtiden\u00ab er titlen p\u00e5 et undervisningsforl\u00f8b, som eleverne i en 4. klasse med stor dygtighed udf\u00f8rte p\u00e5 Karlslunde &hellip; <a href=\"https:\/\/www.photostory.dk\/?page_id=1802\" class=\"more-link\">L\u00e6s mere <span class=\"screen-reader-text\">Karlslunde Skoles nye boldsal 1981<\/span><\/a><\/p>\n","protected":false},"author":1,"featured_media":0,"parent":0,"menu_order":0,"comment_status":"closed","ping_status":"closed","template":"","meta":[],"_links":{"self":[{"href":"https:\/\/www.photostory.dk\/index.php?rest_route=\/wp\/v2\/pages\/1802"}],"collection":[{"href":"https:\/\/www.photostory.dk\/index.php?rest_route=\/wp\/v2\/pages"}],"about":[{"href":"https:\/\/www.photostory.dk\/index.php?rest_route=\/wp\/v2\/types\/page"}],"author":[{"embeddable":true,"href":"https:\/\/www.photostory.dk\/index.php?rest_route=\/wp\/v2\/users\/1"}],"replies":[{"embeddable":true,"href":"https:\/\/www.photostory.dk\/index.php?rest_route=%2Fwp%2Fv2%2Fcomments&post=1802"}],"version-history":[{"count":1,"href":"https:\/\/www.photostory.dk\/index.php?rest_route=\/wp\/v2\/pages\/1802\/revisions"}],"predecessor-version":[{"id":1804,"href":"https:\/\/www.photostory.dk\/index.php?rest_route=\/wp\/v2\/pages\/1802\/revisions\/1804"}],"wp:attachment":[{"href":"https:\/\/www.photostory.dk\/index.php?rest_route=%2Fwp%2Fv2%2Fmedia&parent=1802"}],"curies":[{"name":"wp","href":"https:\/\/api.w.org\/{rel}","templated":true}]}}