{"id":1782,"date":"2017-01-17T09:20:49","date_gmt":"2017-01-17T09:20:49","guid":{"rendered":"http:\/\/photostory.dk\/?page_id=1782"},"modified":"2017-01-17T09:20:49","modified_gmt":"2017-01-17T09:20:49","slug":"ejendommen-tofteholmen-20-i-karlslunde","status":"publish","type":"page","link":"https:\/\/www.photostory.dk\/?page_id=1782","title":{"rendered":"Ejendommen Tofteholmen 20 i Karlslunde"},"content":{"rendered":"<p><a href=\"http:\/\/photostory.dk\/wp-content\/uploads\/2017\/01\/karlslunde_0014_tofteholmen.jpg\"><img decoding=\"async\" loading=\"lazy\" class=\"size-full wp-image-1783 aligncenter\" src=\"http:\/\/photostory.dk\/wp-content\/uploads\/2017\/01\/karlslunde_0014_tofteholmen.jpg\" alt=\"\" width=\"550\" height=\"775\" srcset=\"https:\/\/www.photostory.dk\/wp-content\/uploads\/2017\/01\/karlslunde_0014_tofteholmen.jpg 550w, https:\/\/www.photostory.dk\/wp-content\/uploads\/2017\/01\/karlslunde_0014_tofteholmen-156x220.jpg 156w\" sizes=\"(max-width: 550px) 100vw, 550px\" \/><\/a><\/p>\n<p style=\"text-align: center;\">Tofteholmen 20 i Karlslunde 1981<\/p>\n<p style=\"text-align: left;\">Tofteholmen. I gamle dage var der bare marker, der hvor Tofteholmen er nu. Generationer gennem generationer har haft g\u00e5rden Toftholm og til sidst er g\u00e5rdens marker blevet til vores Toftholm i dag.\u00a0I dag er der mange sm\u00e5 veje, hvor der ligger huse og den gamle g\u00e5rd er der endnu.\u00a0I fremtiden vil der nok ske det at de fleste huse vil blive revet ned..<\/p>\n<p>\u00bbKarlslunde f\u00f8r og nu \u2013 og lidt om fremtiden\u00ab er titlen p\u00e5 et undervisningsforl\u00f8b, som en 4. klasse med stor dygtighed udf\u00f8rte p\u00e5 Karlslunde Skole i Greve Kommune i slutningen af \u00e5ret 1981. Se mere om undervisningsforl\u00f8bet <a href=\"http:\/\/photostory.dk\/?page_id=297\">her!<\/a><\/p>\n<p style=\"text-align: center;\"><a href=\"http:\/\/photostory.dk\/?page_id=289\">Oversigt over \u00bbKarlslunde f\u00f8r og nu \u2013 og lidt om fremtiden\u00ab 1981<\/a><\/p>\n<p><a href=\"http:\/\/photostory.dk\/wp-content\/uploads\/2017\/01\/toftholm-nyhus-1931_small.jpg\"><img decoding=\"async\" loading=\"lazy\" class=\"size-full wp-image-1784 aligncenter\" src=\"http:\/\/photostory.dk\/wp-content\/uploads\/2017\/01\/toftholm-nyhus-1931_small.jpg\" alt=\"\" width=\"550\" height=\"356\" srcset=\"https:\/\/www.photostory.dk\/wp-content\/uploads\/2017\/01\/toftholm-nyhus-1931_small.jpg 550w, https:\/\/www.photostory.dk\/wp-content\/uploads\/2017\/01\/toftholm-nyhus-1931_small-295x191.jpg 295w\" sizes=\"(max-width: 550px) 100vw, 550px\" \/><\/a><\/p>\n<p style=\"text-align: center;\">Tofteholmen 20 i Karlslunde 1930-40&#8217;erne<\/p>\n<p>\u00c6ldre foto af Toftholm i Karlslunde. Karlslunde (Matr.5 &#8220;Toftholm&#8221;). Det nye stuehus til g\u00e5rden blev bygget i 1931. Ud fra de oplysninger jeg har. lbj\u00f8.<\/p>\n","protected":false},"excerpt":{"rendered":"<p>Tofteholmen 20 i Karlslunde 1981 Tofteholmen. I gamle dage var der bare marker, der hvor Tofteholmen er nu. Generationer gennem generationer har haft g\u00e5rden Toftholm og til sidst er g\u00e5rdens marker blevet til vores Toftholm i dag.\u00a0I dag er der mange sm\u00e5 veje, hvor der ligger huse og den gamle g\u00e5rd er der endnu.\u00a0I fremtiden &hellip; <a href=\"https:\/\/www.photostory.dk\/?page_id=1782\" class=\"more-link\">L\u00e6s mere <span class=\"screen-reader-text\">Ejendommen Tofteholmen 20 i Karlslunde<\/span><\/a><\/p>\n","protected":false},"author":1,"featured_media":0,"parent":0,"menu_order":0,"comment_status":"closed","ping_status":"closed","template":"","meta":[],"_links":{"self":[{"href":"https:\/\/www.photostory.dk\/index.php?rest_route=\/wp\/v2\/pages\/1782"}],"collection":[{"href":"https:\/\/www.photostory.dk\/index.php?rest_route=\/wp\/v2\/pages"}],"about":[{"href":"https:\/\/www.photostory.dk\/index.php?rest_route=\/wp\/v2\/types\/page"}],"author":[{"embeddable":true,"href":"https:\/\/www.photostory.dk\/index.php?rest_route=\/wp\/v2\/users\/1"}],"replies":[{"embeddable":true,"href":"https:\/\/www.photostory.dk\/index.php?rest_route=%2Fwp%2Fv2%2Fcomments&post=1782"}],"version-history":[{"count":2,"href":"https:\/\/www.photostory.dk\/index.php?rest_route=\/wp\/v2\/pages\/1782\/revisions"}],"predecessor-version":[{"id":1786,"href":"https:\/\/www.photostory.dk\/index.php?rest_route=\/wp\/v2\/pages\/1782\/revisions\/1786"}],"wp:attachment":[{"href":"https:\/\/www.photostory.dk\/index.php?rest_route=%2Fwp%2Fv2%2Fmedia&parent=1782"}],"curies":[{"name":"wp","href":"https:\/\/api.w.org\/{rel}","templated":true}]}}