{"id":1765,"date":"2017-01-17T07:26:01","date_gmt":"2017-01-17T07:26:01","guid":{"rendered":"http:\/\/photostory.dk\/?page_id=1765"},"modified":"2017-01-17T07:26:01","modified_gmt":"2017-01-17T07:26:01","slug":"kildegaarden-karlslunde-landevej-2-2690-karlslunde","status":"publish","type":"page","link":"https:\/\/www.photostory.dk\/?page_id=1765","title":{"rendered":"Kildegaarden Karlslunde Landevej 2, 2690 Karlslunde"},"content":{"rendered":"<p><a href=\"http:\/\/photostory.dk\/wp-content\/uploads\/2017\/01\/karlslunde_0011_kildegaarden.jpg\"><img decoding=\"async\" loading=\"lazy\" class=\"size-full wp-image-1766 aligncenter\" src=\"http:\/\/photostory.dk\/wp-content\/uploads\/2017\/01\/karlslunde_0011_kildegaarden.jpg\" alt=\"\" width=\"550\" height=\"777\" srcset=\"https:\/\/www.photostory.dk\/wp-content\/uploads\/2017\/01\/karlslunde_0011_kildegaarden.jpg 550w, https:\/\/www.photostory.dk\/wp-content\/uploads\/2017\/01\/karlslunde_0011_kildegaarden-156x220.jpg 156w\" sizes=\"(max-width: 550px) 100vw, 550px\" \/><\/a><\/p>\n<p style=\"text-align: center;\">Kildegaard i Karlslunde 1981<br \/>\nKildegaarden Karlslunde Landevej 2, 2690 Karlslunde<\/p>\n<p>Kildeg\u00e5rden. I gamle dage for ca. 110 \u00e5r siden var Kildegaard en mark, der tilh\u00f8rte pr\u00e6stegaarden.\u00a0I dag er Kildegaarden en bondeg\u00e5rd.\u00a0I fremtiden vil man sikkert blive n\u00f8dt til at s\u00e6lge g\u00e5rden.<\/p>\n<p>\u00bbKarlslunde f\u00f8r og nu \u2013 og lidt om fremtiden\u00ab er titlen p\u00e5 et undervisningsforl\u00f8b, som en 4. klasse med stor dygtighed udf\u00f8rte p\u00e5 Karlslunde Skole i Greve Kommune i slutningen af \u00e5ret 1981. Se mere om undervisningsforl\u00f8bet <a href=\"http:\/\/photostory.dk\/?page_id=297\">her!<\/a><\/p>\n<p style=\"text-align: center;\"><a href=\"http:\/\/photostory.dk\/?page_id=289\">Oversigt over \u00bbKarlslunde f\u00f8r og nu \u2013 og lidt om fremtiden\u00ab 1981<\/a><\/p>\n","protected":false},"excerpt":{"rendered":"<p>Kildegaard i Karlslunde 1981 Kildegaarden Karlslunde Landevej 2, 2690 Karlslunde Kildeg\u00e5rden. I gamle dage for ca. 110 \u00e5r siden var Kildegaard en mark, der tilh\u00f8rte pr\u00e6stegaarden.\u00a0I dag er Kildegaarden en bondeg\u00e5rd.\u00a0I fremtiden vil man sikkert blive n\u00f8dt til at s\u00e6lge g\u00e5rden. \u00bbKarlslunde f\u00f8r og nu \u2013 og lidt om fremtiden\u00ab er titlen p\u00e5 et undervisningsforl\u00f8b, &hellip; <a href=\"https:\/\/www.photostory.dk\/?page_id=1765\" class=\"more-link\">L\u00e6s mere <span class=\"screen-reader-text\">Kildegaarden Karlslunde Landevej 2, 2690 Karlslunde<\/span><\/a><\/p>\n","protected":false},"author":1,"featured_media":0,"parent":0,"menu_order":0,"comment_status":"closed","ping_status":"closed","template":"","meta":[],"_links":{"self":[{"href":"https:\/\/www.photostory.dk\/index.php?rest_route=\/wp\/v2\/pages\/1765"}],"collection":[{"href":"https:\/\/www.photostory.dk\/index.php?rest_route=\/wp\/v2\/pages"}],"about":[{"href":"https:\/\/www.photostory.dk\/index.php?rest_route=\/wp\/v2\/types\/page"}],"author":[{"embeddable":true,"href":"https:\/\/www.photostory.dk\/index.php?rest_route=\/wp\/v2\/users\/1"}],"replies":[{"embeddable":true,"href":"https:\/\/www.photostory.dk\/index.php?rest_route=%2Fwp%2Fv2%2Fcomments&post=1765"}],"version-history":[{"count":1,"href":"https:\/\/www.photostory.dk\/index.php?rest_route=\/wp\/v2\/pages\/1765\/revisions"}],"predecessor-version":[{"id":1767,"href":"https:\/\/www.photostory.dk\/index.php?rest_route=\/wp\/v2\/pages\/1765\/revisions\/1767"}],"wp:attachment":[{"href":"https:\/\/www.photostory.dk\/index.php?rest_route=%2Fwp%2Fv2%2Fmedia&parent=1765"}],"curies":[{"name":"wp","href":"https:\/\/api.w.org\/{rel}","templated":true}]}}