{"id":1753,"date":"2017-01-17T07:07:15","date_gmt":"2017-01-17T07:07:15","guid":{"rendered":"http:\/\/photostory.dk\/?page_id=1753"},"modified":"2017-01-17T07:13:50","modified_gmt":"2017-01-17T07:13:50","slug":"gravhoejen-syd-for-karlslundegaarden","status":"publish","type":"page","link":"https:\/\/www.photostory.dk\/?page_id=1753","title":{"rendered":"Pr\u00e6steg\u00e5rden i Karlslunde Hovedgaden 20, 2690 Karlslunde"},"content":{"rendered":"<p style=\"text-align: center;\"><a href=\"http:\/\/photostory.dk\/wp-content\/uploads\/2017\/01\/karlslunde_0009_praestegaarden.jpg\"><img decoding=\"async\" loading=\"lazy\" class=\"size-full wp-image-1757 aligncenter\" src=\"http:\/\/photostory.dk\/wp-content\/uploads\/2017\/01\/karlslunde_0009_praestegaarden.jpg\" alt=\"\" width=\"550\" height=\"775\" srcset=\"https:\/\/www.photostory.dk\/wp-content\/uploads\/2017\/01\/karlslunde_0009_praestegaarden.jpg 550w, https:\/\/www.photostory.dk\/wp-content\/uploads\/2017\/01\/karlslunde_0009_praestegaarden-156x220.jpg 156w\" sizes=\"(max-width: 550px) 100vw, 550px\" \/><\/a><\/p>\n<p style=\"text-align: center;\">Pr\u00e6steg\u00e5rden i Karlslunde Hovedgaden 20, 2690 Karlslunde<\/p>\n<p>I gamle dage l\u00e5 der ogs\u00e5 en pr\u00e6steg\u00e5rd ved siden af kirken. Pr\u00e6steg\u00e5rden i Karlslunde blev for gammel og den blev revet ned og der blev bygget en ny. I gamle dage havde pr\u00e6steg\u00e5rden ogs\u00e5 landbrug og pr\u00e6steg\u00e5rden var fuld af karle og piger.<br \/>\nI dag er der en ny pr\u00e6steg\u00e5rd. der er intet landbrug og der er heller ikke karle og piger. Af og til kommer der mennesker for at tale med pr\u00e6sten..<br \/>\nI fremtiden m\u00e5ske forts\u00e6tter vi med at have en pr\u00e6steg\u00e5rd. Det kommer an p\u00e5 hvad vi vil med kirken og pr\u00e6steg\u00e5rden.<\/p>\n<p>\u00bbKarlslunde f\u00f8r og nu \u2013 og lidt om fremtiden\u00ab er titlen p\u00e5 et undervisningsforl\u00f8b, som en 4. klasse med stor dygtighed udf\u00f8rte p\u00e5 Karlslunde Skole i Greve Kommune i slutningen af \u00e5ret 1981. Se mere om undervisningsforl\u00f8bet <a href=\"http:\/\/photostory.dk\/?page_id=297\">her!<\/a><\/p>\n<p style=\"text-align: center;\"><a href=\"http:\/\/photostory.dk\/?page_id=289\">Oversigt over \u00bbKarlslunde f\u00f8r og nu \u2013 og lidt om fremtiden\u00ab 1981<\/a><\/p>\n","protected":false},"excerpt":{"rendered":"<p>Pr\u00e6steg\u00e5rden i Karlslunde Hovedgaden 20, 2690 Karlslunde I gamle dage l\u00e5 der ogs\u00e5 en pr\u00e6steg\u00e5rd ved siden af kirken. Pr\u00e6steg\u00e5rden i Karlslunde blev for gammel og den blev revet ned og der blev bygget en ny. I gamle dage havde pr\u00e6steg\u00e5rden ogs\u00e5 landbrug og pr\u00e6steg\u00e5rden var fuld af karle og piger. I dag er der &hellip; <a href=\"https:\/\/www.photostory.dk\/?page_id=1753\" class=\"more-link\">L\u00e6s mere <span class=\"screen-reader-text\">Pr\u00e6steg\u00e5rden i Karlslunde Hovedgaden 20, 2690 Karlslunde<\/span><\/a><\/p>\n","protected":false},"author":1,"featured_media":0,"parent":0,"menu_order":0,"comment_status":"closed","ping_status":"closed","template":"","meta":[],"_links":{"self":[{"href":"https:\/\/www.photostory.dk\/index.php?rest_route=\/wp\/v2\/pages\/1753"}],"collection":[{"href":"https:\/\/www.photostory.dk\/index.php?rest_route=\/wp\/v2\/pages"}],"about":[{"href":"https:\/\/www.photostory.dk\/index.php?rest_route=\/wp\/v2\/types\/page"}],"author":[{"embeddable":true,"href":"https:\/\/www.photostory.dk\/index.php?rest_route=\/wp\/v2\/users\/1"}],"replies":[{"embeddable":true,"href":"https:\/\/www.photostory.dk\/index.php?rest_route=%2Fwp%2Fv2%2Fcomments&post=1753"}],"version-history":[{"count":4,"href":"https:\/\/www.photostory.dk\/index.php?rest_route=\/wp\/v2\/pages\/1753\/revisions"}],"predecessor-version":[{"id":1759,"href":"https:\/\/www.photostory.dk\/index.php?rest_route=\/wp\/v2\/pages\/1753\/revisions\/1759"}],"wp:attachment":[{"href":"https:\/\/www.photostory.dk\/index.php?rest_route=%2Fwp%2Fv2%2Fmedia&parent=1753"}],"curies":[{"name":"wp","href":"https:\/\/api.w.org\/{rel}","templated":true}]}}