{"id":1747,"date":"2017-01-16T23:01:34","date_gmt":"2017-01-16T23:01:34","guid":{"rendered":"http:\/\/photostory.dk\/?page_id=1747"},"modified":"2017-01-16T23:01:34","modified_gmt":"2017-01-16T23:01:34","slug":"soendergaard-karlslunde-landevej-47-2690-karlslunde","status":"publish","type":"page","link":"https:\/\/www.photostory.dk\/?page_id=1747","title":{"rendered":"S\u00f8nderg\u00e5rd Karlslunde Landevej 47 2690 Karlslunde"},"content":{"rendered":"<p style=\"text-align: center;\"><a href=\"http:\/\/photostory.dk\/wp-content\/uploads\/2017\/01\/karlslunde_0008_soendergaard.jpg\"><img decoding=\"async\" loading=\"lazy\" class=\"size-full wp-image-1748 aligncenter\" src=\"http:\/\/photostory.dk\/wp-content\/uploads\/2017\/01\/karlslunde_0008_soendergaard.jpg\" alt=\"\" width=\"445\" height=\"675\" srcset=\"https:\/\/www.photostory.dk\/wp-content\/uploads\/2017\/01\/karlslunde_0008_soendergaard.jpg 445w, https:\/\/www.photostory.dk\/wp-content\/uploads\/2017\/01\/karlslunde_0008_soendergaard-145x220.jpg 145w\" sizes=\"(max-width: 445px) 100vw, 445px\" \/><\/a><\/p>\n<p style=\"text-align: center;\">S\u00f8nderg\u00e5rd Karlslunde Landevej 47 2690 Karlslunde<\/p>\n<p>S\u00f8nderg\u00e5rd i Karlslunde. I gamle dage var der marker, hvor der gik k\u00f8er og heste p\u00e5.\u00a0I dag er S\u00f8nderg\u00e5rd en g\u00e5rd, hvor der bor mennesker p\u00e5.\u00a0I fremtiden bliver der nok en bager eller en kro.<\/p>\n<p>\u00bbKarlslunde f\u00f8r og nu \u2013 og lidt om fremtiden\u00ab er titlen p\u00e5 et undervisningsforl\u00f8b, som en 4. klasse med stor dygtighed udf\u00f8rte p\u00e5 Karlslunde Skole i Greve Kommune i slutningen af \u00e5ret 1981. Se mere om undervisningsforl\u00f8bet <a href=\"http:\/\/photostory.dk\/?page_id=297\">her!<\/a><\/p>\n<p style=\"text-align: center;\"><a href=\"http:\/\/photostory.dk\/?page_id=289\">Oversigt over \u00bbKarlslunde f\u00f8r og nu \u2013 og lidt om fremtiden\u00ab 1981<\/a><\/p>\n","protected":false},"excerpt":{"rendered":"<p>S\u00f8nderg\u00e5rd Karlslunde Landevej 47 2690 Karlslunde S\u00f8nderg\u00e5rd i Karlslunde. I gamle dage var der marker, hvor der gik k\u00f8er og heste p\u00e5.\u00a0I dag er S\u00f8nderg\u00e5rd en g\u00e5rd, hvor der bor mennesker p\u00e5.\u00a0I fremtiden bliver der nok en bager eller en kro. \u00bbKarlslunde f\u00f8r og nu \u2013 og lidt om fremtiden\u00ab er titlen p\u00e5 et undervisningsforl\u00f8b, &hellip; <a href=\"https:\/\/www.photostory.dk\/?page_id=1747\" class=\"more-link\">L\u00e6s mere <span class=\"screen-reader-text\">S\u00f8nderg\u00e5rd Karlslunde Landevej 47 2690 Karlslunde<\/span><\/a><\/p>\n","protected":false},"author":1,"featured_media":0,"parent":0,"menu_order":0,"comment_status":"closed","ping_status":"closed","template":"","meta":[],"_links":{"self":[{"href":"https:\/\/www.photostory.dk\/index.php?rest_route=\/wp\/v2\/pages\/1747"}],"collection":[{"href":"https:\/\/www.photostory.dk\/index.php?rest_route=\/wp\/v2\/pages"}],"about":[{"href":"https:\/\/www.photostory.dk\/index.php?rest_route=\/wp\/v2\/types\/page"}],"author":[{"embeddable":true,"href":"https:\/\/www.photostory.dk\/index.php?rest_route=\/wp\/v2\/users\/1"}],"replies":[{"embeddable":true,"href":"https:\/\/www.photostory.dk\/index.php?rest_route=%2Fwp%2Fv2%2Fcomments&post=1747"}],"version-history":[{"count":3,"href":"https:\/\/www.photostory.dk\/index.php?rest_route=\/wp\/v2\/pages\/1747\/revisions"}],"predecessor-version":[{"id":1751,"href":"https:\/\/www.photostory.dk\/index.php?rest_route=\/wp\/v2\/pages\/1747\/revisions\/1751"}],"wp:attachment":[{"href":"https:\/\/www.photostory.dk\/index.php?rest_route=%2Fwp%2Fv2%2Fmedia&parent=1747"}],"curies":[{"name":"wp","href":"https:\/\/api.w.org\/{rel}","templated":true}]}}