{"id":1724,"date":"2017-01-17T13:08:33","date_gmt":"2017-01-17T13:08:33","guid":{"rendered":"http:\/\/photostory.dk\/?page_id=1724"},"modified":"2017-01-17T13:08:33","modified_gmt":"2017-01-17T13:08:33","slug":"barakken-paa-karlslunde-skole-1981","status":"publish","type":"page","link":"https:\/\/www.photostory.dk\/?page_id=1724","title":{"rendered":"Barakken p\u00e5 Karlslunde Skole 1981"},"content":{"rendered":"<p><a href=\"http:\/\/photostory.dk\/wp-content\/uploads\/2017\/01\/karlslunde_0020_barak-ks.jpg\"><img decoding=\"async\" loading=\"lazy\" class=\"alignnone size-full wp-image-1798 aligncenter\" src=\"http:\/\/photostory.dk\/wp-content\/uploads\/2017\/01\/karlslunde_0020_barak-ks.jpg\" alt=\"\" width=\"550\" height=\"775\" srcset=\"https:\/\/www.photostory.dk\/wp-content\/uploads\/2017\/01\/karlslunde_0020_barak-ks.jpg 550w, https:\/\/www.photostory.dk\/wp-content\/uploads\/2017\/01\/karlslunde_0020_barak-ks-156x220.jpg 156w\" sizes=\"(max-width: 550px) 100vw, 550px\" \/><\/a><\/p>\n<p>Barakken p\u00e5 Karlslunde Skole. I gamle dage var skolen ikke s\u00e5 godt indrettet og man havde ikke centralvarme og man skrev med griffel p\u00e5 en lille tavle. Klassev\u00e6relset var varmet op med en kakkelovn. Og stole og borde var ikke s\u00e5 gode. Og reglerne var meget strengere.\u00a0I dag skriver man med blyant og har mikroskoper og der er bedre stole og borde.. I fremtiden tror jeg, at der vil v\u00e6re datamater til eleverne. Den lille legeplads.<\/p>\n<p>\u00bbKarlslunde f\u00f8r og nu \u2013 og lidt om fremtiden\u00ab er titlen p\u00e5 et undervisningsforl\u00f8b, som eleverne i en 4. klasse med stor dygtighed udf\u00f8rte p\u00e5 Karlslunde Skole i Greve Kommune i slutningen af \u00e5ret 1981. Se mere om undervisningsforl\u00f8bet <a href=\"http:\/\/photostory.dk\/?page_id=297\">her!<\/a><\/p>\n<p style=\"text-align: center;\"><a href=\"http:\/\/photostory.dk\/?page_id=289\">Oversigt over \u00bbKarlslunde f\u00f8r og nu \u2013 og lidt om fremtiden\u00ab 1981<\/a><\/p>\n","protected":false},"excerpt":{"rendered":"<p>Barakken p\u00e5 Karlslunde Skole. I gamle dage var skolen ikke s\u00e5 godt indrettet og man havde ikke centralvarme og man skrev med griffel p\u00e5 en lille tavle. Klassev\u00e6relset var varmet op med en kakkelovn. Og stole og borde var ikke s\u00e5 gode. Og reglerne var meget strengere.\u00a0I dag skriver man med blyant og har mikroskoper &hellip; <a href=\"https:\/\/www.photostory.dk\/?page_id=1724\" class=\"more-link\">L\u00e6s mere <span class=\"screen-reader-text\">Barakken p\u00e5 Karlslunde Skole 1981<\/span><\/a><\/p>\n","protected":false},"author":1,"featured_media":0,"parent":0,"menu_order":0,"comment_status":"closed","ping_status":"closed","template":"","meta":[],"_links":{"self":[{"href":"https:\/\/www.photostory.dk\/index.php?rest_route=\/wp\/v2\/pages\/1724"}],"collection":[{"href":"https:\/\/www.photostory.dk\/index.php?rest_route=\/wp\/v2\/pages"}],"about":[{"href":"https:\/\/www.photostory.dk\/index.php?rest_route=\/wp\/v2\/types\/page"}],"author":[{"embeddable":true,"href":"https:\/\/www.photostory.dk\/index.php?rest_route=\/wp\/v2\/users\/1"}],"replies":[{"embeddable":true,"href":"https:\/\/www.photostory.dk\/index.php?rest_route=%2Fwp%2Fv2%2Fcomments&post=1724"}],"version-history":[{"count":8,"href":"https:\/\/www.photostory.dk\/index.php?rest_route=\/wp\/v2\/pages\/1724\/revisions"}],"predecessor-version":[{"id":1799,"href":"https:\/\/www.photostory.dk\/index.php?rest_route=\/wp\/v2\/pages\/1724\/revisions\/1799"}],"wp:attachment":[{"href":"https:\/\/www.photostory.dk\/index.php?rest_route=%2Fwp%2Fv2%2Fmedia&parent=1724"}],"curies":[{"name":"wp","href":"https:\/\/api.w.org\/{rel}","templated":true}]}}