{"id":1720,"date":"2017-01-16T13:18:20","date_gmt":"2017-01-16T13:18:20","guid":{"rendered":"http:\/\/photostory.dk\/?page_id=1720"},"modified":"2017-01-17T13:03:45","modified_gmt":"2017-01-17T13:03:45","slug":"xx","status":"publish","type":"page","link":"https:\/\/www.photostory.dk\/?page_id=1720","title":{"rendered":"FDF huset &#8220;Nordstjernen&#8221; M\u00f8llehaven 1B 2690 Karlslunde"},"content":{"rendered":"<p><a href=\"http:\/\/photostory.dk\/wp-content\/uploads\/2017\/01\/karlslunde_0019_nordstjernen.jpg\"><img decoding=\"async\" loading=\"lazy\" class=\"size-full wp-image-1796 aligncenter\" src=\"http:\/\/photostory.dk\/wp-content\/uploads\/2017\/01\/karlslunde_0019_nordstjernen.jpg\" alt=\"\" width=\"550\" height=\"776\" srcset=\"https:\/\/www.photostory.dk\/wp-content\/uploads\/2017\/01\/karlslunde_0019_nordstjernen.jpg 550w, https:\/\/www.photostory.dk\/wp-content\/uploads\/2017\/01\/karlslunde_0019_nordstjernen-156x220.jpg 156w\" sizes=\"(max-width: 550px) 100vw, 550px\" \/><\/a><\/p>\n<p style=\"text-align: center;\">FDF huset &#8220;Nordstjernen&#8221; i Karlslunde 1981<br \/>\nFDF huset &#8220;Nordstjernen&#8221; M\u00f8llehaven 1B 2690 Karlslunde<\/p>\n<p>FDF huset i gamle dage. Oppe ved FDF huset boede der en mand der hed Ole Willumsen. s\u00e5 d\u00f8de han og FDF k\u00f8bte huset. Det havde han bestemt og s\u00e5 blev huset sat i stand og alle tr\u00e6erne f\u00e6ldet.<\/p>\n<p>\u00bbKarlslunde f\u00f8r og nu \u2013 og lidt om fremtiden\u00ab er titlen p\u00e5 et undervisningsforl\u00f8b, som eleverne i en 4. klasse med stor dygtighed udf\u00f8rte p\u00e5 Karlslunde Skole i Greve Kommune i slutningen af \u00e5ret 1981. Se mere om undervisningsforl\u00f8bet <a href=\"http:\/\/photostory.dk\/?page_id=297\">her!<\/a><\/p>\n<p style=\"text-align: center;\"><a href=\"http:\/\/photostory.dk\/?page_id=289\">Oversigt over \u00bbKarlslunde f\u00f8r og nu \u2013 og lidt om fremtiden\u00ab 1981<\/a><\/p>\n","protected":false},"excerpt":{"rendered":"<p>FDF huset &#8220;Nordstjernen&#8221; i Karlslunde 1981 FDF huset &#8220;Nordstjernen&#8221; M\u00f8llehaven 1B 2690 Karlslunde FDF huset i gamle dage. Oppe ved FDF huset boede der en mand der hed Ole Willumsen. s\u00e5 d\u00f8de han og FDF k\u00f8bte huset. Det havde han bestemt og s\u00e5 blev huset sat i stand og alle tr\u00e6erne f\u00e6ldet. \u00bbKarlslunde f\u00f8r og &hellip; <a href=\"https:\/\/www.photostory.dk\/?page_id=1720\" class=\"more-link\">L\u00e6s mere <span class=\"screen-reader-text\">FDF huset &#8220;Nordstjernen&#8221; M\u00f8llehaven 1B 2690 Karlslunde<\/span><\/a><\/p>\n","protected":false},"author":1,"featured_media":0,"parent":0,"menu_order":0,"comment_status":"closed","ping_status":"closed","template":"","meta":[],"_links":{"self":[{"href":"https:\/\/www.photostory.dk\/index.php?rest_route=\/wp\/v2\/pages\/1720"}],"collection":[{"href":"https:\/\/www.photostory.dk\/index.php?rest_route=\/wp\/v2\/pages"}],"about":[{"href":"https:\/\/www.photostory.dk\/index.php?rest_route=\/wp\/v2\/types\/page"}],"author":[{"embeddable":true,"href":"https:\/\/www.photostory.dk\/index.php?rest_route=\/wp\/v2\/users\/1"}],"replies":[{"embeddable":true,"href":"https:\/\/www.photostory.dk\/index.php?rest_route=%2Fwp%2Fv2%2Fcomments&post=1720"}],"version-history":[{"count":4,"href":"https:\/\/www.photostory.dk\/index.php?rest_route=\/wp\/v2\/pages\/1720\/revisions"}],"predecessor-version":[{"id":1797,"href":"https:\/\/www.photostory.dk\/index.php?rest_route=\/wp\/v2\/pages\/1720\/revisions\/1797"}],"wp:attachment":[{"href":"https:\/\/www.photostory.dk\/index.php?rest_route=%2Fwp%2Fv2%2Fmedia&parent=1720"}],"curies":[{"name":"wp","href":"https:\/\/api.w.org\/{rel}","templated":true}]}}