{"id":1688,"date":"2017-01-16T12:43:41","date_gmt":"2017-01-16T12:43:41","guid":{"rendered":"http:\/\/photostory.dk\/?page_id=1688"},"modified":"2017-01-16T13:36:06","modified_gmt":"2017-01-16T13:36:06","slug":"marselisborg-i-aarhus-en-kold-december-morgen","status":"publish","type":"page","link":"https:\/\/www.photostory.dk\/?page_id=1688","title":{"rendered":"Marselisborg i \u00c5rhus &#8211; en kold december morgen"},"content":{"rendered":"<p><a href=\"http:\/\/photostory.dk\/wp-content\/uploads\/2017\/01\/DSC_8956.jpg\"><img decoding=\"async\" loading=\"lazy\" class=\"size-full wp-image-1693 aligncenter\" src=\"http:\/\/photostory.dk\/wp-content\/uploads\/2017\/01\/DSC_8956.jpg\" alt=\"\" width=\"1024\" height=\"681\" srcset=\"https:\/\/www.photostory.dk\/wp-content\/uploads\/2017\/01\/DSC_8956.jpg 1024w, https:\/\/www.photostory.dk\/wp-content\/uploads\/2017\/01\/DSC_8956-295x196.jpg 295w, https:\/\/www.photostory.dk\/wp-content\/uploads\/2017\/01\/DSC_8956-768x511.jpg 768w\" sizes=\"(max-width: 1024px) 100vw, 1024px\" \/><\/a><\/p>\n<p style=\"text-align: center;\">Marselisborg i \u00c5rhus<\/p>\n<p>Marselisborg med skulpturerne, den st\u00e5ende l\u00f8ve og den sammenkrummede l\u00f8ve. De er en del af en skulpturinstallation udf\u00f8rt af billedhugger Claus \u00d8rntoft og udf\u00f8rt efter inspiration af rigsv\u00e5bnets tre l\u00f8ver. Afsl\u00f8ringen skete af Dronningen i 2012.<\/p>\n<p>Slottet var\u00a0f\u00e6rdig\u00a0bygget den\u00a07. juni 1902. Det var en bryllupsgave til\u00a0Prins Christian og Prinsesse Alexandrine. Den senere Kong Christian d. X\u00a0og Dronning\u00a0Alexandrine. Det er det nuv\u00e6rende regentpars sommer- og juleresidens.\u00a0Haven omkring slottet er \u00e5bent for publikum en stor del af \u00e5ret, n\u00e5r den kongelige familie ikke er p\u00e5 slottet.<\/p>\n<table>\n<tbody>\n<tr>\n<td><a href=\"http:\/\/photostory.dk\/wp-content\/uploads\/2017\/01\/DSC_8963.jpg\"><img decoding=\"async\" loading=\"lazy\" class=\"wp-image-1695 size-medium aligncenter\" src=\"http:\/\/photostory.dk\/wp-content\/uploads\/2017\/01\/DSC_8963-295x196.jpg\" width=\"295\" height=\"196\" srcset=\"https:\/\/www.photostory.dk\/wp-content\/uploads\/2017\/01\/DSC_8963-295x196.jpg 295w, https:\/\/www.photostory.dk\/wp-content\/uploads\/2017\/01\/DSC_8963-768x511.jpg 768w, https:\/\/www.photostory.dk\/wp-content\/uploads\/2017\/01\/DSC_8963.jpg 1024w\" sizes=\"(max-width: 295px) 100vw, 295px\" \/><\/a><\/td>\n<td><a href=\"http:\/\/photostory.dk\/wp-content\/uploads\/2017\/01\/DSC_8953.jpg\"><img decoding=\"async\" loading=\"lazy\" class=\"wp-image-1692 size-medium aligncenter\" src=\"http:\/\/photostory.dk\/wp-content\/uploads\/2017\/01\/DSC_8953-295x196.jpg\" width=\"295\" height=\"196\" srcset=\"https:\/\/www.photostory.dk\/wp-content\/uploads\/2017\/01\/DSC_8953-295x196.jpg 295w, https:\/\/www.photostory.dk\/wp-content\/uploads\/2017\/01\/DSC_8953-768x511.jpg 768w, https:\/\/www.photostory.dk\/wp-content\/uploads\/2017\/01\/DSC_8953.jpg 1024w\" sizes=\"(max-width: 295px) 100vw, 295px\" \/><\/a><\/td>\n<\/tr>\n<tr>\n<td style=\"text-align: center;\" colspan=\"2\">\u00a0\u00a0Hovedindgangen til Marselisborg og slottet set fra parken<\/td>\n<\/tr>\n<tr>\n<td><a href=\"http:\/\/photostory.dk\/wp-content\/uploads\/2017\/01\/DSC_8951.jpg\"><img decoding=\"async\" loading=\"lazy\" class=\"wp-image-1690 size-medium aligncenter\" src=\"http:\/\/photostory.dk\/wp-content\/uploads\/2017\/01\/DSC_8951-295x196.jpg\" width=\"295\" height=\"196\" srcset=\"https:\/\/www.photostory.dk\/wp-content\/uploads\/2017\/01\/DSC_8951-295x196.jpg 295w, https:\/\/www.photostory.dk\/wp-content\/uploads\/2017\/01\/DSC_8951-768x511.jpg 768w, https:\/\/www.photostory.dk\/wp-content\/uploads\/2017\/01\/DSC_8951.jpg 1024w\" sizes=\"(max-width: 295px) 100vw, 295px\" \/><\/a><\/td>\n<td><a href=\"http:\/\/photostory.dk\/wp-content\/uploads\/2017\/01\/DSC_8950.jpg\"><img decoding=\"async\" loading=\"lazy\" class=\"wp-image-1689 size-medium aligncenter\" src=\"http:\/\/photostory.dk\/wp-content\/uploads\/2017\/01\/DSC_8950-295x196.jpg\" width=\"295\" height=\"196\" srcset=\"https:\/\/www.photostory.dk\/wp-content\/uploads\/2017\/01\/DSC_8950-295x196.jpg 295w, https:\/\/www.photostory.dk\/wp-content\/uploads\/2017\/01\/DSC_8950-768x511.jpg 768w, https:\/\/www.photostory.dk\/wp-content\/uploads\/2017\/01\/DSC_8950.jpg 1024w\" sizes=\"(max-width: 295px) 100vw, 295px\" \/><\/a><\/td>\n<\/tr>\n<\/tbody>\n<\/table>\n<p style=\"text-align: center;\">Foto Lars Bj\u00f8rnsten Odense 2016<\/p>\n","protected":false},"excerpt":{"rendered":"<p>Marselisborg i \u00c5rhus Marselisborg med skulpturerne, den st\u00e5ende l\u00f8ve og den sammenkrummede l\u00f8ve. De er en del af en skulpturinstallation udf\u00f8rt af billedhugger Claus \u00d8rntoft og udf\u00f8rt efter inspiration af rigsv\u00e5bnets tre l\u00f8ver. Afsl\u00f8ringen skete af Dronningen i 2012. Slottet var\u00a0f\u00e6rdig\u00a0bygget den\u00a07. juni 1902. Det var en bryllupsgave til\u00a0Prins Christian og Prinsesse Alexandrine. Den senere &hellip; <a href=\"https:\/\/www.photostory.dk\/?page_id=1688\" class=\"more-link\">L\u00e6s mere <span class=\"screen-reader-text\">Marselisborg i \u00c5rhus &#8211; en kold december morgen<\/span><\/a><\/p>\n","protected":false},"author":1,"featured_media":0,"parent":0,"menu_order":0,"comment_status":"closed","ping_status":"closed","template":"","meta":[],"_links":{"self":[{"href":"https:\/\/www.photostory.dk\/index.php?rest_route=\/wp\/v2\/pages\/1688"}],"collection":[{"href":"https:\/\/www.photostory.dk\/index.php?rest_route=\/wp\/v2\/pages"}],"about":[{"href":"https:\/\/www.photostory.dk\/index.php?rest_route=\/wp\/v2\/types\/page"}],"author":[{"embeddable":true,"href":"https:\/\/www.photostory.dk\/index.php?rest_route=\/wp\/v2\/users\/1"}],"replies":[{"embeddable":true,"href":"https:\/\/www.photostory.dk\/index.php?rest_route=%2Fwp%2Fv2%2Fcomments&post=1688"}],"version-history":[{"count":20,"href":"https:\/\/www.photostory.dk\/index.php?rest_route=\/wp\/v2\/pages\/1688\/revisions"}],"predecessor-version":[{"id":1731,"href":"https:\/\/www.photostory.dk\/index.php?rest_route=\/wp\/v2\/pages\/1688\/revisions\/1731"}],"wp:attachment":[{"href":"https:\/\/www.photostory.dk\/index.php?rest_route=%2Fwp%2Fv2%2Fmedia&parent=1688"}],"curies":[{"name":"wp","href":"https:\/\/api.w.org\/{rel}","templated":true}]}}