{"id":1671,"date":"2017-01-16T10:36:54","date_gmt":"2017-01-16T10:36:54","guid":{"rendered":"http:\/\/photostory.dk\/?page_id=1671"},"modified":"2017-01-16T13:12:27","modified_gmt":"2017-01-16T13:12:27","slug":"en-fredfyldt-park-i-aarhus","status":"publish","type":"page","link":"https:\/\/www.photostory.dk\/?page_id=1671","title":{"rendered":"En fredfyldt park i Aarhus"},"content":{"rendered":"<p><img decoding=\"async\" loading=\"lazy\" class=\"size-large wp-image-1673\" src=\"http:\/\/photostory.dk\/wp-content\/uploads\/2017\/01\/DSC_8944-1024x681.jpg\" alt=\"\" width=\"660\" height=\"439\" srcset=\"https:\/\/www.photostory.dk\/wp-content\/uploads\/2017\/01\/DSC_8944.jpg 1024w, https:\/\/www.photostory.dk\/wp-content\/uploads\/2017\/01\/DSC_8944-295x196.jpg 295w, https:\/\/www.photostory.dk\/wp-content\/uploads\/2017\/01\/DSC_8944-768x511.jpg 768w\" sizes=\"(max-width: 660px) 100vw, 660px\" \/><\/p>\n<p>Dette indgangsparti danner en smuk markering af en af indgangene til den fredfyldte park i \u00c5rhus. Parken kaldes i daglig tale Forstbotanisk Have. Den blev anlagt i\u00a01923 i omr\u00e5det bag Marselisborg Slot og vest for Mindeparken. Der er over 900 forskellige tr\u00e6er og buske fra alle egne af verden.\u00a0I haven er der desuden en del\u00a0gamle ege- og b\u00f8getr\u00e6er, som stod p\u00e5 stedet, inden det blev omdannet til forsthave.<\/p>\n<table>\n<tbody>\n<tr>\n<td><a href=\"http:\/\/photostory.dk\/wp-content\/uploads\/2017\/01\/DSC_8943.jpg\"><img decoding=\"async\" loading=\"lazy\" class=\"wp-image-1672 size-medium aligncenter\" src=\"http:\/\/photostory.dk\/wp-content\/uploads\/2017\/01\/DSC_8943-295x196.jpg\" width=\"295\" height=\"196\" srcset=\"https:\/\/www.photostory.dk\/wp-content\/uploads\/2017\/01\/DSC_8943-295x196.jpg 295w, https:\/\/www.photostory.dk\/wp-content\/uploads\/2017\/01\/DSC_8943-768x511.jpg 768w, https:\/\/www.photostory.dk\/wp-content\/uploads\/2017\/01\/DSC_8943.jpg 1024w\" sizes=\"(max-width: 295px) 100vw, 295px\" \/><\/a><\/td>\n<td><a href=\"http:\/\/photostory.dk\/wp-content\/uploads\/2017\/01\/DSC_8945.jpg\"><img decoding=\"async\" loading=\"lazy\" class=\"wp-image-1674 size-medium aligncenter\" src=\"http:\/\/photostory.dk\/wp-content\/uploads\/2017\/01\/DSC_8945-295x196.jpg\" width=\"295\" height=\"196\" srcset=\"https:\/\/www.photostory.dk\/wp-content\/uploads\/2017\/01\/DSC_8945-295x196.jpg 295w, https:\/\/www.photostory.dk\/wp-content\/uploads\/2017\/01\/DSC_8945-768x511.jpg 768w, https:\/\/www.photostory.dk\/wp-content\/uploads\/2017\/01\/DSC_8945.jpg 1024w\" sizes=\"(max-width: 295px) 100vw, 295px\" \/><\/a><\/td>\n<\/tr>\n<tr>\n<td><a href=\"http:\/\/photostory.dk\/wp-content\/uploads\/2017\/01\/DSC_8948.jpg\"><img decoding=\"async\" loading=\"lazy\" class=\"wp-image-1676 aligncenter\" src=\"http:\/\/photostory.dk\/wp-content\/uploads\/2017\/01\/DSC_8948-681x1024.jpg\" width=\"295\" height=\"444\" srcset=\"https:\/\/www.photostory.dk\/wp-content\/uploads\/2017\/01\/DSC_8948.jpg 681w, https:\/\/www.photostory.dk\/wp-content\/uploads\/2017\/01\/DSC_8948-146x220.jpg 146w\" sizes=\"(max-width: 295px) 100vw, 295px\" \/><\/a><\/td>\n<td><a href=\"http:\/\/photostory.dk\/wp-content\/uploads\/2017\/01\/DSC_8947.jpg\"><img decoding=\"async\" loading=\"lazy\" class=\"wp-image-1675 aligncenter\" src=\"http:\/\/photostory.dk\/wp-content\/uploads\/2017\/01\/DSC_8947-681x1024.jpg\" width=\"295\" height=\"444\" srcset=\"https:\/\/www.photostory.dk\/wp-content\/uploads\/2017\/01\/DSC_8947.jpg 681w, https:\/\/www.photostory.dk\/wp-content\/uploads\/2017\/01\/DSC_8947-146x220.jpg 146w\" sizes=\"(max-width: 295px) 100vw, 295px\" \/><\/a><\/td>\n<\/tr>\n<\/tbody>\n<\/table>\n<p style=\"text-align: center;\">Foto: Lars Bj\u00f8rnsten december 2016<\/p>\n","protected":false},"excerpt":{"rendered":"<p>Dette indgangsparti danner en smuk markering af en af indgangene til den fredfyldte park i \u00c5rhus. Parken kaldes i daglig tale Forstbotanisk Have. Den blev anlagt i\u00a01923 i omr\u00e5det bag Marselisborg Slot og vest for Mindeparken. Der er over 900 forskellige tr\u00e6er og buske fra alle egne af verden.\u00a0I haven er der desuden en del\u00a0gamle &hellip; <a href=\"https:\/\/www.photostory.dk\/?page_id=1671\" class=\"more-link\">L\u00e6s mere <span class=\"screen-reader-text\">En fredfyldt park i Aarhus<\/span><\/a><\/p>\n","protected":false},"author":1,"featured_media":0,"parent":0,"menu_order":0,"comment_status":"closed","ping_status":"closed","template":"","meta":[],"_links":{"self":[{"href":"https:\/\/www.photostory.dk\/index.php?rest_route=\/wp\/v2\/pages\/1671"}],"collection":[{"href":"https:\/\/www.photostory.dk\/index.php?rest_route=\/wp\/v2\/pages"}],"about":[{"href":"https:\/\/www.photostory.dk\/index.php?rest_route=\/wp\/v2\/types\/page"}],"author":[{"embeddable":true,"href":"https:\/\/www.photostory.dk\/index.php?rest_route=\/wp\/v2\/users\/1"}],"replies":[{"embeddable":true,"href":"https:\/\/www.photostory.dk\/index.php?rest_route=%2Fwp%2Fv2%2Fcomments&post=1671"}],"version-history":[{"count":5,"href":"https:\/\/www.photostory.dk\/index.php?rest_route=\/wp\/v2\/pages\/1671\/revisions"}],"predecessor-version":[{"id":1718,"href":"https:\/\/www.photostory.dk\/index.php?rest_route=\/wp\/v2\/pages\/1671\/revisions\/1718"}],"wp:attachment":[{"href":"https:\/\/www.photostory.dk\/index.php?rest_route=%2Fwp%2Fv2%2Fmedia&parent=1671"}],"curies":[{"name":"wp","href":"https:\/\/api.w.org\/{rel}","templated":true}]}}