{"id":1639,"date":"2017-01-10T16:38:42","date_gmt":"2017-01-10T16:38:42","guid":{"rendered":"http:\/\/photostory.dk\/?page_id=1639"},"modified":"2017-01-10T16:38:42","modified_gmt":"2017-01-10T16:38:42","slug":"badehusene-paa-vesterstrand-ved-aeroeskoebing","status":"publish","type":"page","link":"https:\/\/www.photostory.dk\/?page_id=1639","title":{"rendered":"Badehusene p\u00e5 Vesterstrand ved \u00c6r\u00f8sk\u00f8bing"},"content":{"rendered":"<p><img decoding=\"async\" loading=\"lazy\" class=\"alignnone wp-image-1645 size-large\" src=\"http:\/\/photostory.dk\/wp-content\/uploads\/2017\/01\/DSC_7415-1024x681.jpg\" width=\"660\" height=\"439\" srcset=\"https:\/\/www.photostory.dk\/wp-content\/uploads\/2017\/01\/DSC_7415.jpg 1024w, https:\/\/www.photostory.dk\/wp-content\/uploads\/2017\/01\/DSC_7415-295x196.jpg 295w, https:\/\/www.photostory.dk\/wp-content\/uploads\/2017\/01\/DSC_7415-768x511.jpg 768w\" sizes=\"(max-width: 660px) 100vw, 660px\" \/><\/p>\n<p style=\"text-align: center;\"><strong>De maleriske badehuse p\u00e5 Vesterstrand \u00c6r\u00f8<\/strong><\/p>\n<p>P\u00e5 vej med f\u00e6rgen fra Svendborg til \u00c6resk\u00f8bing kan man, n\u00e5r man er ved at n\u00e6rme\u00a0sig havnen i \u00c6resk\u00f8bing, \u00a0se de mange smukke og farverige badehuse\u00a0der er p\u00e5 Vesterstrand p\u00e5 \u00c6r\u00f8. De ligger p\u00e5 landtangen Urehoved nord for \u00c6r\u00f8sk\u00f8bing og her finder man\u00a0strandenge, som i nord ender i et mor\u00e6nelandskab.<\/p>\n<p>Nogle af badehusene er n\u00e6sten 100 \u00e5r gamle og danner udgangspunkt for mange familiers s\u00f8ndagsudflugt, n\u00e5r vejret og badestranden lokker folk ud i den storsl\u00e5ede og friske natur, der er umiddelbart udenfor d\u00f8ren. For at bevare milj\u00f8et og atmosf\u00e6ren skal husene forblive, som de er. Der m\u00e5 ikke laves udbygninger eller omforandringer. Husene st\u00e5r p\u00e5 lejet grund og der m\u00e5 ikke overnattes i dem.<\/p>\n<p><a href=\"http:\/\/photostory.dk\/wp-content\/uploads\/2017\/01\/DSC_7414.jpg\"><img decoding=\"async\" loading=\"lazy\" class=\"alignnone size-large wp-image-1644\" src=\"http:\/\/photostory.dk\/wp-content\/uploads\/2017\/01\/DSC_7414-1024x681.jpg\" alt=\"\" width=\"660\" height=\"439\" srcset=\"https:\/\/www.photostory.dk\/wp-content\/uploads\/2017\/01\/DSC_7414.jpg 1024w, https:\/\/www.photostory.dk\/wp-content\/uploads\/2017\/01\/DSC_7414-295x196.jpg 295w, https:\/\/www.photostory.dk\/wp-content\/uploads\/2017\/01\/DSC_7414-768x511.jpg 768w\" sizes=\"(max-width: 660px) 100vw, 660px\" \/><\/a><\/p>\n<p style=\"text-align: center;\">Foto Lars Bj\u00f8rnsten Odense 2016<\/p>\n","protected":false},"excerpt":{"rendered":"<p>De maleriske badehuse p\u00e5 Vesterstrand \u00c6r\u00f8 P\u00e5 vej med f\u00e6rgen fra Svendborg til \u00c6resk\u00f8bing kan man, n\u00e5r man er ved at n\u00e6rme\u00a0sig havnen i \u00c6resk\u00f8bing, \u00a0se de mange smukke og farverige badehuse\u00a0der er p\u00e5 Vesterstrand p\u00e5 \u00c6r\u00f8. De ligger p\u00e5 landtangen Urehoved nord for \u00c6r\u00f8sk\u00f8bing og her finder man\u00a0strandenge, som i nord ender i et &hellip; <a href=\"https:\/\/www.photostory.dk\/?page_id=1639\" class=\"more-link\">L\u00e6s mere <span class=\"screen-reader-text\">Badehusene p\u00e5 Vesterstrand ved \u00c6r\u00f8sk\u00f8bing<\/span><\/a><\/p>\n","protected":false},"author":1,"featured_media":0,"parent":0,"menu_order":0,"comment_status":"closed","ping_status":"closed","template":"","meta":[],"_links":{"self":[{"href":"https:\/\/www.photostory.dk\/index.php?rest_route=\/wp\/v2\/pages\/1639"}],"collection":[{"href":"https:\/\/www.photostory.dk\/index.php?rest_route=\/wp\/v2\/pages"}],"about":[{"href":"https:\/\/www.photostory.dk\/index.php?rest_route=\/wp\/v2\/types\/page"}],"author":[{"embeddable":true,"href":"https:\/\/www.photostory.dk\/index.php?rest_route=\/wp\/v2\/users\/1"}],"replies":[{"embeddable":true,"href":"https:\/\/www.photostory.dk\/index.php?rest_route=%2Fwp%2Fv2%2Fcomments&post=1639"}],"version-history":[{"count":10,"href":"https:\/\/www.photostory.dk\/index.php?rest_route=\/wp\/v2\/pages\/1639\/revisions"}],"predecessor-version":[{"id":1651,"href":"https:\/\/www.photostory.dk\/index.php?rest_route=\/wp\/v2\/pages\/1639\/revisions\/1651"}],"wp:attachment":[{"href":"https:\/\/www.photostory.dk\/index.php?rest_route=%2Fwp%2Fv2%2Fmedia&parent=1639"}],"curies":[{"name":"wp","href":"https:\/\/api.w.org\/{rel}","templated":true}]}}