{"id":1621,"date":"2017-01-10T11:56:02","date_gmt":"2017-01-10T11:56:02","guid":{"rendered":"http:\/\/photostory.dk\/?page_id=1621"},"modified":"2017-01-10T14:42:39","modified_gmt":"2017-01-10T14:42:39","slug":"gemmerne1","status":"publish","type":"page","link":"https:\/\/www.photostory.dk\/?page_id=1621","title":{"rendered":"Fra kongehusets gemmer"},"content":{"rendered":"<p>P\u00e5 udstillingen om kongehusets gemmer p\u00e5 Amalienborg i 2016-2017 kunne man bl.a. se flag, transportkasser, kufferter, malerier, hatte, sko, t\u00f8j, buster, porcel\u00e6n, sk\u00e5le, afrikanske figurer, et abebur, bondeg\u00e5rd, telefon, leget\u00f8j og meget andet. Se mere <a href=\"http:\/\/photostory.dk\/?page_id=1487\">her!<\/a><\/p>\n<table>\n<tbody>\n<tr>\n<td><a href=\"http:\/\/photostory.dk\/wp-content\/uploads\/2017\/01\/DSC_7973.jpg\"><img decoding=\"async\" loading=\"lazy\" class=\"wp-image-1608 size-medium aligncenter\" src=\"http:\/\/photostory.dk\/wp-content\/uploads\/2017\/01\/DSC_7973-295x196.jpg\" width=\"295\" height=\"196\" srcset=\"https:\/\/www.photostory.dk\/wp-content\/uploads\/2017\/01\/DSC_7973-295x196.jpg 295w, https:\/\/www.photostory.dk\/wp-content\/uploads\/2017\/01\/DSC_7973-768x511.jpg 768w, https:\/\/www.photostory.dk\/wp-content\/uploads\/2017\/01\/DSC_7973.jpg 1024w\" sizes=\"(max-width: 295px) 100vw, 295px\" \/><\/a><\/td>\n<td><a href=\"http:\/\/photostory.dk\/wp-content\/uploads\/2017\/01\/DSC_7976.jpg\"><img decoding=\"async\" loading=\"lazy\" class=\"wp-image-1609 size-medium aligncenter\" src=\"http:\/\/photostory.dk\/wp-content\/uploads\/2017\/01\/DSC_7976-295x196.jpg\" width=\"295\" height=\"196\" srcset=\"https:\/\/www.photostory.dk\/wp-content\/uploads\/2017\/01\/DSC_7976-295x196.jpg 295w, https:\/\/www.photostory.dk\/wp-content\/uploads\/2017\/01\/DSC_7976-768x511.jpg 768w, https:\/\/www.photostory.dk\/wp-content\/uploads\/2017\/01\/DSC_7976.jpg 1024w\" sizes=\"(max-width: 295px) 100vw, 295px\" \/><\/a><\/td>\n<\/tr>\n<tr>\n<td><a href=\"http:\/\/photostory.dk\/wp-content\/uploads\/2017\/01\/DSC_7949.jpg\"><img decoding=\"async\" loading=\"lazy\" class=\"aligncenter wp-image-1605\" src=\"http:\/\/photostory.dk\/wp-content\/uploads\/2017\/01\/DSC_7949-295x196.jpg\" width=\"295\" height=\"196\" srcset=\"https:\/\/www.photostory.dk\/wp-content\/uploads\/2017\/01\/DSC_7949-295x196.jpg 295w, https:\/\/www.photostory.dk\/wp-content\/uploads\/2017\/01\/DSC_7949-768x511.jpg 768w, https:\/\/www.photostory.dk\/wp-content\/uploads\/2017\/01\/DSC_7949.jpg 1024w\" sizes=\"(max-width: 295px) 100vw, 295px\" \/><\/a><\/td>\n<td><a href=\"http:\/\/photostory.dk\/wp-content\/uploads\/2017\/01\/DSC_7996.jpg\"><img decoding=\"async\" loading=\"lazy\" class=\"size-medium wp-image-1635 aligncenter\" src=\"http:\/\/photostory.dk\/wp-content\/uploads\/2017\/01\/DSC_7996-295x196.jpg\" alt=\"\" width=\"295\" height=\"196\" srcset=\"https:\/\/www.photostory.dk\/wp-content\/uploads\/2017\/01\/DSC_7996-295x196.jpg 295w, https:\/\/www.photostory.dk\/wp-content\/uploads\/2017\/01\/DSC_7996-768x511.jpg 768w, https:\/\/www.photostory.dk\/wp-content\/uploads\/2017\/01\/DSC_7996.jpg 1024w\" sizes=\"(max-width: 295px) 100vw, 295px\" \/><\/a><\/td>\n<\/tr>\n<tr>\n<td><a href=\"http:\/\/photostory.dk\/wp-content\/uploads\/2017\/01\/DSC_7960.jpg\"><img decoding=\"async\" loading=\"lazy\" class=\"aligncenter wp-image-1606 size-medium\" src=\"http:\/\/photostory.dk\/wp-content\/uploads\/2017\/01\/DSC_7960-295x196.jpg\" width=\"295\" height=\"196\" srcset=\"https:\/\/www.photostory.dk\/wp-content\/uploads\/2017\/01\/DSC_7960-295x196.jpg 295w, https:\/\/www.photostory.dk\/wp-content\/uploads\/2017\/01\/DSC_7960-768x511.jpg 768w, https:\/\/www.photostory.dk\/wp-content\/uploads\/2017\/01\/DSC_7960.jpg 1024w\" sizes=\"(max-width: 295px) 100vw, 295px\" \/><\/a><\/td>\n<td><a href=\"http:\/\/photostory.dk\/wp-content\/uploads\/2017\/01\/DSC_7968.jpg\"><img decoding=\"async\" loading=\"lazy\" class=\"aligncenter wp-image-1607 size-medium\" src=\"http:\/\/photostory.dk\/wp-content\/uploads\/2017\/01\/DSC_7968-295x196.jpg\" width=\"295\" height=\"196\" srcset=\"https:\/\/www.photostory.dk\/wp-content\/uploads\/2017\/01\/DSC_7968-295x196.jpg 295w, https:\/\/www.photostory.dk\/wp-content\/uploads\/2017\/01\/DSC_7968-768x511.jpg 768w, https:\/\/www.photostory.dk\/wp-content\/uploads\/2017\/01\/DSC_7968.jpg 1024w\" sizes=\"(max-width: 295px) 100vw, 295px\" \/><\/a><\/td>\n<\/tr>\n<tr>\n<td><a href=\"http:\/\/photostory.dk\/wp-content\/uploads\/2017\/01\/DSC_8016.jpg\"><img decoding=\"async\" loading=\"lazy\" class=\"wp-image-1614 size-medium aligncenter\" src=\"http:\/\/photostory.dk\/wp-content\/uploads\/2017\/01\/DSC_8016-295x196.jpg\" width=\"295\" height=\"196\" srcset=\"https:\/\/www.photostory.dk\/wp-content\/uploads\/2017\/01\/DSC_8016-295x196.jpg 295w, https:\/\/www.photostory.dk\/wp-content\/uploads\/2017\/01\/DSC_8016-768x511.jpg 768w, https:\/\/www.photostory.dk\/wp-content\/uploads\/2017\/01\/DSC_8016.jpg 1024w\" sizes=\"(max-width: 295px) 100vw, 295px\" \/><\/a><\/td>\n<td><a href=\"http:\/\/photostory.dk\/wp-content\/uploads\/2017\/01\/DSC_7997.jpg\"><img decoding=\"async\" loading=\"lazy\" class=\"wp-image-1611 size-medium aligncenter\" src=\"http:\/\/photostory.dk\/wp-content\/uploads\/2017\/01\/DSC_7997-295x196.jpg\" width=\"295\" height=\"196\" srcset=\"https:\/\/www.photostory.dk\/wp-content\/uploads\/2017\/01\/DSC_7997-295x196.jpg 295w, https:\/\/www.photostory.dk\/wp-content\/uploads\/2017\/01\/DSC_7997-768x511.jpg 768w, https:\/\/www.photostory.dk\/wp-content\/uploads\/2017\/01\/DSC_7997.jpg 1024w\" sizes=\"(max-width: 295px) 100vw, 295px\" \/><\/a><\/td>\n<\/tr>\n<tr>\n<td><a href=\"http:\/\/photostory.dk\/wp-content\/uploads\/2017\/01\/DSC_7977.jpg\"><img decoding=\"async\" loading=\"lazy\" class=\"size-medium wp-image-1610 aligncenter\" src=\"http:\/\/photostory.dk\/wp-content\/uploads\/2017\/01\/DSC_7977-295x196.jpg\" alt=\"\" width=\"295\" height=\"196\" srcset=\"https:\/\/www.photostory.dk\/wp-content\/uploads\/2017\/01\/DSC_7977-295x196.jpg 295w, https:\/\/www.photostory.dk\/wp-content\/uploads\/2017\/01\/DSC_7977-768x511.jpg 768w, https:\/\/www.photostory.dk\/wp-content\/uploads\/2017\/01\/DSC_7977.jpg 1024w\" sizes=\"(max-width: 295px) 100vw, 295px\" \/><\/a><\/td>\n<td><a href=\"http:\/\/photostory.dk\/wp-content\/uploads\/2017\/01\/DSC_8002.jpg\"><img decoding=\"async\" loading=\"lazy\" class=\"wp-image-1613 size-medium aligncenter\" src=\"http:\/\/photostory.dk\/wp-content\/uploads\/2017\/01\/DSC_8002-295x196.jpg\" width=\"295\" height=\"196\" srcset=\"https:\/\/www.photostory.dk\/wp-content\/uploads\/2017\/01\/DSC_8002-295x196.jpg 295w, https:\/\/www.photostory.dk\/wp-content\/uploads\/2017\/01\/DSC_8002-768x511.jpg 768w, https:\/\/www.photostory.dk\/wp-content\/uploads\/2017\/01\/DSC_8002.jpg 1024w\" sizes=\"(max-width: 295px) 100vw, 295px\" \/><\/a><\/td>\n<\/tr>\n<\/tbody>\n<\/table>\n<p>Foto Lars Bj\u00f8rnsten Odense 2016<\/p>\n","protected":false},"excerpt":{"rendered":"<p>P\u00e5 udstillingen om kongehusets gemmer p\u00e5 Amalienborg i 2016-2017 kunne man bl.a. se flag, transportkasser, kufferter, malerier, hatte, sko, t\u00f8j, buster, porcel\u00e6n, sk\u00e5le, afrikanske figurer, et abebur, bondeg\u00e5rd, telefon, leget\u00f8j og meget andet. Se mere her! Foto Lars Bj\u00f8rnsten Odense 2016<\/p>\n","protected":false},"author":1,"featured_media":0,"parent":0,"menu_order":0,"comment_status":"closed","ping_status":"closed","template":"","meta":[],"_links":{"self":[{"href":"https:\/\/www.photostory.dk\/index.php?rest_route=\/wp\/v2\/pages\/1621"}],"collection":[{"href":"https:\/\/www.photostory.dk\/index.php?rest_route=\/wp\/v2\/pages"}],"about":[{"href":"https:\/\/www.photostory.dk\/index.php?rest_route=\/wp\/v2\/types\/page"}],"author":[{"embeddable":true,"href":"https:\/\/www.photostory.dk\/index.php?rest_route=\/wp\/v2\/users\/1"}],"replies":[{"embeddable":true,"href":"https:\/\/www.photostory.dk\/index.php?rest_route=%2Fwp%2Fv2%2Fcomments&post=1621"}],"version-history":[{"count":10,"href":"https:\/\/www.photostory.dk\/index.php?rest_route=\/wp\/v2\/pages\/1621\/revisions"}],"predecessor-version":[{"id":1638,"href":"https:\/\/www.photostory.dk\/index.php?rest_route=\/wp\/v2\/pages\/1621\/revisions\/1638"}],"wp:attachment":[{"href":"https:\/\/www.photostory.dk\/index.php?rest_route=%2Fwp%2Fv2%2Fmedia&parent=1621"}],"curies":[{"name":"wp","href":"https:\/\/api.w.org\/{rel}","templated":true}]}}