{"id":1502,"date":"2017-01-08T16:42:22","date_gmt":"2017-01-08T16:42:22","guid":{"rendered":"http:\/\/photostory.dk\/?page_id=1502"},"modified":"2017-01-08T17:13:13","modified_gmt":"2017-01-08T17:13:13","slug":"kong-christian-d-2-1481-1559-og-odense","status":"publish","type":"page","link":"https:\/\/www.photostory.dk\/?page_id=1502","title":{"rendered":"Kong Christian d. 2 1481 &#8211; 1559 og Odense"},"content":{"rendered":"<p><a href=\"http:\/\/photostory.dk\/wp-content\/uploads\/2017\/01\/kong-christian-2-kranium_small.jpg\"><img decoding=\"async\" loading=\"lazy\" class=\"size-full wp-image-1503 aligncenter\" src=\"http:\/\/photostory.dk\/wp-content\/uploads\/2017\/01\/kong-christian-2-kranium_small.jpg\" alt=\"\" width=\"415\" height=\"550\" srcset=\"https:\/\/www.photostory.dk\/wp-content\/uploads\/2017\/01\/kong-christian-2-kranium_small.jpg 415w, https:\/\/www.photostory.dk\/wp-content\/uploads\/2017\/01\/kong-christian-2-kranium_small-166x220.jpg 166w\" sizes=\"(max-width: 415px) 100vw, 415px\" \/><\/a><\/p>\n<p style=\"text-align: center;\">Kranium af Kong Christian d. 2 1481 &#8211; 1559<\/p>\n<p style=\"text-align: left;\"><img decoding=\"async\" loading=\"lazy\" class=\"size-full wp-image-1504 alignleft\" src=\"http:\/\/photostory.dk\/wp-content\/uploads\/2017\/01\/ChristianIIb.jpg\" alt=\"\" width=\"227\" height=\"346\" srcset=\"https:\/\/www.photostory.dk\/wp-content\/uploads\/2017\/01\/ChristianIIb.jpg 227w, https:\/\/www.photostory.dk\/wp-content\/uploads\/2017\/01\/ChristianIIb-144x220.jpg 144w\" sizes=\"(max-width: 227px) 100vw, 227px\" \/><\/p>\n<p>Christian 2. Konge af Danmark, Norge og Sverige. Christian 2. blev f\u00f8dt 1. juli 1481 og d\u00f8de 25. januar 1559 p\u00e5 Kalundborg Slot, hvor han opholdt sig som fange til sin d\u00f8d.\u00a0Da hans far Kong Hans d\u00f8de i 1513 overtog den kun 32 \u00e5rige tronf\u00f8lger embedet. Han blev f\u00f8dt 1481 p\u00e5 Nyborg Slot som s\u00f8n af kong Hans og dronning Christine og han blev allerede i 1487 valgt af det danske rigsr\u00e5d som tronf\u00f8lger. Han var konge af Danmark og Norge fra 1513-1523 og af Sverige fra 1520-1523.<\/p>\n<p>Christian den 2. blev begravet p\u00e5 en af de kongelige gravpladser i Gr\u00e5br\u00f8dre Kirke. Da kirken blev lukket 1804 blev det besluttet at flytte de jordiske rester af de kongelige herunder Christian II. til domkirken i Odense.<\/p>\n<p><a href=\"http:\/\/photostory.dk\/wp-content\/uploads\/2017\/01\/graabroedre-048_small.jpg\"><img decoding=\"async\" loading=\"lazy\" class=\"wp-image-1505 size-full aligncenter\" src=\"http:\/\/photostory.dk\/wp-content\/uploads\/2017\/01\/graabroedre-048_small.jpg\" width=\"450\" height=\"301\" srcset=\"https:\/\/www.photostory.dk\/wp-content\/uploads\/2017\/01\/graabroedre-048_small.jpg 450w, https:\/\/www.photostory.dk\/wp-content\/uploads\/2017\/01\/graabroedre-048_small-295x197.jpg 295w\" sizes=\"(max-width: 450px) 100vw, 450px\" \/><\/a><\/p>\n<p style=\"text-align: center;\">Udgravninger af bl.a. Kong Christian d.2 gravplads i 2007<\/p>\n<p>En del af udgravningen i 2007 af de kongelige gravpladser i Gr\u00e5br\u00f8dre Kirke Odense. Ved den hvide mur er enden af Christian den Andens gravsted og man skal forestille sig at det g\u00e5r flere meter ind under arealet, som ikke er blevet udgravet.<\/p>\n<p>L\u00e6s mere udgravninger, gravsteder m.m.\u00a0p\u00e5 nedenst\u00e5ende sider.<\/p>\n<p><strong>Sider:<\/strong> \u00a0<a href=\"http:\/\/photostory.dk\/?page_id=30\">0<\/a> \u00a0<a href=\"http:\/\/photostory.dk\/?page_id=1435\">1<\/a> \u00a0<a href=\"http:\/\/photostory.dk\/?page_id=1448\">2<\/a> \u00a0<a href=\"http:\/\/photostory.dk\/?page_id=1456\">3<\/a> \u00a0<a href=\"http:\/\/photostory.dk\/?page_id=1457\">4<\/a> \u00a0<a href=\"http:\/\/photostory.dk\/?page_id=1479\">5<\/a> \u00a0<a href=\"http:\/\/photostory.dk\/?page_id=1489\">6<\/a> \u00a0<a href=\"http:\/\/photostory.dk\/?page_id=1460\">7<\/a> \u00a0<a href=\"http:\/\/photostory.dk\/?page_id=1502\">8<\/a> \u00a0<a href=\"http:\/\/photostory.dk\/?page_id=1498\">9<\/a><\/p>\n","protected":false},"excerpt":{"rendered":"<p>Kranium af Kong Christian d. 2 1481 &#8211; 1559 Christian 2. Konge af Danmark, Norge og Sverige. Christian 2. blev f\u00f8dt 1. juli 1481 og d\u00f8de 25. januar 1559 p\u00e5 Kalundborg Slot, hvor han opholdt sig som fange til sin d\u00f8d.\u00a0Da hans far Kong Hans d\u00f8de i 1513 overtog den kun 32 \u00e5rige tronf\u00f8lger embedet. &hellip; <a href=\"https:\/\/www.photostory.dk\/?page_id=1502\" class=\"more-link\">L\u00e6s mere <span class=\"screen-reader-text\">Kong Christian d. 2 1481 &#8211; 1559 og Odense<\/span><\/a><\/p>\n","protected":false},"author":1,"featured_media":0,"parent":0,"menu_order":0,"comment_status":"closed","ping_status":"closed","template":"","meta":[],"_links":{"self":[{"href":"https:\/\/www.photostory.dk\/index.php?rest_route=\/wp\/v2\/pages\/1502"}],"collection":[{"href":"https:\/\/www.photostory.dk\/index.php?rest_route=\/wp\/v2\/pages"}],"about":[{"href":"https:\/\/www.photostory.dk\/index.php?rest_route=\/wp\/v2\/types\/page"}],"author":[{"embeddable":true,"href":"https:\/\/www.photostory.dk\/index.php?rest_route=\/wp\/v2\/users\/1"}],"replies":[{"embeddable":true,"href":"https:\/\/www.photostory.dk\/index.php?rest_route=%2Fwp%2Fv2%2Fcomments&post=1502"}],"version-history":[{"count":9,"href":"https:\/\/www.photostory.dk\/index.php?rest_route=\/wp\/v2\/pages\/1502\/revisions"}],"predecessor-version":[{"id":1550,"href":"https:\/\/www.photostory.dk\/index.php?rest_route=\/wp\/v2\/pages\/1502\/revisions\/1550"}],"wp:attachment":[{"href":"https:\/\/www.photostory.dk\/index.php?rest_route=%2Fwp%2Fv2%2Fmedia&parent=1502"}],"curies":[{"name":"wp","href":"https:\/\/api.w.org\/{rel}","templated":true}]}}