{"id":1498,"date":"2017-01-08T16:52:39","date_gmt":"2017-01-08T16:52:39","guid":{"rendered":"http:\/\/photostory.dk\/?page_id=1498"},"modified":"2017-01-08T17:13:35","modified_gmt":"2017-01-08T17:13:35","slug":"prins-frants-frans-1497-1521","status":"publish","type":"page","link":"https:\/\/www.photostory.dk\/?page_id=1498","title":{"rendered":"Prins Frants &#8211; Frans 1497 &#8211; 1521"},"content":{"rendered":"<p><a href=\"http:\/\/photostory.dk\/wp-content\/uploads\/2017\/01\/prins-frans_small.jpg\"><img decoding=\"async\" loading=\"lazy\" class=\"aligncenter wp-image-1500\" src=\"http:\/\/photostory.dk\/wp-content\/uploads\/2017\/01\/prins-frans_small.jpg\" width=\"505\" height=\"538\" srcset=\"https:\/\/www.photostory.dk\/wp-content\/uploads\/2017\/01\/prins-frans_small.jpg 535w, https:\/\/www.photostory.dk\/wp-content\/uploads\/2017\/01\/prins-frans_small-206x220.jpg 206w\" sizes=\"(max-width: 505px) 100vw, 505px\" \/><\/a><\/p>\n<p style=\"text-align: center;\">Prins Frants &#8211; Frans 1497-1511<\/p>\n<p style=\"text-align: left;\">Billedet er en del af en helhed af en stenepitafium, som befinder sig i Domkirken i Odense.<\/p>\n<p><img decoding=\"async\" loading=\"lazy\" class=\"wp-image-1499 alignleft\" src=\"http:\/\/photostory.dk\/wp-content\/uploads\/2017\/01\/frans-asissi-1-1024x941.jpg\" width=\"285\" height=\"262\" srcset=\"https:\/\/www.photostory.dk\/wp-content\/uploads\/2017\/01\/frans-asissi-1-1024x941.jpg 1024w, https:\/\/www.photostory.dk\/wp-content\/uploads\/2017\/01\/frans-asissi-1-239x220.jpg 239w, https:\/\/www.photostory.dk\/wp-content\/uploads\/2017\/01\/frans-asissi-1-768x706.jpg 768w, https:\/\/www.photostory.dk\/wp-content\/uploads\/2017\/01\/frans-asissi-1.jpg 1650w\" sizes=\"(max-width: 285px) 100vw, 285px\" \/><\/p>\n<p>1497-1511. Christines og Hans yngste s\u00f8n prins Frans, opkaldt efter den hellige Frans af Assisi begraves foran alteret. Efterf\u00f8lgende begraves for\u00e6ldrene p\u00e5 hver side af ham. Dronning Christine og prins Frants havde et godt forhold til hinanden. Han boede hos sin moder i Odense p\u00e5 N\u00e6sbyhoved slot indtil han i 1509 kom til hoffet i K\u00f8benhavn.<\/p>\n<p>Den lille Frants var syg og i marts 1511 kort f\u00f8r hans d\u00f8d. I f\u00f8lge gravskriften blev han &#8220;bortrevet af den d\u00f8dbringende pest&#8221; og begravedes 1. april 1511 i Gr\u00e5br\u00f8dre Kirke.<\/p>\n<p style=\"text-align: left;\">Kilde: Opslagtavle p\u00e5 Gr\u00e5br\u00f8dre Plads 15. sept. 2007 fra Odense Bys Museer.<\/p>\n<p>L\u00e6s mere udgravninger, gravsteder m.m.\u00a0p\u00e5 nedenst\u00e5ende sider.<\/p>\n<p><strong>Sider:<\/strong> \u00a0<a href=\"http:\/\/photostory.dk\/?page_id=30\">0<\/a> \u00a0<a href=\"http:\/\/photostory.dk\/?page_id=1435\">1<\/a> \u00a0<a href=\"http:\/\/photostory.dk\/?page_id=1448\">2<\/a> \u00a0<a href=\"http:\/\/photostory.dk\/?page_id=1456\">3<\/a> \u00a0<a href=\"http:\/\/photostory.dk\/?page_id=1457\">4<\/a> \u00a0<a href=\"http:\/\/photostory.dk\/?page_id=1479\">5<\/a> \u00a0<a href=\"http:\/\/photostory.dk\/?page_id=1489\">6<\/a> \u00a0<a href=\"http:\/\/photostory.dk\/?page_id=1460\">7<\/a> \u00a0<a href=\"http:\/\/photostory.dk\/?page_id=1502\">8<\/a> \u00a0<a href=\"http:\/\/photostory.dk\/?page_id=1498\">9<\/a><\/p>\n","protected":false},"excerpt":{"rendered":"<p>Prins Frants &#8211; Frans 1497-1511 Billedet er en del af en helhed af en stenepitafium, som befinder sig i Domkirken i Odense. 1497-1511. Christines og Hans yngste s\u00f8n prins Frans, opkaldt efter den hellige Frans af Assisi begraves foran alteret. Efterf\u00f8lgende begraves for\u00e6ldrene p\u00e5 hver side af ham. Dronning Christine og prins Frants havde et &hellip; <a href=\"https:\/\/www.photostory.dk\/?page_id=1498\" class=\"more-link\">L\u00e6s mere <span class=\"screen-reader-text\">Prins Frants &#8211; Frans 1497 &#8211; 1521<\/span><\/a><\/p>\n","protected":false},"author":1,"featured_media":0,"parent":0,"menu_order":0,"comment_status":"closed","ping_status":"closed","template":"","meta":[],"_links":{"self":[{"href":"https:\/\/www.photostory.dk\/index.php?rest_route=\/wp\/v2\/pages\/1498"}],"collection":[{"href":"https:\/\/www.photostory.dk\/index.php?rest_route=\/wp\/v2\/pages"}],"about":[{"href":"https:\/\/www.photostory.dk\/index.php?rest_route=\/wp\/v2\/types\/page"}],"author":[{"embeddable":true,"href":"https:\/\/www.photostory.dk\/index.php?rest_route=\/wp\/v2\/users\/1"}],"replies":[{"embeddable":true,"href":"https:\/\/www.photostory.dk\/index.php?rest_route=%2Fwp%2Fv2%2Fcomments&post=1498"}],"version-history":[{"count":8,"href":"https:\/\/www.photostory.dk\/index.php?rest_route=\/wp\/v2\/pages\/1498\/revisions"}],"predecessor-version":[{"id":1551,"href":"https:\/\/www.photostory.dk\/index.php?rest_route=\/wp\/v2\/pages\/1498\/revisions\/1551"}],"wp:attachment":[{"href":"https:\/\/www.photostory.dk\/index.php?rest_route=%2Fwp%2Fv2%2Fmedia&parent=1498"}],"curies":[{"name":"wp","href":"https:\/\/api.w.org\/{rel}","templated":true}]}}