{"id":1489,"date":"2017-01-08T16:12:04","date_gmt":"2017-01-08T16:12:04","guid":{"rendered":"http:\/\/photostory.dk\/?page_id=1489"},"modified":"2017-01-08T17:12:26","modified_gmt":"2017-01-08T17:12:26","slug":"kong-hans-1455-1513-gravsted-i-odense","status":"publish","type":"page","link":"https:\/\/www.photostory.dk\/?page_id=1489","title":{"rendered":"Kong Hans 1455-1513 gravsted i Odense"},"content":{"rendered":"<p style=\"text-align: center;\"><a href=\"http:\/\/photostory.dk\/wp-content\/uploads\/2017\/01\/kong-hans_small.jpg\"><img decoding=\"async\" loading=\"lazy\" class=\"alignnone size-full wp-image-1492\" src=\"http:\/\/photostory.dk\/wp-content\/uploads\/2017\/01\/kong-hans_small.jpg\" alt=\"\" width=\"534\" height=\"570\" srcset=\"https:\/\/www.photostory.dk\/wp-content\/uploads\/2017\/01\/kong-hans_small.jpg 534w, https:\/\/www.photostory.dk\/wp-content\/uploads\/2017\/01\/kong-hans_small-206x220.jpg 206w\" sizes=\"(max-width: 534px) 100vw, 534px\" \/><\/a><\/p>\n<p style=\"text-align: center;\">Kong Hans 1455-1513. Fra Kong Hans&#8217; ligsten i Skt. Knuds Kirke i Odense.<\/p>\n<p><a href=\"http:\/\/photostory.dk\/wp-content\/uploads\/2017\/01\/kong-hans.jpg\"><img decoding=\"async\" loading=\"lazy\" class=\"size-full wp-image-1493 alignleft\" src=\"http:\/\/photostory.dk\/wp-content\/uploads\/2017\/01\/kong-hans.jpg\" alt=\"\" width=\"200\" height=\"250\" srcset=\"https:\/\/www.photostory.dk\/wp-content\/uploads\/2017\/01\/kong-hans.jpg 200w, https:\/\/www.photostory.dk\/wp-content\/uploads\/2017\/01\/kong-hans-176x220.jpg 176w\" sizes=\"(max-width: 200px) 100vw, 200px\" \/><\/a><\/p>\n<p>Konge af Danmark \u00b7 Norge fra 1481-1513 og Sverige 1497-1501.<\/p>\n<p>Hans blev f\u00f8dt i 1455 og d\u00f8de i 1513. Han var s\u00f8n af Christian 1. og Dorothea af Brandenburg. I 1478 giftede han sig med Christine af Sachsen.<\/p>\n<p style=\"text-align: center;\"><a href=\"http:\/\/photostory.dk\/wp-content\/uploads\/2017\/01\/graabroedre-044_small.jpg\"><img decoding=\"async\" loading=\"lazy\" class=\"alignnone size-full wp-image-1494\" src=\"http:\/\/photostory.dk\/wp-content\/uploads\/2017\/01\/graabroedre-044_small.jpg\" alt=\"\" width=\"570\" height=\"381\" srcset=\"https:\/\/www.photostory.dk\/wp-content\/uploads\/2017\/01\/graabroedre-044_small.jpg 570w, https:\/\/www.photostory.dk\/wp-content\/uploads\/2017\/01\/graabroedre-044_small-295x197.jpg 295w\" sizes=\"(max-width: 570px) 100vw, 570px\" \/><\/a><\/p>\n<p style=\"text-align: left;\">Udgravning i september 2007 af bl.a. Kong Hans&#8217;s gravsted i den nu nedrevne Gr\u00e5br\u00f8dre Kirke i Odense. Foto Lars Bj\u00f8rnsten 2007.<\/p>\n<p style=\"text-align: center;\"><a href=\"http:\/\/photostory.dk\/wp-content\/uploads\/2017\/01\/kong-hans-kranium_small.jpg\"><img decoding=\"async\" loading=\"lazy\" class=\"size-full wp-image-1495 aligncenter\" src=\"http:\/\/photostory.dk\/wp-content\/uploads\/2017\/01\/kong-hans-kranium_small.jpg\" alt=\"\" width=\"426\" height=\"550\" srcset=\"https:\/\/www.photostory.dk\/wp-content\/uploads\/2017\/01\/kong-hans-kranium_small.jpg 426w, https:\/\/www.photostory.dk\/wp-content\/uploads\/2017\/01\/kong-hans-kranium_small-170x220.jpg 170w\" sizes=\"(max-width: 426px) 100vw, 426px\" \/><\/a><\/p>\n<p style=\"text-align: left;\">Kranium at Kong Hans.\u00a0Kilde: Opslagtavle p\u00e5 Gr\u00e5br\u00f8dre Plads 15. sept. 2007 fra Odense Bys Museer.<\/p>\n<p>L\u00e6s mere udgravninger, gravsteder m.m.\u00a0p\u00e5 nedenst\u00e5ende sider.<\/p>\n<p><strong>Sider:<\/strong> \u00a0<a href=\"http:\/\/photostory.dk\/?page_id=30\">0<\/a> \u00a0<a href=\"http:\/\/photostory.dk\/?page_id=1435\">1<\/a> \u00a0<a href=\"http:\/\/photostory.dk\/?page_id=1448\">2<\/a> \u00a0<a href=\"http:\/\/photostory.dk\/?page_id=1456\">3<\/a> \u00a0<a href=\"http:\/\/photostory.dk\/?page_id=1457\">4<\/a> \u00a0<a href=\"http:\/\/photostory.dk\/?page_id=1479\">5<\/a> \u00a0<a href=\"http:\/\/photostory.dk\/?page_id=1489\">6<\/a> \u00a0<a href=\"http:\/\/photostory.dk\/?page_id=1460\">7<\/a> \u00a0<a href=\"http:\/\/photostory.dk\/?page_id=1502\">8<\/a> \u00a0<a href=\"http:\/\/photostory.dk\/?page_id=1498\">9<\/a><\/p>\n<p style=\"text-align: center;\">\n","protected":false},"excerpt":{"rendered":"<p>Kong Hans 1455-1513. Fra Kong Hans&#8217; ligsten i Skt. Knuds Kirke i Odense. Konge af Danmark \u00b7 Norge fra 1481-1513 og Sverige 1497-1501. Hans blev f\u00f8dt i 1455 og d\u00f8de i 1513. Han var s\u00f8n af Christian 1. og Dorothea af Brandenburg. I 1478 giftede han sig med Christine af Sachsen. Udgravning i september 2007 &hellip; <a href=\"https:\/\/www.photostory.dk\/?page_id=1489\" class=\"more-link\">L\u00e6s mere <span class=\"screen-reader-text\">Kong Hans 1455-1513 gravsted i Odense<\/span><\/a><\/p>\n","protected":false},"author":1,"featured_media":0,"parent":0,"menu_order":0,"comment_status":"closed","ping_status":"closed","template":"","meta":[],"_links":{"self":[{"href":"https:\/\/www.photostory.dk\/index.php?rest_route=\/wp\/v2\/pages\/1489"}],"collection":[{"href":"https:\/\/www.photostory.dk\/index.php?rest_route=\/wp\/v2\/pages"}],"about":[{"href":"https:\/\/www.photostory.dk\/index.php?rest_route=\/wp\/v2\/types\/page"}],"author":[{"embeddable":true,"href":"https:\/\/www.photostory.dk\/index.php?rest_route=\/wp\/v2\/users\/1"}],"replies":[{"embeddable":true,"href":"https:\/\/www.photostory.dk\/index.php?rest_route=%2Fwp%2Fv2%2Fcomments&post=1489"}],"version-history":[{"count":10,"href":"https:\/\/www.photostory.dk\/index.php?rest_route=\/wp\/v2\/pages\/1489\/revisions"}],"predecessor-version":[{"id":1548,"href":"https:\/\/www.photostory.dk\/index.php?rest_route=\/wp\/v2\/pages\/1489\/revisions\/1548"}],"wp:attachment":[{"href":"https:\/\/www.photostory.dk\/index.php?rest_route=%2Fwp%2Fv2%2Fmedia&parent=1489"}],"curies":[{"name":"wp","href":"https:\/\/api.w.org\/{rel}","templated":true}]}}