{"id":1479,"date":"2017-01-08T16:05:12","date_gmt":"2017-01-08T16:05:12","guid":{"rendered":"http:\/\/photostory.dk\/?page_id=1479"},"modified":"2017-01-08T17:11:56","modified_gmt":"2017-01-08T17:11:56","slug":"udgravning-af-de-kongelige-gravsteder-14-september-2007","status":"publish","type":"page","link":"https:\/\/www.photostory.dk\/?page_id=1479","title":{"rendered":"Udgravning af de kongelige gravsteder 14. september 2007"},"content":{"rendered":"<p><a href=\"http:\/\/photostory.dk\/wp-content\/uploads\/2017\/01\/udgravn-graabroedre-plads-140907-031-1025.jpg\"><img decoding=\"async\" loading=\"lazy\" class=\"size-large wp-image-1480 aligncenter\" src=\"http:\/\/photostory.dk\/wp-content\/uploads\/2017\/01\/udgravn-graabroedre-plads-140907-031-1025-1024x685.jpg\" alt=\"\" width=\"660\" height=\"442\" srcset=\"https:\/\/www.photostory.dk\/wp-content\/uploads\/2017\/01\/udgravn-graabroedre-plads-140907-031-1025.jpg 1024w, https:\/\/www.photostory.dk\/wp-content\/uploads\/2017\/01\/udgravn-graabroedre-plads-140907-031-1025-295x197.jpg 295w, https:\/\/www.photostory.dk\/wp-content\/uploads\/2017\/01\/udgravn-graabroedre-plads-140907-031-1025-768x514.jpg 768w\" sizes=\"(max-width: 660px) 100vw, 660px\" \/><\/a><\/p>\n<p><strong>Udgravning af de kongelige gravsteder 14. september 2007<\/strong><\/p>\n<p>Udgravning af den kongelige gravkrypt under den gamle Gr\u00e5br\u00f8dre klosterkirke, som forl\u00e6ngst er nedrevet. Resterne af skeletterne og inventar fra kirken er i 1804 flyttet til Domkirken\u00a0P\u00e5 fotoet kan du ses hvordan udgravningen p\u00e5 Gr\u00e5br\u00f8dre Torv i september 2007 fandt sted og hvor gravstederne i gravkoret for\u00a0de kongelige var placeret.<\/p>\n<ul>\n<li>Grav nr. 3. er er det Dronning Christine. Se mere <a href=\"http:\/\/photostory.dk\/?page_id=1460\">her!<\/a><\/li>\n<li>Grav nr. 1. er Kong Hans. Se mere <a href=\"http:\/\/photostory.dk\/?page_id=1489\">her!<\/a><\/li>\n<li>Grav nr. 2 er Kong Christian den 2.\u00a0Se mere <a href=\"http:\/\/photostory.dk\/?page_id=1502\">her!<\/a><\/li>\n<\/ul>\n<p>Det skal bem\u00e6rkes at gravpladserne g\u00e5r flere meter ind til h\u00f8jre i billedet. Dette omr\u00e5de er ikke blevet\u00a0udgravet i 2007. Foto: Lars Bj\u00f8rnsten 2007.<\/p>\n<p>L\u00e6s mere udgravninger, gravsteder m.m.\u00a0p\u00e5 nedenst\u00e5ende sider.<\/p>\n<p><strong>Sider:<\/strong> \u00a0<a href=\"http:\/\/photostory.dk\/?page_id=30\">0<\/a> \u00a0<a href=\"http:\/\/photostory.dk\/?page_id=1435\">1<\/a> \u00a0<a href=\"http:\/\/photostory.dk\/?page_id=1448\">2<\/a> \u00a0<a href=\"http:\/\/photostory.dk\/?page_id=1456\">3<\/a> \u00a0<a href=\"http:\/\/photostory.dk\/?page_id=1457\">4<\/a> \u00a0<a href=\"http:\/\/photostory.dk\/?page_id=1479\">5<\/a> \u00a0<a href=\"http:\/\/photostory.dk\/?page_id=1489\">6<\/a> \u00a0<a href=\"http:\/\/photostory.dk\/?page_id=1460\">7<\/a> \u00a0<a href=\"http:\/\/photostory.dk\/?page_id=1502\">8<\/a> \u00a0<a href=\"http:\/\/photostory.dk\/?page_id=1498\">9<\/a><\/p>\n","protected":false},"excerpt":{"rendered":"<p>Udgravning af de kongelige gravsteder 14. september 2007 Udgravning af den kongelige gravkrypt under den gamle Gr\u00e5br\u00f8dre klosterkirke, som forl\u00e6ngst er nedrevet. Resterne af skeletterne og inventar fra kirken er i 1804 flyttet til Domkirken\u00a0P\u00e5 fotoet kan du ses hvordan udgravningen p\u00e5 Gr\u00e5br\u00f8dre Torv i september 2007 fandt sted og hvor gravstederne i gravkoret for\u00a0de &hellip; <a href=\"https:\/\/www.photostory.dk\/?page_id=1479\" class=\"more-link\">L\u00e6s mere <span class=\"screen-reader-text\">Udgravning af de kongelige gravsteder 14. september 2007<\/span><\/a><\/p>\n","protected":false},"author":1,"featured_media":0,"parent":0,"menu_order":0,"comment_status":"closed","ping_status":"closed","template":"","meta":[],"_links":{"self":[{"href":"https:\/\/www.photostory.dk\/index.php?rest_route=\/wp\/v2\/pages\/1479"}],"collection":[{"href":"https:\/\/www.photostory.dk\/index.php?rest_route=\/wp\/v2\/pages"}],"about":[{"href":"https:\/\/www.photostory.dk\/index.php?rest_route=\/wp\/v2\/types\/page"}],"author":[{"embeddable":true,"href":"https:\/\/www.photostory.dk\/index.php?rest_route=\/wp\/v2\/users\/1"}],"replies":[{"embeddable":true,"href":"https:\/\/www.photostory.dk\/index.php?rest_route=%2Fwp%2Fv2%2Fcomments&post=1479"}],"version-history":[{"count":4,"href":"https:\/\/www.photostory.dk\/index.php?rest_route=\/wp\/v2\/pages\/1479\/revisions"}],"predecessor-version":[{"id":1547,"href":"https:\/\/www.photostory.dk\/index.php?rest_route=\/wp\/v2\/pages\/1479\/revisions\/1547"}],"wp:attachment":[{"href":"https:\/\/www.photostory.dk\/index.php?rest_route=%2Fwp%2Fv2%2Fmedia&parent=1479"}],"curies":[{"name":"wp","href":"https:\/\/api.w.org\/{rel}","templated":true}]}}