{"id":1460,"date":"2017-01-08T16:34:29","date_gmt":"2017-01-08T16:34:29","guid":{"rendered":"http:\/\/photostory.dk\/?page_id=1460"},"modified":"2017-01-08T17:12:50","modified_gmt":"2017-01-08T17:12:50","slug":"dronning-christines-1461-1521-grav-i-odense","status":"publish","type":"page","link":"https:\/\/www.photostory.dk\/?page_id=1460","title":{"rendered":"Dronning Christine&#8217;s 1461-1521 grav i Odense"},"content":{"rendered":"<p style=\"text-align: center;\"><a href=\"http:\/\/photostory.dk\/wp-content\/uploads\/2017\/01\/udgravn-graabroedre-plads-140907-089_small.jpg\"><img decoding=\"async\" loading=\"lazy\" class=\"alignnone size-full wp-image-1519\" src=\"http:\/\/photostory.dk\/wp-content\/uploads\/2017\/01\/udgravn-graabroedre-plads-140907-089_small.jpg\" alt=\"\" width=\"550\" height=\"368\" srcset=\"https:\/\/www.photostory.dk\/wp-content\/uploads\/2017\/01\/udgravn-graabroedre-plads-140907-089_small.jpg 550w, https:\/\/www.photostory.dk\/wp-content\/uploads\/2017\/01\/udgravn-graabroedre-plads-140907-089_small-295x197.jpg 295w\" sizes=\"(max-width: 550px) 100vw, 550px\" \/><\/a><\/p>\n<p style=\"text-align: center;\">Dronning Christine 1461-1521<\/p>\n<p>Dronning Christine og hovedet af prins Frants p\u00e5 en fotostat, der er anbragt p\u00e5 gravene ved udgravningen i 2007. Billedet er en del af en helhed af en stenepitafium, som befinder sig i domkirken i Odense.\u00a0Epitafium eller epitaf (latiniseret af gr\u00e6sk, ord som betyder &#8220;ved graven&#8221;) er en gravskrift, som anbringes p\u00e5 en v\u00e6g i kirken eller p\u00e5 graven.<\/p>\n<p><img decoding=\"async\" loading=\"lazy\" class=\"size-full wp-image-1484 alignleft\" src=\"http:\/\/photostory.dk\/wp-content\/uploads\/2017\/01\/Dronning-Christine-1.jpg\" alt=\"\" width=\"200\" height=\"250\" srcset=\"https:\/\/www.photostory.dk\/wp-content\/uploads\/2017\/01\/Dronning-Christine-1.jpg 200w, https:\/\/www.photostory.dk\/wp-content\/uploads\/2017\/01\/Dronning-Christine-1-176x220.jpg 176w\" sizes=\"(max-width: 200px) 100vw, 200px\" \/>Dronning Christine 24. december 1461 &#8211; 8. december 1521. Hun var datter af kurfyrst Ernst af Sachsen og Elisabeth af Bayern, blev f\u00f8dt i Torgau 1461. I 1477 f\u00e6stedes hun til Christian 1.s s\u00f8n Hans.\u00a0Dronning Christine levede 1461-1521. Hun blev gift med kong hans 1478 og havde to s\u00f8nner : Frans og Christian.\u00a0Efter at have forsvaret Stockholm Slot under den l\u00e6ngste belejring i Nordens Historie overgav hun sig blot tre dage f\u00f8r kong Hans n\u00e5ede frem med fl\u00e5den.<\/p>\n<p>Efter hjemkomsten fra fangenskabet flyttede hun p.g.a. \u00e6gteskabelig konflikt med kong Hans \u2013 1504 til Odense.\u00a0Hun holdt hof p\u00e5 sin g\u00e5r i Klaregade, der hvor bispeg\u00e5rden i dag ligger. Christine inviterede kunstneren Claus Berg til Odense for at indrette et kongeligt familiegravsted i Gr\u00e5br\u00f8dre Klosterkirke. Hans flotte altertavle p\u00e5begyndt i 1513 kan i dag ses i Skt. Knuds Kirke i Odense.<\/p>\n<p>Kilde: Opslagtavle p\u00e5 Gr\u00e5br\u00f8dre Plads 15. sept. 2007 fra Odense Bys Museer.<\/p>\n<p><img decoding=\"async\" loading=\"lazy\" class=\"size-full wp-image-1518 aligncenter\" src=\"http:\/\/photostory.dk\/wp-content\/uploads\/2017\/01\/udgravn-graabroedre-plads-140907-christine.jpg\" alt=\"\" width=\"550\" height=\"368\" srcset=\"https:\/\/www.photostory.dk\/wp-content\/uploads\/2017\/01\/udgravn-graabroedre-plads-140907-christine.jpg 550w, https:\/\/www.photostory.dk\/wp-content\/uploads\/2017\/01\/udgravn-graabroedre-plads-140907-christine-295x197.jpg 295w\" sizes=\"(max-width: 550px) 100vw, 550px\" \/><\/p>\n<p style=\"text-align: center;\">Dronning Christines grav. Foto Lars Bj\u00f8rnsten Odense.<\/p>\n<p>I billedet til h\u00f8jre forneden ses forkanten af Dronning Christines grav, man skal forestille sig at gravpladsen g\u00e5r ind i de gr\u00f8nne omr\u00e5de og flere meter til h\u00f8jre for jernstakittet og hus til h\u00f8jre.<\/p>\n<p>L\u00e6s mere udgravninger, gravsteder m.m.\u00a0p\u00e5 nedenst\u00e5ende sider.<\/p>\n<p><strong>Sider:<\/strong> \u00a0<a href=\"http:\/\/photostory.dk\/?page_id=30\">0<\/a> \u00a0<a href=\"http:\/\/photostory.dk\/?page_id=1435\">1<\/a> \u00a0<a href=\"http:\/\/photostory.dk\/?page_id=1448\">2<\/a> \u00a0<a href=\"http:\/\/photostory.dk\/?page_id=1456\">3<\/a> \u00a0<a href=\"http:\/\/photostory.dk\/?page_id=1457\">4<\/a> \u00a0<a href=\"http:\/\/photostory.dk\/?page_id=1479\">5<\/a> \u00a0<a href=\"http:\/\/photostory.dk\/?page_id=1489\">6<\/a> \u00a0<a href=\"http:\/\/photostory.dk\/?page_id=1460\">7<\/a> \u00a0<a href=\"http:\/\/photostory.dk\/?page_id=1502\">8<\/a> \u00a0<a href=\"http:\/\/photostory.dk\/?page_id=1498\">9<\/a><\/p>\n","protected":false},"excerpt":{"rendered":"<p>Dronning Christine 1461-1521 Dronning Christine og hovedet af prins Frants p\u00e5 en fotostat, der er anbragt p\u00e5 gravene ved udgravningen i 2007. Billedet er en del af en helhed af en stenepitafium, som befinder sig i domkirken i Odense.\u00a0Epitafium eller epitaf (latiniseret af gr\u00e6sk, ord som betyder &#8220;ved graven&#8221;) er en gravskrift, som anbringes p\u00e5 &hellip; <a href=\"https:\/\/www.photostory.dk\/?page_id=1460\" class=\"more-link\">L\u00e6s mere <span class=\"screen-reader-text\">Dronning Christine&#8217;s 1461-1521 grav i Odense<\/span><\/a><\/p>\n","protected":false},"author":1,"featured_media":0,"parent":0,"menu_order":0,"comment_status":"closed","ping_status":"closed","template":"","meta":[],"_links":{"self":[{"href":"https:\/\/www.photostory.dk\/index.php?rest_route=\/wp\/v2\/pages\/1460"}],"collection":[{"href":"https:\/\/www.photostory.dk\/index.php?rest_route=\/wp\/v2\/pages"}],"about":[{"href":"https:\/\/www.photostory.dk\/index.php?rest_route=\/wp\/v2\/types\/page"}],"author":[{"embeddable":true,"href":"https:\/\/www.photostory.dk\/index.php?rest_route=\/wp\/v2\/users\/1"}],"replies":[{"embeddable":true,"href":"https:\/\/www.photostory.dk\/index.php?rest_route=%2Fwp%2Fv2%2Fcomments&post=1460"}],"version-history":[{"count":6,"href":"https:\/\/www.photostory.dk\/index.php?rest_route=\/wp\/v2\/pages\/1460\/revisions"}],"predecessor-version":[{"id":1549,"href":"https:\/\/www.photostory.dk\/index.php?rest_route=\/wp\/v2\/pages\/1460\/revisions\/1549"}],"wp:attachment":[{"href":"https:\/\/www.photostory.dk\/index.php?rest_route=%2Fwp%2Fv2%2Fmedia&parent=1460"}],"curies":[{"name":"wp","href":"https:\/\/api.w.org\/{rel}","templated":true}]}}