{"id":1457,"date":"2017-01-08T16:03:49","date_gmt":"2017-01-08T16:03:49","guid":{"rendered":"http:\/\/photostory.dk\/?page_id=1457"},"modified":"2017-01-08T17:10:23","modified_gmt":"2017-01-08T17:10:23","slug":"en-kort-historisk-oversigt-graabroedre-kirke-i-odense","status":"publish","type":"page","link":"https:\/\/www.photostory.dk\/?page_id=1457","title":{"rendered":"En kort historisk oversigt Graabr\u00f8dre Kirke i Odense"},"content":{"rendered":"<p>En kort historisk oversigt Graabr\u00f8dre Kirke i Odense<\/p>\n<ul>\n<li>1279. 9. august holdes den f\u00f8rste gudstjeneste i klostret. Stifteren kong Erik Klipping udv\u00e6lger sit gravsted foran alteret. Efter mordet i Finderup Lade begraves han dog i Viborg<\/li>\n<li>1468. St\u00f8ttet af kong Christian 1. og senere af Kong hans tilslutter klosteret sig den radikale reformering af gr\u00e5br\u00f8dreordenen kaldet Observansen. Klosteret bliver moderkloster for bev\u00e6gelsen i Skandinavien.<\/li>\n<li>1504. Efter adskillelsen fra kong Hans holder dronning Christine hof i Odense. Hun st\u00f8tter gr\u00e5br\u00f8dreklosteret med talrige gaver<\/li>\n<li>1511-21. Christines og Hans yngste s\u00f8n prins Frans, opkaldt efter den hellige Frans af Assisi begraves foran alteret. Efterf\u00f8lgende begraves for\u00e6ldrene p\u00e5 hver side af ham.<\/li>\n<li>1539. Den 27. oktober beslutter kong Christian den 3. at klosteret skal anvendes til Gr\u00e5br\u00f8dre Hospital for pleje af \u00e6ldre og syge. En funktion det stadig har i dag 2017<\/li>\n<li>1559. Blev den afsatte Christian den 2 begravet sammen med for\u00e6ldre efter 27 \u00e5rs fangenskab.<\/li>\n<li>1618. Gr\u00e5br\u00f8dre sogn nedl\u00e6gges. Klosterkirken begynder at forfalde<\/li>\n<li>1804. De kongelige skeletter flyttes til domkirken<\/li>\n<li>1805 19 juli d\u00f8mmes klosterkirken officielt til nedrivning<\/li>\n<li>1807. Under Napoleonskrigene bruges kirken, som lazaret af b\u00e5de danske, spanske og franske soldater<\/li>\n<li>1821. Nedrivningen er afsluttet. Kirkeg\u00e5rden bliver udlagt til torv, senere Gr\u00e5br\u00f8dre Plads<\/li>\n<\/ul>\n<p>Kilde: Opslagtavle p\u00e5 Gr\u00e5br\u00f8dre Plads 15. sept. 2007 fra Odense Bys Museer.<\/p>\n<p>L\u00e6s mere udgravninger, gravsteder m.m.\u00a0p\u00e5 nedenst\u00e5ende sider.<\/p>\n<p><strong>Sider:<\/strong> \u00a0<a href=\"http:\/\/photostory.dk\/?page_id=30\">0<\/a> \u00a0<a href=\"http:\/\/photostory.dk\/?page_id=1435\">1<\/a> \u00a0<a href=\"http:\/\/photostory.dk\/?page_id=1448\">2<\/a> \u00a0<a href=\"http:\/\/photostory.dk\/?page_id=1456\">3<\/a> \u00a0<a href=\"http:\/\/photostory.dk\/?page_id=1457\">4<\/a> \u00a0<a href=\"http:\/\/photostory.dk\/?page_id=1479\">5<\/a> \u00a0<a href=\"http:\/\/photostory.dk\/?page_id=1489\">6<\/a> \u00a0<a href=\"http:\/\/photostory.dk\/?page_id=1460\">7<\/a> \u00a0<a href=\"http:\/\/photostory.dk\/?page_id=1502\">8<\/a> \u00a0<a href=\"http:\/\/photostory.dk\/?page_id=1498\">9<\/a><\/p>\n","protected":false},"excerpt":{"rendered":"<p>En kort historisk oversigt Graabr\u00f8dre Kirke i Odense 1279. 9. august holdes den f\u00f8rste gudstjeneste i klostret. Stifteren kong Erik Klipping udv\u00e6lger sit gravsted foran alteret. Efter mordet i Finderup Lade begraves han dog i Viborg 1468. St\u00f8ttet af kong Christian 1. og senere af Kong hans tilslutter klosteret sig den radikale reformering af gr\u00e5br\u00f8dreordenen &hellip; <a href=\"https:\/\/www.photostory.dk\/?page_id=1457\" class=\"more-link\">L\u00e6s mere <span class=\"screen-reader-text\">En kort historisk oversigt Graabr\u00f8dre Kirke i Odense<\/span><\/a><\/p>\n","protected":false},"author":1,"featured_media":0,"parent":0,"menu_order":0,"comment_status":"closed","ping_status":"closed","template":"","meta":[],"_links":{"self":[{"href":"https:\/\/www.photostory.dk\/index.php?rest_route=\/wp\/v2\/pages\/1457"}],"collection":[{"href":"https:\/\/www.photostory.dk\/index.php?rest_route=\/wp\/v2\/pages"}],"about":[{"href":"https:\/\/www.photostory.dk\/index.php?rest_route=\/wp\/v2\/types\/page"}],"author":[{"embeddable":true,"href":"https:\/\/www.photostory.dk\/index.php?rest_route=\/wp\/v2\/users\/1"}],"replies":[{"embeddable":true,"href":"https:\/\/www.photostory.dk\/index.php?rest_route=%2Fwp%2Fv2%2Fcomments&post=1457"}],"version-history":[{"count":3,"href":"https:\/\/www.photostory.dk\/index.php?rest_route=\/wp\/v2\/pages\/1457\/revisions"}],"predecessor-version":[{"id":1545,"href":"https:\/\/www.photostory.dk\/index.php?rest_route=\/wp\/v2\/pages\/1457\/revisions\/1545"}],"wp:attachment":[{"href":"https:\/\/www.photostory.dk\/index.php?rest_route=%2Fwp%2Fv2%2Fmedia&parent=1457"}],"curies":[{"name":"wp","href":"https:\/\/api.w.org\/{rel}","templated":true}]}}