{"id":1456,"date":"2017-01-08T15:57:22","date_gmt":"2017-01-08T15:57:22","guid":{"rendered":"http:\/\/photostory.dk\/?page_id=1456"},"modified":"2017-01-08T17:10:00","modified_gmt":"2017-01-08T17:10:00","slug":"gravkoret-paa-den-aeldre-graabroedre-kirke-i-odense","status":"publish","type":"page","link":"https:\/\/www.photostory.dk\/?page_id=1456","title":{"rendered":"Gravkoret p\u00e5 den \u00e6ldre Graabr\u00f8dre Kirke i Odense"},"content":{"rendered":"<p style=\"text-align: center;\"><a href=\"http:\/\/photostory.dk\/wp-content\/uploads\/2017\/01\/graabroedre-kor-a.jpg\"><img decoding=\"async\" loading=\"lazy\" class=\"aligncenter wp-image-1441\" src=\"http:\/\/photostory.dk\/wp-content\/uploads\/2017\/01\/graabroedre-kor-a-1024x937.jpg\" width=\"566\" height=\"518\" srcset=\"https:\/\/www.photostory.dk\/wp-content\/uploads\/2017\/01\/graabroedre-kor-a-1024x937.jpg 1024w, https:\/\/www.photostory.dk\/wp-content\/uploads\/2017\/01\/graabroedre-kor-a-240x220.jpg 240w, https:\/\/www.photostory.dk\/wp-content\/uploads\/2017\/01\/graabroedre-kor-a-768x703.jpg 768w, https:\/\/www.photostory.dk\/wp-content\/uploads\/2017\/01\/graabroedre-kor-a.jpg 2036w\" sizes=\"(max-width: 566px) 100vw, 566px\" \/><\/a>Koret i den nu nedrevne Gr\u00e5br\u00f8dre Kirke.<\/p>\n<p>Nedenst\u00e5ende oversigt over gravkoret illustrerer, hvor de kongelige blev stedt til hvile ved grav nr. 3. er er det Dronning Christine, grav nr. 1. er Kong Hans, grav nr. 2 er Kong Christian den 2 . Oversigt over den nedrevne kirke kan ses <a href=\"http:\/\/photostory.dk\/?page_id=1448\">her!<\/a><\/p>\n<p>Kilde til kort : Odense Bys Historie Bind 1.\u00a0En alen er et gammelt l\u00e6ngdem\u00e5l svarende til ca. 63 centimeter. De tre gravpladser er ca. 7,5 m i bredden.<\/p>\n<p><a href=\"http:\/\/photostory.dk\/wp-content\/uploads\/2017\/01\/udgravn-graabroedre-plads-140907-031.jpg\"><img decoding=\"async\" loading=\"lazy\" class=\"alignnone size-large wp-image-1442\" src=\"http:\/\/photostory.dk\/wp-content\/uploads\/2017\/01\/udgravn-graabroedre-plads-140907-031-1024x685.jpg\" alt=\"\" width=\"660\" height=\"442\" srcset=\"https:\/\/www.photostory.dk\/wp-content\/uploads\/2017\/01\/udgravn-graabroedre-plads-140907-031-1024x685.jpg 1024w, https:\/\/www.photostory.dk\/wp-content\/uploads\/2017\/01\/udgravn-graabroedre-plads-140907-031-295x197.jpg 295w, https:\/\/www.photostory.dk\/wp-content\/uploads\/2017\/01\/udgravn-graabroedre-plads-140907-031-768x514.jpg 768w\" sizes=\"(max-width: 660px) 100vw, 660px\" \/><\/a><\/p>\n<p style=\"text-align: center;\"><strong>Udgravning af de kongelige gravsteder 14. september 2007<\/strong><\/p>\n<p>NB: Udgravning af gravpladserne p\u00e5 Gr\u00e5br\u00f8dre Plads i Odense. Gravpladserne g\u00e5r flere meter ind til h\u00f8jre i billedet. Et omr\u00e5de, som ikke er udgravet . Foto: Lars Bj\u00f8rnsten 2007.<\/p>\n<p>L\u00e6s mere udgravninger, gravsteder m.m.\u00a0p\u00e5 nedenst\u00e5ende sider.<\/p>\n<p><strong>Sider:<\/strong> \u00a0<a href=\"http:\/\/photostory.dk\/?page_id=30\">0<\/a> \u00a0<a href=\"http:\/\/photostory.dk\/?page_id=1435\">1<\/a> \u00a0<a href=\"http:\/\/photostory.dk\/?page_id=1448\">2<\/a> \u00a0<a href=\"http:\/\/photostory.dk\/?page_id=1456\">3<\/a> \u00a0<a href=\"http:\/\/photostory.dk\/?page_id=1457\">4<\/a> \u00a0<a href=\"http:\/\/photostory.dk\/?page_id=1479\">5<\/a> \u00a0<a href=\"http:\/\/photostory.dk\/?page_id=1489\">6<\/a> \u00a0<a href=\"http:\/\/photostory.dk\/?page_id=1460\">7<\/a> \u00a0<a href=\"http:\/\/photostory.dk\/?page_id=1502\">8<\/a> \u00a0<a href=\"http:\/\/photostory.dk\/?page_id=1498\">9<\/a><\/p>\n","protected":false},"excerpt":{"rendered":"<p>Koret i den nu nedrevne Gr\u00e5br\u00f8dre Kirke. Nedenst\u00e5ende oversigt over gravkoret illustrerer, hvor de kongelige blev stedt til hvile ved grav nr. 3. er er det Dronning Christine, grav nr. 1. er Kong Hans, grav nr. 2 er Kong Christian den 2 . Oversigt over den nedrevne kirke kan ses her! Kilde til kort : &hellip; <a href=\"https:\/\/www.photostory.dk\/?page_id=1456\" class=\"more-link\">L\u00e6s mere <span class=\"screen-reader-text\">Gravkoret p\u00e5 den \u00e6ldre Graabr\u00f8dre Kirke i Odense<\/span><\/a><\/p>\n","protected":false},"author":1,"featured_media":0,"parent":0,"menu_order":0,"comment_status":"closed","ping_status":"closed","template":"","meta":[],"_links":{"self":[{"href":"https:\/\/www.photostory.dk\/index.php?rest_route=\/wp\/v2\/pages\/1456"}],"collection":[{"href":"https:\/\/www.photostory.dk\/index.php?rest_route=\/wp\/v2\/pages"}],"about":[{"href":"https:\/\/www.photostory.dk\/index.php?rest_route=\/wp\/v2\/types\/page"}],"author":[{"embeddable":true,"href":"https:\/\/www.photostory.dk\/index.php?rest_route=\/wp\/v2\/users\/1"}],"replies":[{"embeddable":true,"href":"https:\/\/www.photostory.dk\/index.php?rest_route=%2Fwp%2Fv2%2Fcomments&post=1456"}],"version-history":[{"count":3,"href":"https:\/\/www.photostory.dk\/index.php?rest_route=\/wp\/v2\/pages\/1456\/revisions"}],"predecessor-version":[{"id":1544,"href":"https:\/\/www.photostory.dk\/index.php?rest_route=\/wp\/v2\/pages\/1456\/revisions\/1544"}],"wp:attachment":[{"href":"https:\/\/www.photostory.dk\/index.php?rest_route=%2Fwp%2Fv2%2Fmedia&parent=1456"}],"curies":[{"name":"wp","href":"https:\/\/api.w.org\/{rel}","templated":true}]}}