{"id":1448,"date":"2017-01-08T15:51:12","date_gmt":"2017-01-08T15:51:12","guid":{"rendered":"http:\/\/photostory.dk\/?page_id=1448"},"modified":"2017-01-08T17:09:28","modified_gmt":"2017-01-08T17:09:28","slug":"grundtegning-over-den-nu-nedrevne-graabroedre-kirke-i-odense","status":"publish","type":"page","link":"https:\/\/www.photostory.dk\/?page_id=1448","title":{"rendered":"Grundtegning af den nu nedrevne Gr\u00e5br\u00f8dre Kirke i Odense"},"content":{"rendered":"<p><a href=\"http:\/\/photostory.dk\/wp-content\/uploads\/2017\/01\/graabroedre-kirke-odense.jpg\"><img decoding=\"async\" loading=\"lazy\" class=\"size-large wp-image-1450 aligncenter\" src=\"http:\/\/photostory.dk\/wp-content\/uploads\/2017\/01\/graabroedre-kirke-odense-1024x689.jpg\" alt=\"\" width=\"660\" height=\"444\" srcset=\"https:\/\/www.photostory.dk\/wp-content\/uploads\/2017\/01\/graabroedre-kirke-odense.jpg 1024w, https:\/\/www.photostory.dk\/wp-content\/uploads\/2017\/01\/graabroedre-kirke-odense-295x198.jpg 295w, https:\/\/www.photostory.dk\/wp-content\/uploads\/2017\/01\/graabroedre-kirke-odense-768x517.jpg 768w\" sizes=\"(max-width: 660px) 100vw, 660px\" \/><\/a><\/p>\n<p><strong>Grundtegning over den nu nedrevne Gr\u00e5br\u00f8dre Kirke med angivelse af nogle af elementerne i kirken.<\/strong><\/p>\n<p>Numrene angiver placering p\u00e5 grundtegningen<\/p>\n<ol>\n<li>Alterets plads. L\u00e6ngst til h\u00f8jre<\/li>\n<li>Gravstederne for de kongelige begravelser. Ved de tre kors<\/li>\n<li>Den Alle, hvorved pr\u00e6dikestolen var anbragt. Nederst 4 s\u00f8jle fra venstre<\/li>\n<li>Hovedindgangen. Nederst ved udbygningen p\u00e5 kirken<\/li>\n<li>T\u00e5rnmurene. Skr\u00e5t til venstre for de tre kors<\/li>\n<li>Indgang til Hospitalet. L\u00e6ngst til venstre<\/li>\n<li>I graven er\u00a0Dronning Christine\u00a0stedt til hvile<\/li>\n<li>I graven er Kong Hans stedt til hvile<\/li>\n<li>I graven er Kong Christian den 2. stedt til hvile<\/li>\n<\/ol>\n<p>Omkring \u00e5r 1806 blev Gr\u00e5br\u00f8dre Kirke nedrevet efter at den havde st\u00e5et og forfaldet i ca. 200 \u00e5r. En del af inventaret blev reddet og kan i dag ses i Sct. Knuds Kirke i Odense.<\/p>\n<p>Kilde: Opslagtavle p\u00e5 Gr\u00e5br\u00f8dre Plads 15. sept. 2007 fra Odense Bys Museer.<\/p>\n<p>L\u00e6s mere udgravninger, gravsteder m.m.\u00a0p\u00e5 nedenst\u00e5ende sider.<\/p>\n<p><strong>Sider:<\/strong> \u00a0<a href=\"http:\/\/photostory.dk\/?page_id=30\">0<\/a> \u00a0<a href=\"http:\/\/photostory.dk\/?page_id=1435\">1<\/a> \u00a0<a href=\"http:\/\/photostory.dk\/?page_id=1448\">2<\/a> \u00a0<a href=\"http:\/\/photostory.dk\/?page_id=1456\">3<\/a> \u00a0<a href=\"http:\/\/photostory.dk\/?page_id=1457\">4<\/a> \u00a0<a href=\"http:\/\/photostory.dk\/?page_id=1479\">5<\/a> \u00a0<a href=\"http:\/\/photostory.dk\/?page_id=1489\">6<\/a> \u00a0<a href=\"http:\/\/photostory.dk\/?page_id=1460\">7<\/a> \u00a0<a href=\"http:\/\/photostory.dk\/?page_id=1502\">8<\/a> \u00a0<a href=\"http:\/\/photostory.dk\/?page_id=1498\">9<\/a><\/p>\n","protected":false},"excerpt":{"rendered":"<p>Grundtegning over den nu nedrevne Gr\u00e5br\u00f8dre Kirke med angivelse af nogle af elementerne i kirken. Numrene angiver placering p\u00e5 grundtegningen Alterets plads. L\u00e6ngst til h\u00f8jre Gravstederne for de kongelige begravelser. Ved de tre kors Den Alle, hvorved pr\u00e6dikestolen var anbragt. Nederst 4 s\u00f8jle fra venstre Hovedindgangen. Nederst ved udbygningen p\u00e5 kirken T\u00e5rnmurene. Skr\u00e5t til venstre &hellip; <a href=\"https:\/\/www.photostory.dk\/?page_id=1448\" class=\"more-link\">L\u00e6s mere <span class=\"screen-reader-text\">Grundtegning af den nu nedrevne Gr\u00e5br\u00f8dre Kirke i Odense<\/span><\/a><\/p>\n","protected":false},"author":1,"featured_media":0,"parent":0,"menu_order":0,"comment_status":"closed","ping_status":"closed","template":"","meta":[],"_links":{"self":[{"href":"https:\/\/www.photostory.dk\/index.php?rest_route=\/wp\/v2\/pages\/1448"}],"collection":[{"href":"https:\/\/www.photostory.dk\/index.php?rest_route=\/wp\/v2\/pages"}],"about":[{"href":"https:\/\/www.photostory.dk\/index.php?rest_route=\/wp\/v2\/types\/page"}],"author":[{"embeddable":true,"href":"https:\/\/www.photostory.dk\/index.php?rest_route=\/wp\/v2\/users\/1"}],"replies":[{"embeddable":true,"href":"https:\/\/www.photostory.dk\/index.php?rest_route=%2Fwp%2Fv2%2Fcomments&post=1448"}],"version-history":[{"count":10,"href":"https:\/\/www.photostory.dk\/index.php?rest_route=\/wp\/v2\/pages\/1448\/revisions"}],"predecessor-version":[{"id":1543,"href":"https:\/\/www.photostory.dk\/index.php?rest_route=\/wp\/v2\/pages\/1448\/revisions\/1543"}],"wp:attachment":[{"href":"https:\/\/www.photostory.dk\/index.php?rest_route=%2Fwp%2Fv2%2Fmedia&parent=1448"}],"curies":[{"name":"wp","href":"https:\/\/api.w.org\/{rel}","templated":true}]}}