{"id":1435,"date":"2017-01-07T12:22:49","date_gmt":"2017-01-07T12:22:49","guid":{"rendered":"http:\/\/photostory.dk\/?page_id=1435"},"modified":"2017-01-08T17:08:47","modified_gmt":"2017-01-08T17:08:47","slug":"de-kongelige-gravmaeler-i-graabroedre-kirke-i-odense","status":"publish","type":"page","link":"https:\/\/www.photostory.dk\/?page_id=1435","title":{"rendered":"De kongelige gravm\u00e6ler i Gr\u00e5br\u00f8dre Kirke i Odense"},"content":{"rendered":"<p style=\"text-align: center;\"><a href=\"http:\/\/ni.dk\"><img decoding=\"async\" loading=\"lazy\" class=\"wp-image-1437 size-full aligncenter\" src=\"http:\/\/photostory.dk\/wp-content\/uploads\/2017\/01\/34434a_small.jpg\" width=\"550\" height=\"405\" srcset=\"https:\/\/www.photostory.dk\/wp-content\/uploads\/2017\/01\/34434a_small.jpg 550w, https:\/\/www.photostory.dk\/wp-content\/uploads\/2017\/01\/34434a_small-295x217.jpg 295w\" sizes=\"(max-width: 550px) 100vw, 550px\" \/><\/a><\/p>\n<p style=\"text-align: center;\">De kongelige gravm\u00e6ler i Gr\u00e5br\u00f8dre Kirke i Odense<\/p>\n<p>Tegning af Ivar Hviid af Gr\u00e5br\u00f8dre Kirke i Odense, aftaget efter dens ruiner den 11. maj 1817.<\/p>\n<p><a href=\"http:\/\/photostory.dk\/wp-content\/uploads\/2017\/01\/Dronning-Christine.jpg\"><img decoding=\"async\" loading=\"lazy\" class=\"size-full wp-image-1438 alignleft\" src=\"http:\/\/photostory.dk\/wp-content\/uploads\/2017\/01\/Dronning-Christine.jpg\" alt=\"\" width=\"200\" height=\"250\" srcset=\"https:\/\/www.photostory.dk\/wp-content\/uploads\/2017\/01\/Dronning-Christine.jpg 200w, https:\/\/www.photostory.dk\/wp-content\/uploads\/2017\/01\/Dronning-Christine-176x220.jpg 176w\" sizes=\"(max-width: 200px) 100vw, 200px\" \/><\/a><\/p>\n<p>Da prins Frants d\u00f8r i 1511 indretter Dronning Christine Gr\u00e5br\u00f8dre Klosterkirke i Odense til en kongelig begravelseskirke. Kong Hans accepterer at Prins Frants begraves i stilhed i Gr\u00e5br\u00f8dre Kirke i Odense. Det er biskop Jens Andersen Beldenak, der foretager begravelsen.\u00a0Dronning Christine, som bor p\u00e5 N\u00e6sbyhoved Slot har store ambitioner med hensyn til begravelseskirkens indretning. Den underg\u00e5r en stor forandring og koret i Gr\u00e5br\u00f8dre kirken bliver forvandlet til et kongelig gravkapel bl.a. med den meget kendte altertavle af Claus Berg, der i dag kan ses i Sct. Knuds Kirke i Odense. Desuden udf\u00f8rer Claus Berg et stort stenepitafium over Dronning Christine, Kong Hans, Prins Frants.<\/p>\n<p>Kong Hans d\u00f8r i 1513 under en rejse til \u00c5lborg og hun begraver ham i Gr\u00e5br\u00f8dre kirke ved siden af prins Frants, hvilket bet\u00f8d et brud med traditionen om at domkirken i Roskilde normalt er begravelsesplads for de kongelige. Biskoppen i Roskilde var utilfreds med dette, men dronningen siger hun f\u00f8lger Kong Hans&#8217; eget \u00f8nske om at blive begravet i Odense. Det er biskop Jens Andersen Beldenak der ogs\u00e5 begraver Kong Hans i Odense.<\/p>\n<p>Da kong Hans d\u00f8r bliver Kong Hans og dronning Christines s\u00f8n Christian konge, Christian den. 2.\u00a0Der opst\u00e5r uenighed mellem Christian d. 2 og hans mor enkedronning Christine og s\u00e5dan fors\u00e6tter historien &#8230;.. indtil 8. december 1521, hvor enkedronning Christine d\u00f8r p\u00e5 sin g\u00e5rd i Odense Clara kloster.<\/p>\n<p>Der dengang var i udkanten af Odense \u2013 Klaregade, som der i \u00f8vrigt er opkaldt efter Clara kloster.\u00a0Et kloster, som dronningen grundlagde kort f\u00f8r sin d\u00f8d og som l\u00e5 p\u00e5 det omr\u00e5de hvor biskoppen i dag har sin bolig. I bispeboligens k\u00e6lder skulle der v\u00e6re en rest af klosterets \u00f8stligste k\u00e6lder. Dronning Christine bliver begravet ved sin af sin mand og s\u00f8n i Gr\u00e5br\u00f8dre Kirke.<\/p>\n<p>Kilde: Opslagtavle p\u00e5 Gr\u00e5br\u00f8dre Plads 15. sept. 2007 fra Odense Bys Museer og Lars Bj\u00f8rnsten.<\/p>\n<p>L\u00e6s mere udgravninger, gravsteder m.m.\u00a0p\u00e5 nedenst\u00e5ende sider.<\/p>\n<p><strong>Sider:<\/strong> \u00a0<a href=\"http:\/\/photostory.dk\/?page_id=30\">0<\/a> \u00a0<a href=\"http:\/\/photostory.dk\/?page_id=1435\">1<\/a> \u00a0<a href=\"http:\/\/photostory.dk\/?page_id=1448\">2<\/a> \u00a0<a href=\"http:\/\/photostory.dk\/?page_id=1456\">3<\/a> \u00a0<a href=\"http:\/\/photostory.dk\/?page_id=1457\">4<\/a> \u00a0<a href=\"http:\/\/photostory.dk\/?page_id=1479\">5<\/a> \u00a0<a href=\"http:\/\/photostory.dk\/?page_id=1489\">6<\/a> \u00a0<a href=\"http:\/\/photostory.dk\/?page_id=1460\">7<\/a> \u00a0<a href=\"http:\/\/photostory.dk\/?page_id=1502\">8<\/a> \u00a0<a href=\"http:\/\/photostory.dk\/?page_id=1498\">9<\/a><\/p>\n","protected":false},"excerpt":{"rendered":"<p>De kongelige gravm\u00e6ler i Gr\u00e5br\u00f8dre Kirke i Odense Tegning af Ivar Hviid af Gr\u00e5br\u00f8dre Kirke i Odense, aftaget efter dens ruiner den 11. maj 1817. Da prins Frants d\u00f8r i 1511 indretter Dronning Christine Gr\u00e5br\u00f8dre Klosterkirke i Odense til en kongelig begravelseskirke. Kong Hans accepterer at Prins Frants begraves i stilhed i Gr\u00e5br\u00f8dre Kirke i &hellip; <a href=\"https:\/\/www.photostory.dk\/?page_id=1435\" class=\"more-link\">L\u00e6s mere <span class=\"screen-reader-text\">De kongelige gravm\u00e6ler i Gr\u00e5br\u00f8dre Kirke i Odense<\/span><\/a><\/p>\n","protected":false},"author":1,"featured_media":0,"parent":0,"menu_order":0,"comment_status":"closed","ping_status":"closed","template":"","meta":[],"_links":{"self":[{"href":"https:\/\/www.photostory.dk\/index.php?rest_route=\/wp\/v2\/pages\/1435"}],"collection":[{"href":"https:\/\/www.photostory.dk\/index.php?rest_route=\/wp\/v2\/pages"}],"about":[{"href":"https:\/\/www.photostory.dk\/index.php?rest_route=\/wp\/v2\/types\/page"}],"author":[{"embeddable":true,"href":"https:\/\/www.photostory.dk\/index.php?rest_route=\/wp\/v2\/users\/1"}],"replies":[{"embeddable":true,"href":"https:\/\/www.photostory.dk\/index.php?rest_route=%2Fwp%2Fv2%2Fcomments&post=1435"}],"version-history":[{"count":20,"href":"https:\/\/www.photostory.dk\/index.php?rest_route=\/wp\/v2\/pages\/1435\/revisions"}],"predecessor-version":[{"id":1542,"href":"https:\/\/www.photostory.dk\/index.php?rest_route=\/wp\/v2\/pages\/1435\/revisions\/1542"}],"wp:attachment":[{"href":"https:\/\/www.photostory.dk\/index.php?rest_route=%2Fwp%2Fv2%2Fmedia&parent=1435"}],"curies":[{"name":"wp","href":"https:\/\/api.w.org\/{rel}","templated":true}]}}