{"id":1430,"date":"2017-01-06T22:58:04","date_gmt":"2017-01-06T22:58:04","guid":{"rendered":"http:\/\/photostory.dk\/?page_id=1430"},"modified":"2017-01-06T22:58:04","modified_gmt":"2017-01-06T22:58:04","slug":"sct-olai-kirke-helsingoer-domkirke-1895","status":"publish","type":"page","link":"https:\/\/www.photostory.dk\/?page_id=1430","title":{"rendered":"Sct. Olai Kirke &#8211; Helsing\u00f8r Domkirke 1895"},"content":{"rendered":"<p><a href=\"http:\/\/photostory.dk\/wp-content\/uploads\/2017\/01\/st-olai-kirke-helsingoer-1896_small-1.jpg\"><img decoding=\"async\" loading=\"lazy\" class=\"size-full wp-image-1431 aligncenter\" src=\"http:\/\/photostory.dk\/wp-content\/uploads\/2017\/01\/st-olai-kirke-helsingoer-1896_small-1.jpg\" alt=\"\" width=\"550\" height=\"424\" srcset=\"https:\/\/www.photostory.dk\/wp-content\/uploads\/2017\/01\/st-olai-kirke-helsingoer-1896_small-1.jpg 550w, https:\/\/www.photostory.dk\/wp-content\/uploads\/2017\/01\/st-olai-kirke-helsingoer-1896_small-1-285x220.jpg 285w\" sizes=\"(max-width: 550px) 100vw, 550px\" \/><\/a><\/p>\n<p style=\"text-align: center;\">Sct. Olai Kirke &#8211; Helsing\u00f8r Domkirke 1895<\/p>\n<p><strong>Sankt Olai Kirke<\/strong><\/p>\n<p>Er en anselig Bygning af r\u00f8de Mursten, opf\u00f8rt i Spidsbuestil i 15. Aarh.; men paa den nordre Side mellem de to Udbygninger ses tydelige Spor af en langt \u00e6ldre Kirkebygning fra det 13. Aarh.s Begyndelse, nemlig et Stykke af en smuk Rundbuefrise, flade Murstivere og smag rundbuede Vinduer.<\/p>\n<p>Som Kirken nu staar (1895), kan den mulig henf\u00f8res til Erik af Pommerns Tid, en Konge, der gjorde meget for Helsing\u00f8r. Roskilde-bispen Lage Urne indviede 1521 Kirken til St. Olaf Konge og Martyr, St. Andreas Apostel og St. Vincentius Martyr, berettes der ; men af et kgl. Besk\u00e6rmelsesbrev for Helligtrefoldighedskapel af 1472 ses det, at Kirken allerede da var indviet til St. Olaf. Den er da maaske br\u00e6ndt og har efter Istands\u00e6ttelsen modtaget en ny Indvielse.<br \/>\nAdresse: Helsing\u00f8r Domkirke, Skt. Olai Kirke Sct. Anna Gade 12, 3000 Helsing\u00f8r. Domkirkens hjemmeside: <a href=\"http:\/\/www.helsingoerdomkirke.dk\/\">http:\/\/www.helsingoerdomkirke.dk\/<\/a><\/p>\n<p>Illustration: Josef Theodor Hansen 1848 -1912 dansk arkitekturmaler og illustrator.\u00a0Kilde: J.P. Trap, Andet Bind, 3. udgave 1898. Foto Lars Bj\u00f8rnsten 2011<\/p>\n","protected":false},"excerpt":{"rendered":"<p>Sct. Olai Kirke &#8211; Helsing\u00f8r Domkirke 1895 Sankt Olai Kirke Er en anselig Bygning af r\u00f8de Mursten, opf\u00f8rt i Spidsbuestil i 15. Aarh.; men paa den nordre Side mellem de to Udbygninger ses tydelige Spor af en langt \u00e6ldre Kirkebygning fra det 13. Aarh.s Begyndelse, nemlig et Stykke af en smuk Rundbuefrise, flade Murstivere og &hellip; <a href=\"https:\/\/www.photostory.dk\/?page_id=1430\" class=\"more-link\">L\u00e6s mere <span class=\"screen-reader-text\">Sct. Olai Kirke &#8211; Helsing\u00f8r Domkirke 1895<\/span><\/a><\/p>\n","protected":false},"author":1,"featured_media":0,"parent":0,"menu_order":0,"comment_status":"closed","ping_status":"closed","template":"","meta":[],"_links":{"self":[{"href":"https:\/\/www.photostory.dk\/index.php?rest_route=\/wp\/v2\/pages\/1430"}],"collection":[{"href":"https:\/\/www.photostory.dk\/index.php?rest_route=\/wp\/v2\/pages"}],"about":[{"href":"https:\/\/www.photostory.dk\/index.php?rest_route=\/wp\/v2\/types\/page"}],"author":[{"embeddable":true,"href":"https:\/\/www.photostory.dk\/index.php?rest_route=\/wp\/v2\/users\/1"}],"replies":[{"embeddable":true,"href":"https:\/\/www.photostory.dk\/index.php?rest_route=%2Fwp%2Fv2%2Fcomments&post=1430"}],"version-history":[{"count":1,"href":"https:\/\/www.photostory.dk\/index.php?rest_route=\/wp\/v2\/pages\/1430\/revisions"}],"predecessor-version":[{"id":1432,"href":"https:\/\/www.photostory.dk\/index.php?rest_route=\/wp\/v2\/pages\/1430\/revisions\/1432"}],"wp:attachment":[{"href":"https:\/\/www.photostory.dk\/index.php?rest_route=%2Fwp%2Fv2%2Fmedia&parent=1430"}],"curies":[{"name":"wp","href":"https:\/\/api.w.org\/{rel}","templated":true}]}}