{"id":1419,"date":"2017-01-06T22:48:28","date_gmt":"2017-01-06T22:48:28","guid":{"rendered":"http:\/\/photostory.dk\/?page_id=1419"},"modified":"2017-01-06T22:48:28","modified_gmt":"2017-01-06T22:48:28","slug":"udby-kirke-og-omegn-i-naerheden-af-vordingborg","status":"publish","type":"page","link":"https:\/\/www.photostory.dk\/?page_id=1419","title":{"rendered":"Udby Kirke og omegn i n\u00e6rheden af Vordingborg"},"content":{"rendered":"<p style=\"text-align: center;\"><a href=\"http:\/\/photostory.dk\/wp-content\/uploads\/2017\/01\/udby-kirke-omegn.jpg\"><img decoding=\"async\" loading=\"lazy\" class=\"size-large wp-image-1421 aligncenter\" src=\"http:\/\/photostory.dk\/wp-content\/uploads\/2017\/01\/udby-kirke-omegn-1024x719.jpg\" alt=\"\" width=\"660\" height=\"463\" srcset=\"https:\/\/www.photostory.dk\/wp-content\/uploads\/2017\/01\/udby-kirke-omegn-1024x719.jpg 1024w, https:\/\/www.photostory.dk\/wp-content\/uploads\/2017\/01\/udby-kirke-omegn-295x207.jpg 295w, https:\/\/www.photostory.dk\/wp-content\/uploads\/2017\/01\/udby-kirke-omegn-768x539.jpg 768w, https:\/\/www.photostory.dk\/wp-content\/uploads\/2017\/01\/udby-kirke-omegn.jpg 1310w\" sizes=\"(max-width: 660px) 100vw, 660px\" \/><\/a>Udby Kirke og omegn i n\u00e6rheden af Vordingborg<\/p>\n<p>Udby Kirke og omegn i n\u00e6rheden af Vordingborg.\u00a0I Udby Pr\u00e6steg\u00e5rd f\u00f8dtes <a href=\"http:\/\/photostory.dk\/?page_id=1423\">Nicolai Frederik Severin Grundtvig<\/a> den 8. September 1783.<\/p>\n<p>Udby kirke er en typisk dansk landsbykirke bygget ca. 1150. Den ligger h\u00f8jt omgivet af store tr\u00e6er. Den er hvidkalket og har et kamtakket kraftigt t\u00e5rn.<\/p>\n","protected":false},"excerpt":{"rendered":"<p>Udby Kirke og omegn i n\u00e6rheden af Vordingborg Udby Kirke og omegn i n\u00e6rheden af Vordingborg.\u00a0I Udby Pr\u00e6steg\u00e5rd f\u00f8dtes Nicolai Frederik Severin Grundtvig den 8. September 1783. Udby kirke er en typisk dansk landsbykirke bygget ca. 1150. Den ligger h\u00f8jt omgivet af store tr\u00e6er. Den er hvidkalket og har et kamtakket kraftigt t\u00e5rn.<\/p>\n","protected":false},"author":1,"featured_media":0,"parent":0,"menu_order":0,"comment_status":"closed","ping_status":"closed","template":"","meta":[],"_links":{"self":[{"href":"https:\/\/www.photostory.dk\/index.php?rest_route=\/wp\/v2\/pages\/1419"}],"collection":[{"href":"https:\/\/www.photostory.dk\/index.php?rest_route=\/wp\/v2\/pages"}],"about":[{"href":"https:\/\/www.photostory.dk\/index.php?rest_route=\/wp\/v2\/types\/page"}],"author":[{"embeddable":true,"href":"https:\/\/www.photostory.dk\/index.php?rest_route=\/wp\/v2\/users\/1"}],"replies":[{"embeddable":true,"href":"https:\/\/www.photostory.dk\/index.php?rest_route=%2Fwp%2Fv2%2Fcomments&post=1419"}],"version-history":[{"count":3,"href":"https:\/\/www.photostory.dk\/index.php?rest_route=\/wp\/v2\/pages\/1419\/revisions"}],"predecessor-version":[{"id":1426,"href":"https:\/\/www.photostory.dk\/index.php?rest_route=\/wp\/v2\/pages\/1419\/revisions\/1426"}],"wp:attachment":[{"href":"https:\/\/www.photostory.dk\/index.php?rest_route=%2Fwp%2Fv2%2Fmedia&parent=1419"}],"curies":[{"name":"wp","href":"https:\/\/api.w.org\/{rel}","templated":true}]}}