{"id":1358,"date":"2017-01-05T22:51:44","date_gmt":"2017-01-05T22:51:44","guid":{"rendered":"http:\/\/photostory.dk\/?page_id=1358"},"modified":"2017-01-05T23:02:02","modified_gmt":"2017-01-05T23:02:02","slug":"brugsen-i-karlslunde-1981","status":"publish","type":"page","link":"https:\/\/www.photostory.dk\/?page_id=1358","title":{"rendered":"Brugsen Karlslunde M\u00f8llevej i 1981"},"content":{"rendered":"<p style=\"text-align: center;\"><a href=\"http:\/\/photostory.dk\/wp-content\/uploads\/2017\/01\/lb_0011_n.jpg\"><img decoding=\"async\" loading=\"lazy\" class=\"size-full wp-image-1363 aligncenter\" src=\"http:\/\/photostory.dk\/wp-content\/uploads\/2017\/01\/lb_0011_n.jpg\" alt=\"\" width=\"428\" height=\"301\" srcset=\"https:\/\/www.photostory.dk\/wp-content\/uploads\/2017\/01\/lb_0011_n.jpg 428w, https:\/\/www.photostory.dk\/wp-content\/uploads\/2017\/01\/lb_0011_n-295x207.jpg 295w\" sizes=\"(max-width: 428px) 100vw, 428px\" \/><\/a><\/p>\n<p style=\"text-align: center;\">Brugsen i Karlslunde 1981 &#8211; Karlslunde\u00a0M\u00f8llevej 10<\/p>\n<p>Brugsen. I gamle dage var der en mark, der hvor Brugsen nu ligger. Brugsen har ikke altid ligget der hvor den nu ligger. For ca. 75 \u00e5r siden l\u00e5 der nogle gamle huse der hvor Brugsen nu er. I dag har Brugsen mellem 7000 &#8211; 8000 forskellige ting at s\u00e6lge. De s\u00e6lger for ca. 13000000 kr. om \u00e5ret. Der er ansat 20 personer til at arbejde i Brugsen.\u00a0I fremtiden vil der nok komme til at ligge et center eller en fabrik eller en arbejdsplads, der hvor Brugsen nu ligger.<\/p>\n<p><img decoding=\"async\" loading=\"lazy\" class=\"alignnone size-large wp-image-1364 aligncenter\" src=\"http:\/\/photostory.dk\/wp-content\/uploads\/2017\/01\/lb_0012_small-n.jpg\" alt=\"\" width=\"286\" height=\"105\" \/><\/p>\n<p>\u00bbKarlslunde f\u00f8r og nu \u2013 og lidt om fremtiden\u00ab er titlen p\u00e5 et undervisningsforl\u00f8b, som en 4. klasse med stor dygtighed udf\u00f8rte p\u00e5 Karlslunde Skole i Greve Kommune i slutningen af \u00e5ret 1981. Se mere om undervisningsforl\u00f8bet <a href=\"http:\/\/photostory.dk\/?page_id=297\">her!<\/a><\/p>\n<p style=\"text-align: center;\"><a href=\"http:\/\/photostory.dk\/?page_id=289\">Oversigt over \u00bbKarlslunde f\u00f8r og nu \u2013 og lidt om fremtiden\u00ab 1981<\/a><\/p>\n","protected":false},"excerpt":{"rendered":"<p>Brugsen i Karlslunde 1981 &#8211; Karlslunde\u00a0M\u00f8llevej 10 Brugsen. I gamle dage var der en mark, der hvor Brugsen nu ligger. Brugsen har ikke altid ligget der hvor den nu ligger. For ca. 75 \u00e5r siden l\u00e5 der nogle gamle huse der hvor Brugsen nu er. I dag har Brugsen mellem 7000 &#8211; 8000 forskellige ting &hellip; <a href=\"https:\/\/www.photostory.dk\/?page_id=1358\" class=\"more-link\">L\u00e6s mere <span class=\"screen-reader-text\">Brugsen Karlslunde M\u00f8llevej i 1981<\/span><\/a><\/p>\n","protected":false},"author":1,"featured_media":0,"parent":0,"menu_order":0,"comment_status":"closed","ping_status":"closed","template":"","meta":[],"_links":{"self":[{"href":"https:\/\/www.photostory.dk\/index.php?rest_route=\/wp\/v2\/pages\/1358"}],"collection":[{"href":"https:\/\/www.photostory.dk\/index.php?rest_route=\/wp\/v2\/pages"}],"about":[{"href":"https:\/\/www.photostory.dk\/index.php?rest_route=\/wp\/v2\/types\/page"}],"author":[{"embeddable":true,"href":"https:\/\/www.photostory.dk\/index.php?rest_route=\/wp\/v2\/users\/1"}],"replies":[{"embeddable":true,"href":"https:\/\/www.photostory.dk\/index.php?rest_route=%2Fwp%2Fv2%2Fcomments&post=1358"}],"version-history":[{"count":6,"href":"https:\/\/www.photostory.dk\/index.php?rest_route=\/wp\/v2\/pages\/1358\/revisions"}],"predecessor-version":[{"id":1367,"href":"https:\/\/www.photostory.dk\/index.php?rest_route=\/wp\/v2\/pages\/1358\/revisions\/1367"}],"wp:attachment":[{"href":"https:\/\/www.photostory.dk\/index.php?rest_route=%2Fwp%2Fv2%2Fmedia&parent=1358"}],"curies":[{"name":"wp","href":"https:\/\/api.w.org\/{rel}","templated":true}]}}