{"id":1356,"date":"2017-01-06T07:39:16","date_gmt":"2017-01-06T07:39:16","guid":{"rendered":"http:\/\/photostory.dk\/?page_id=1356"},"modified":"2017-01-06T07:39:16","modified_gmt":"2017-01-06T07:39:16","slug":"om-moellen-i-karlslunde-1981","status":"publish","type":"page","link":"https:\/\/www.photostory.dk\/?page_id=1356","title":{"rendered":"Om m\u00f8llen i Karlslunde 1981"},"content":{"rendered":"<p style=\"text-align: center;\"><a href=\"http:\/\/photostory.dk\/wp-content\/uploads\/2017\/01\/karlslunde_small.jpg\"><img decoding=\"async\" loading=\"lazy\" class=\"size-full wp-image-1371 aligncenter\" src=\"http:\/\/photostory.dk\/wp-content\/uploads\/2017\/01\/karlslunde_small.jpg\" alt=\"\" width=\"550\" height=\"771\" srcset=\"https:\/\/www.photostory.dk\/wp-content\/uploads\/2017\/01\/karlslunde_small.jpg 550w, https:\/\/www.photostory.dk\/wp-content\/uploads\/2017\/01\/karlslunde_small-157x220.jpg 157w\" sizes=\"(max-width: 550px) 100vw, 550px\" \/><\/a>Om m\u00f8llen i Karlslunde 1981 &#8211;\u00a0M\u00f8llevej 15 2690 Karlslunde<\/p>\n<p>Om m\u00f8llen. I gamle dage blev m\u00f8llen brugt og benyttet af den mand der ejede den. Manden malede korn.\u00a0I dag bor der gamle mennesker. M\u00f8llehaven er opkaldt af m\u00f8llen og derfor er m\u00f8llen popul\u00e6r.\u00a0I fremtiden bliver bliver den moderniseret eller revet ned.<\/p>\n<p>\u00bbKarlslunde f\u00f8r og nu \u2013 og lidt om fremtiden\u00ab er titlen p\u00e5 et undervisningsforl\u00f8b, som en 4. klasse med stor dygtighed udf\u00f8rte p\u00e5 Karlslunde Skole i Greve Kommune i slutningen af \u00e5ret 1981. Se mere om undervisningsforl\u00f8bet <a href=\"http:\/\/photostory.dk\/?page_id=297\">her!<\/a><\/p>\n<p style=\"text-align: center;\"><a href=\"http:\/\/photostory.dk\/?page_id=289\">Oversigt over \u00bbKarlslunde f\u00f8r og nu \u2013 og lidt om fremtiden\u00ab 1981<\/a><\/p>\n","protected":false},"excerpt":{"rendered":"<p>Om m\u00f8llen i Karlslunde 1981 &#8211;\u00a0M\u00f8llevej 15 2690 Karlslunde Om m\u00f8llen. I gamle dage blev m\u00f8llen brugt og benyttet af den mand der ejede den. Manden malede korn.\u00a0I dag bor der gamle mennesker. M\u00f8llehaven er opkaldt af m\u00f8llen og derfor er m\u00f8llen popul\u00e6r.\u00a0I fremtiden bliver bliver den moderniseret eller revet ned. \u00bbKarlslunde f\u00f8r og nu &hellip; <a href=\"https:\/\/www.photostory.dk\/?page_id=1356\" class=\"more-link\">L\u00e6s mere <span class=\"screen-reader-text\">Om m\u00f8llen i Karlslunde 1981<\/span><\/a><\/p>\n","protected":false},"author":1,"featured_media":0,"parent":0,"menu_order":0,"comment_status":"closed","ping_status":"closed","template":"","meta":[],"_links":{"self":[{"href":"https:\/\/www.photostory.dk\/index.php?rest_route=\/wp\/v2\/pages\/1356"}],"collection":[{"href":"https:\/\/www.photostory.dk\/index.php?rest_route=\/wp\/v2\/pages"}],"about":[{"href":"https:\/\/www.photostory.dk\/index.php?rest_route=\/wp\/v2\/types\/page"}],"author":[{"embeddable":true,"href":"https:\/\/www.photostory.dk\/index.php?rest_route=\/wp\/v2\/users\/1"}],"replies":[{"embeddable":true,"href":"https:\/\/www.photostory.dk\/index.php?rest_route=%2Fwp%2Fv2%2Fcomments&post=1356"}],"version-history":[{"count":2,"href":"https:\/\/www.photostory.dk\/index.php?rest_route=\/wp\/v2\/pages\/1356\/revisions"}],"predecessor-version":[{"id":1372,"href":"https:\/\/www.photostory.dk\/index.php?rest_route=\/wp\/v2\/pages\/1356\/revisions\/1372"}],"wp:attachment":[{"href":"https:\/\/www.photostory.dk\/index.php?rest_route=%2Fwp%2Fv2%2Fmedia&parent=1356"}],"curies":[{"name":"wp","href":"https:\/\/api.w.org\/{rel}","templated":true}]}}