{"id":1354,"date":"2017-01-06T17:02:38","date_gmt":"2017-01-06T17:02:38","guid":{"rendered":"http:\/\/photostory.dk\/?page_id=1354"},"modified":"2017-01-06T17:02:38","modified_gmt":"2017-01-06T17:02:38","slug":"den-gamle-skole-og-jaegerstraede-i-karlslunde-1981","status":"publish","type":"page","link":"https:\/\/www.photostory.dk\/?page_id=1354","title":{"rendered":"Den gamle skole og J\u00e6gerstr\u00e6de i Karlslunde 1981"},"content":{"rendered":"<p><a href=\"http:\/\/photostory.dk\/wp-content\/uploads\/2017\/01\/karlslunde_0002_small-1.jpg\"><img decoding=\"async\" loading=\"lazy\" class=\"size-full wp-image-1377 aligncenter\" src=\"http:\/\/photostory.dk\/wp-content\/uploads\/2017\/01\/karlslunde_0002_small-1.jpg\" alt=\"\" width=\"550\" height=\"776\" srcset=\"https:\/\/www.photostory.dk\/wp-content\/uploads\/2017\/01\/karlslunde_0002_small-1.jpg 550w, https:\/\/www.photostory.dk\/wp-content\/uploads\/2017\/01\/karlslunde_0002_small-1-156x220.jpg 156w\" sizes=\"(max-width: 550px) 100vw, 550px\" \/><\/a><\/p>\n<p style=\"text-align: center;\">Den gamle skole og J\u00e6gerstr\u00e6de i Karlslunde 1981<\/p>\n<p style=\"text-align: left;\">Gl. skole ved kirken. Hovedgaden 22 og J\u00e6gerstr\u00e6de 2690 Karlslunde.\u00a0Den gamle skole ved Karlslunde Kirke og huse p\u00e5 J\u00e6gerstr\u00e6de<\/p>\n<p>\u00bbKarlslunde f\u00f8r og nu \u2013 og lidt om fremtiden\u00ab er titlen p\u00e5 et undervisningsforl\u00f8b, som en 4. klasse med stor dygtighed udf\u00f8rte p\u00e5 Karlslunde Skole i Greve Kommune i slutningen af \u00e5ret 1981. Se mere om undervisningsforl\u00f8bet <a href=\"http:\/\/photostory.dk\/?page_id=297\">her!<\/a><\/p>\n<p style=\"text-align: center;\"><a href=\"http:\/\/photostory.dk\/?page_id=289\">Oversigt over \u00bbKarlslunde f\u00f8r og nu \u2013 og lidt om fremtiden\u00ab 1981<\/a><\/p>\n","protected":false},"excerpt":{"rendered":"<p>Den gamle skole og J\u00e6gerstr\u00e6de i Karlslunde 1981 Gl. skole ved kirken. Hovedgaden 22 og J\u00e6gerstr\u00e6de 2690 Karlslunde.\u00a0Den gamle skole ved Karlslunde Kirke og huse p\u00e5 J\u00e6gerstr\u00e6de \u00bbKarlslunde f\u00f8r og nu \u2013 og lidt om fremtiden\u00ab er titlen p\u00e5 et undervisningsforl\u00f8b, som en 4. klasse med stor dygtighed udf\u00f8rte p\u00e5 Karlslunde Skole i Greve Kommune &hellip; <a href=\"https:\/\/www.photostory.dk\/?page_id=1354\" class=\"more-link\">L\u00e6s mere <span class=\"screen-reader-text\">Den gamle skole og J\u00e6gerstr\u00e6de i Karlslunde 1981<\/span><\/a><\/p>\n","protected":false},"author":1,"featured_media":0,"parent":0,"menu_order":0,"comment_status":"closed","ping_status":"closed","template":"","meta":[],"_links":{"self":[{"href":"https:\/\/www.photostory.dk\/index.php?rest_route=\/wp\/v2\/pages\/1354"}],"collection":[{"href":"https:\/\/www.photostory.dk\/index.php?rest_route=\/wp\/v2\/pages"}],"about":[{"href":"https:\/\/www.photostory.dk\/index.php?rest_route=\/wp\/v2\/types\/page"}],"author":[{"embeddable":true,"href":"https:\/\/www.photostory.dk\/index.php?rest_route=\/wp\/v2\/users\/1"}],"replies":[{"embeddable":true,"href":"https:\/\/www.photostory.dk\/index.php?rest_route=%2Fwp%2Fv2%2Fcomments&post=1354"}],"version-history":[{"count":3,"href":"https:\/\/www.photostory.dk\/index.php?rest_route=\/wp\/v2\/pages\/1354\/revisions"}],"predecessor-version":[{"id":1396,"href":"https:\/\/www.photostory.dk\/index.php?rest_route=\/wp\/v2\/pages\/1354\/revisions\/1396"}],"wp:attachment":[{"href":"https:\/\/www.photostory.dk\/index.php?rest_route=%2Fwp%2Fv2%2Fmedia&parent=1354"}],"curies":[{"name":"wp","href":"https:\/\/api.w.org\/{rel}","templated":true}]}}