{"id":1352,"date":"2017-01-06T16:59:50","date_gmt":"2017-01-06T16:59:50","guid":{"rendered":"http:\/\/photostory.dk\/?page_id=1352"},"modified":"2017-04-03T18:01:53","modified_gmt":"2017-04-03T18:01:53","slug":"karlslunde-kirke-hovedgaden-24-2690-karlslunde","status":"publish","type":"page","link":"https:\/\/www.photostory.dk\/?page_id=1352","title":{"rendered":"Karlslunde Kirke Hovedgaden 24, 2690 Karlslunde"},"content":{"rendered":"<p style=\"text-align: center;\"><a href=\"http:\/\/photostory.dk\/wp-content\/uploads\/2017\/01\/karlslunde_kirke.jpg\"><img decoding=\"async\" loading=\"lazy\" class=\"size-full wp-image-1379 aligncenter\" src=\"http:\/\/photostory.dk\/wp-content\/uploads\/2017\/01\/karlslunde_kirke.jpg\" alt=\"\" width=\"410\" height=\"291\" srcset=\"https:\/\/www.photostory.dk\/wp-content\/uploads\/2017\/01\/karlslunde_kirke.jpg 410w, https:\/\/www.photostory.dk\/wp-content\/uploads\/2017\/01\/karlslunde_kirke-295x209.jpg 295w\" sizes=\"(max-width: 410px) 100vw, 410px\" \/><\/a><\/p>\n<p style=\"text-align: center;\">Karlslunde Kirke Hovedgaden 24, 2690 Karlslunde<\/p>\n<p>I dag kan man komme over ved kirken og se p\u00e5 grave, men man kan ogs\u00e5 komme ind i kirken og synge.\u00a0I gamle dage har kirken altid v\u00e6ret kirke, men det hus ved siden af har v\u00e6ret en skole for unge.\u00a0I fremtiden s\u00e5 tror jeg stadigv\u00e6k, at der vil v\u00e6re det samme.<\/p>\n<p>\u00bbKarlslunde f\u00f8r og nu \u2013 og lidt om fremtiden\u00ab er titlen p\u00e5 et undervisningsforl\u00f8b, som en 4. klasse med stor dygtighed udf\u00f8rte p\u00e5 Karlslunde Skole i Greve Kommune i slutningen af \u00e5ret 1981. Se mere om undervisningsforl\u00f8bet <a href=\"http:\/\/photostory.dk\/?page_id=297\">her!<\/a><\/p>\n<p style=\"text-align: center;\"><a href=\"http:\/\/photostory.dk\/?page_id=289\">Oversigt over \u00bbKarlslunde f\u00f8r og nu \u2013 og lidt om fremtiden\u00ab 1981<\/a><\/p>\n","protected":false},"excerpt":{"rendered":"<p>Karlslunde Kirke Hovedgaden 24, 2690 Karlslunde I dag kan man komme over ved kirken og se p\u00e5 grave, men man kan ogs\u00e5 komme ind i kirken og synge.\u00a0I gamle dage har kirken altid v\u00e6ret kirke, men det hus ved siden af har v\u00e6ret en skole for unge.\u00a0I fremtiden s\u00e5 tror jeg stadigv\u00e6k, at der vil &hellip; <a href=\"https:\/\/www.photostory.dk\/?page_id=1352\" class=\"more-link\">L\u00e6s mere <span class=\"screen-reader-text\">Karlslunde Kirke Hovedgaden 24, 2690 Karlslunde<\/span><\/a><\/p>\n","protected":false},"author":1,"featured_media":0,"parent":0,"menu_order":0,"comment_status":"closed","ping_status":"closed","template":"","meta":[],"_links":{"self":[{"href":"https:\/\/www.photostory.dk\/index.php?rest_route=\/wp\/v2\/pages\/1352"}],"collection":[{"href":"https:\/\/www.photostory.dk\/index.php?rest_route=\/wp\/v2\/pages"}],"about":[{"href":"https:\/\/www.photostory.dk\/index.php?rest_route=\/wp\/v2\/types\/page"}],"author":[{"embeddable":true,"href":"https:\/\/www.photostory.dk\/index.php?rest_route=\/wp\/v2\/users\/1"}],"replies":[{"embeddable":true,"href":"https:\/\/www.photostory.dk\/index.php?rest_route=%2Fwp%2Fv2%2Fcomments&post=1352"}],"version-history":[{"count":4,"href":"https:\/\/www.photostory.dk\/index.php?rest_route=\/wp\/v2\/pages\/1352\/revisions"}],"predecessor-version":[{"id":3667,"href":"https:\/\/www.photostory.dk\/index.php?rest_route=\/wp\/v2\/pages\/1352\/revisions\/3667"}],"wp:attachment":[{"href":"https:\/\/www.photostory.dk\/index.php?rest_route=%2Fwp%2Fv2%2Fmedia&parent=1352"}],"curies":[{"name":"wp","href":"https:\/\/api.w.org\/{rel}","templated":true}]}}