{"id":1350,"date":"2017-01-06T16:57:12","date_gmt":"2017-01-06T16:57:12","guid":{"rendered":"http:\/\/photostory.dk\/?page_id=1350"},"modified":"2017-01-06T16:57:30","modified_gmt":"2017-01-06T16:57:30","slug":"karlslundegaarden-1981-karlslunde-landevej-34","status":"publish","type":"page","link":"https:\/\/www.photostory.dk\/?page_id=1350","title":{"rendered":"Karlslundeg\u00e5rden 1981 Karlslunde Landevej 34"},"content":{"rendered":"<p style=\"text-align: center;\"><a href=\"http:\/\/photostory.dk\/wp-content\/uploads\/2017\/01\/karlslunde_0004-002.jpg\"><img decoding=\"async\" loading=\"lazy\" class=\"wp-image-1387 aligncenter\" src=\"http:\/\/photostory.dk\/wp-content\/uploads\/2017\/01\/karlslunde_0004-002-743x1024.jpg\" width=\"550\" height=\"758\" srcset=\"https:\/\/www.photostory.dk\/wp-content\/uploads\/2017\/01\/karlslunde_0004-002.jpg 743w, https:\/\/www.photostory.dk\/wp-content\/uploads\/2017\/01\/karlslunde_0004-002-160x220.jpg 160w\" sizes=\"(max-width: 550px) 100vw, 550px\" \/><\/a>Karlslundeg\u00e5rden 1981\u00a0Karlslunde Landevej 34, 2690 Karlslunde<\/p>\n<p>I gamle dage var Karlslundeg\u00e5rden et f\u00e6stegods. I 1798 blev der bygget store nye landbrug. I 1824 br\u00e6ndte g\u00e5rden for f\u00f8rste gang.\u00a0I dag bliver Karlslundeg\u00e5rden brugt til rideskole.\u00a0I fremtiden vil den sikkert fortsat blive brugt til rideskole.<\/p>\n<p>\u00bbKarlslunde f\u00f8r og nu \u2013 og lidt om fremtiden\u00ab er titlen p\u00e5 et undervisningsforl\u00f8b, som en 4. klasse med stor dygtighed udf\u00f8rte p\u00e5 Karlslunde Skole i Greve Kommune i slutningen af \u00e5ret 1981. Se mere om undervisningsforl\u00f8bet <a href=\"http:\/\/photostory.dk\/?page_id=297\">her!<\/a><\/p>\n<p style=\"text-align: center;\"><a href=\"http:\/\/photostory.dk\/?page_id=289\">Oversigt over \u00bbKarlslunde f\u00f8r og nu \u2013 og lidt om fremtiden\u00ab 1981<\/a><\/p>\n","protected":false},"excerpt":{"rendered":"<p>Karlslundeg\u00e5rden 1981\u00a0Karlslunde Landevej 34, 2690 Karlslunde I gamle dage var Karlslundeg\u00e5rden et f\u00e6stegods. I 1798 blev der bygget store nye landbrug. I 1824 br\u00e6ndte g\u00e5rden for f\u00f8rste gang.\u00a0I dag bliver Karlslundeg\u00e5rden brugt til rideskole.\u00a0I fremtiden vil den sikkert fortsat blive brugt til rideskole. \u00bbKarlslunde f\u00f8r og nu \u2013 og lidt om fremtiden\u00ab er titlen p\u00e5 &hellip; <a href=\"https:\/\/www.photostory.dk\/?page_id=1350\" class=\"more-link\">L\u00e6s mere <span class=\"screen-reader-text\">Karlslundeg\u00e5rden 1981 Karlslunde Landevej 34<\/span><\/a><\/p>\n","protected":false},"author":1,"featured_media":0,"parent":0,"menu_order":0,"comment_status":"closed","ping_status":"closed","template":"","meta":[],"_links":{"self":[{"href":"https:\/\/www.photostory.dk\/index.php?rest_route=\/wp\/v2\/pages\/1350"}],"collection":[{"href":"https:\/\/www.photostory.dk\/index.php?rest_route=\/wp\/v2\/pages"}],"about":[{"href":"https:\/\/www.photostory.dk\/index.php?rest_route=\/wp\/v2\/types\/page"}],"author":[{"embeddable":true,"href":"https:\/\/www.photostory.dk\/index.php?rest_route=\/wp\/v2\/users\/1"}],"replies":[{"embeddable":true,"href":"https:\/\/www.photostory.dk\/index.php?rest_route=%2Fwp%2Fv2%2Fcomments&post=1350"}],"version-history":[{"count":5,"href":"https:\/\/www.photostory.dk\/index.php?rest_route=\/wp\/v2\/pages\/1350\/revisions"}],"predecessor-version":[{"id":1394,"href":"https:\/\/www.photostory.dk\/index.php?rest_route=\/wp\/v2\/pages\/1350\/revisions\/1394"}],"wp:attachment":[{"href":"https:\/\/www.photostory.dk\/index.php?rest_route=%2Fwp%2Fv2%2Fmedia&parent=1350"}],"curies":[{"name":"wp","href":"https:\/\/api.w.org\/{rel}","templated":true}]}}